{"id":7172,"date":"2022-11-16T12:56:08","date_gmt":"2022-11-16T12:56:08","guid":{"rendered":"https:\/\/mwf-morocco.com\/?post_type=product&#038;p=7172"},"modified":"2022-12-13T13:05:46","modified_gmt":"2022-12-13T13:05:46","slug":"spark","status":"publish","type":"product","link":"https:\/\/mwf-morocco.com\/en\/product\/spark\/","title":{"rendered":"SPARK"},"content":{"rendered":"<section class=\"wpb-content-wrapper\"><p>[vc_row woodmart_css_id=&#8221;6380db64924c3&#8243; responsive_spacing=&#8221;eyJwYXJhbV90eXBlIjoid29vZG1hcnRfcmVzcG9uc2l2ZV9zcGFjaW5nIiwic2VsZWN0b3JfaWQiOiI2MzgwZGI2NDkyNGMzIiwic2hvcnRjb2RlIjoidmNfcm93IiwiZGF0YSI6eyJ0YWJsZXQiOnt9LCJtb2JpbGUiOnt9fX0=&#8221; mobile_bg_img_hidden=&#8221;no&#8221; tablet_bg_img_hidden=&#8221;no&#8221; woodmart_parallax=&#8221;0&#8243; woodmart_gradient_switch=&#8221;no&#8221; woodmart_box_shadow=&#8221;no&#8221; wd_z_index=&#8221;no&#8221; woodmart_disable_overflow=&#8221;0&#8243; row_reverse_mobile=&#8221;0&#8243; row_reverse_tablet=&#8221;0&#8243;][vc_column]\n\t\t<div id=\"wd-637e341d284e0\" class=\"wd-accordion wd-wpb wd-rs-637e341d284e0  wd-style-default\" data-state=\"first\">\n\t\t\t\t\t\t\t\n\t\t\t\t\n\t\t\t\t<div class=\"wd-accordion-item\">\n\t\t\t\t\t<div class=\"wd-accordion-title wd-active font-primary wd-fontsize-s text-left wd-opener-pos-left wd-font-weight-600\" data-accordion-index=\"0\">\n\t\t\t\t\t\t<div class=\"wd-accordion-title-text\">\n\t\t\t\t\t\t\t\t\t\t\t\t\t\t<span>\n\t\t\t\t\t\t\t\tGeneral Features\t\t\t\t\t\t\t<\/span>\n\t\t\t\t\t\t<\/div>\n\t\t\t\t\t\t<span class=\"wd-accordion-opener wd-opener-style-arrow\"><\/span>\n\t\t\t\t\t<\/div>\n\n\t\t\t\t\t<div class=\"wd-accordion-content reset-last-child wd-active\" data-accordion-index=\"0\">\n\t\t\t\t\t\t\t\t\t\t\t\t\t\n<div class=\"container\">\n<h3>Gold &amp; Treasures Detector\u201d Spark device works on the long distance sensing system (LDS)<\/h3>\n<blockquote><p>\nEl dispositivo SPARK se caracteriza por su alta precisi\u00f3n de ondas de frecuencia que le permiten localizar y detectar las ubicaciones de objetivos subterr\u00e1neos de oro, tesoros y vac\u00edos con gran precisi\u00f3n, ya que el dispositivo puede localizar objetivos a una distancia de 200 metros frente a un \u00e1ngulo de 360 grados con la caracter\u00edstica de control preciso de la distancia de b\u00fasqueda frontal, donde hay varios Niveles para el escaneo frontal que el usuario puede ajustar seg\u00fan su necesidad de escaneo frontal.<br \/>\nLa profundidad de b\u00fasqueda en el dispositivo Spark alcanza los 10 metros por debajo de la superficie de la tierra con la posibilidad de un control preciso de las profundidades de b\u00fasqueda desde la interfaz de control del dispositivo. La necesidad de experiencia o conocimiento significativo en detectores.<br \/>\nDetector de oro de largo alcance: el primer dispositivo del mundo en aplicar tecnolog\u00eda de seguimiento y monitoreo autom\u00e1tico para la ubicaci\u00f3n del objetivo, el sistema de identificaci\u00f3n ac\u00fastica para la trayectoria del objetivo, Spark, el dispositivo m\u00e1s peque\u00f1o y f\u00e1cil para detectar oro y tesoros.\n<\/p><\/blockquote>\n<div class=\"row flex-column-reverse flex-lg-row\">\n<div class=\"col-md-6 col-ms-12 \">\n<ul>\n<li>Spark se especializa en la detecci\u00f3n y b\u00fasqueda de oro, minerales enterrados y vac\u00edos subterr\u00e1neos con gran precisi\u00f3n.<\/li>\n<li>Precisi\u00f3n y alta calidad en fabricaci\u00f3n y rendimiento, este dispositivo est\u00e1 fabricado con los mejores pl\u00e1sticos, componentes y circuitos electr\u00f3nicos con especificaciones internacionales.<\/li>\n<li>El dispositivo est\u00e1 respaldado por un panel de control suave con una interfaz clave que funciona presionando y destinos \u00f3pticos, lo que permite al usuario controlar el dispositivo y prepararlo para la b\u00fasqueda con facilidad, y el panel de control consta de lo siguiente:<\/li>\n<\/ul>\n<p>1- Bot\u00f3n de encendido y apagado<br \/>\n2- Bot\u00f3n de control del modo de sonido<br \/>\n3- Bot\u00f3n de selecci\u00f3n del tipo de objetivo<br \/>\n4- Bot\u00f3n de control de profundidad de b\u00fasqueda<br \/>\n5- Bot\u00f3n de control de distancia de b\u00fasqueda frontal<br \/>\n6- Bot\u00f3n Iniciar y finalizar escaneo<\/p>\n<ul>\n<li>Control en 5 modos de volumen adem\u00e1s de un modo silencioso o vibrador.<\/li>\n<li>Indicador luminoso para buscar y se\u00f1alar, y consta de tres niveles.<\/li>\n<li>La luz indicadora de nivel de bater\u00eda, que consta de 3 niveles, indica la capacidad y la capacidad de la bater\u00eda.<\/li>\n<li>Una interfaz \u00f3ptica que muestra los modos de b\u00fasqueda seleccionados de tipo de objetivo, profundidad y distancia.<\/li>\n<li>Lista de objetivos opcional: oro, plata, bronce, espacios en blanco.<\/li>\n<li>La lista de profundidades de b\u00fasqueda opcionales comienza desde 0 y hasta la profundidad especificada: 1 m \u2013 3 m \u2013 5 m \u2013 7 m \u2013 10 m.<\/li>\n<li>La lista de distancias de b\u00fasqueda frontal opcional comienza desde 0 y hasta la distancia especificada: 25 m \u2013 50 m \u2013 100 m \u2013 150 m \u2013 200 m.<\/li>\n<li>Easy to work and to use anyone can use it.<\/li>\n<li>F\u00e1cil de operar y usar, cualquiera puede usar.<\/li>\n<li>El dispositivo se caracteriza por su reducido tama\u00f1o, por lo que puede guardarse en un bolsillo y moverse c\u00f3modamente.<\/li>\n<li>Ligero, que ayuda al usuario a trabajar con \u00e9l sin esfuerzo ni fatiga.<\/li>\n<\/ul>\n<\/div>\n<div class=\"col-md-6 col-ms-12\">\n<div class=\"tab-image\"><img decoding=\"async\" src=\"https:\/\/old.mwf-metaldetectors.com\/wp-content\/uploads\/products\/spark\/en\/big-main-image-en.jpg\" alt=\"spark\" \/><\/div>\n<\/div>\n<\/div>\n<\/div>\n\t\t\t\t\t\t\t\t\t\t\t<\/div>\n\t\t\t\t<\/div>\n\t\t\t\t\t\t\t\n\t\t\t\t\n\t\t\t\t<div class=\"wd-accordion-item\">\n\t\t\t\t\t<div class=\"wd-accordion-title font-primary wd-fontsize-s text-left wd-opener-pos-left wd-font-weight-600\" data-accordion-index=\"1\">\n\t\t\t\t\t\t<div class=\"wd-accordion-title-text\">\n\t\t\t\t\t\t\t\t\t\t\t\t\t\t<span>\n\t\t\t\t\t\t\t\tDetection systems\t\t\t\t\t\t\t<\/span>\n\t\t\t\t\t\t<\/div>\n\t\t\t\t\t\t<span class=\"wd-accordion-opener wd-opener-style-arrow\"><\/span>\n\t\t\t\t\t<\/div>\n\n\t\t\t\t\t<div class=\"wd-accordion-content reset-last-child\" data-accordion-index=\"1\">\n\t\t\t\t\t\t\t\t\t\t\t\t\t\n<div class=\"container\">\n<div class=\"row\">\n<div class=\"col-md-12 col-ms-12\">\n<ul>\n<li>A system of sending and receiving the signal, the advanced and accurate (HSW), which is unique to the MWF Group, through the studies and modern development processes in the signal form and loaded on a path of High sensitivity waves.<\/li>\n<li>Embedded system for sensing and detection, where the device can detect the targets through heading towards to target and is accompanied by acoustic alarm indicator towards the target.<\/li>\n<li>Internal signal filtering systems, to avoid any unexpected errors by isolating all resulting signals from the magnetic effects of soil and metallic rocks.<\/li>\n<li>Automatic Tuning System (ATS) works with all types of terrain and rocky soil, mountainous, sandy, and clay.<\/li>\n<\/ul>\n<\/div>\n<\/div>\n<div class=\"row\">\n<div class=\"col-md-6 col-ms-12\">\n<div class=\"tab-image\"><img decoding=\"async\" src=\"https:\/\/old.mwf-metaldetectors.com\/wp-content\/uploads\/products\/spark\/en\/3.jpg\" alt=\"\" \/><\/div>\n<\/div>\n<div class=\"col-md-6 col-ms-12\">\n<div class=\"tab-image\"><img decoding=\"async\" src=\"https:\/\/old.mwf-metaldetectors.com\/wp-content\/uploads\/products\/spark\/en\/4.jpg\" alt=\"\" \/><\/div>\n<\/div>\n<\/div>\n<\/div>\n\t\t\t\t\t\t\t\t\t\t\t<\/div>\n\t\t\t\t<\/div>\n\t\t\t\t\t\t\t\n\t\t\t\t\n\t\t\t\t<div class=\"wd-accordion-item\">\n\t\t\t\t\t<div class=\"wd-accordion-title font-primary wd-fontsize-s text-left wd-opener-pos-left wd-font-weight-600\" data-accordion-index=\"2\">\n\t\t\t\t\t\t<div class=\"wd-accordion-title-text\">\n\t\t\t\t\t\t\t\t\t\t\t\t\t\t<span>\n\t\t\t\t\t\t\t\tTECHNICAL SPECIFICATIONS\t\t\t\t\t\t\t<\/span>\n\t\t\t\t\t\t<\/div>\n\t\t\t\t\t\t<span class=\"wd-accordion-opener wd-opener-style-arrow\"><\/span>\n\t\t\t\t\t<\/div>\n\n\t\t\t\t\t<div class=\"wd-accordion-content reset-last-child\" data-accordion-index=\"2\">\n\t\t\t\t\t\t\t\t\t\t\t\t\t\n<div class=\"container\">\n<table>\n<tbody>\n<tr>\n<th>SEARCH SYSTEM:<\/th>\n<td>long-distance sensing system (LDS)<\/td>\n<\/tr>\n<tr>\n<th>SEARCH PRINCIPLE:<\/th>\n<td>1. Digital Frequency Signal Processing (DFSP) \/ To Receiving Electrostatic Fields of the targets<\/td>\n<\/tr>\n<tr>\n<th>OPERATING PROCESSOR:<\/th>\n<td>M\u0130KROKONTROLLER PIC18<\/td>\n<\/tr>\n<tr>\n<th>OPERATING SEARCH FREQUENCY:<\/th>\n<td>From 1 kHz to 9 kHz<\/td>\n<\/tr>\n<tr>\n<th>POWER:<\/th>\n<td>4 AAA batteries 1.5 volts \/ Equivalent of 6-volt interchangeable<\/td>\n<\/tr>\n<tr>\n<th>POWER CONSUMPTION:<\/th>\n<td>Maximum of consumption 25 mAh<\/td>\n<\/tr>\n<tr>\n<th>BATTERY LIFE:<\/th>\n<td>32 work hours<\/td>\n<\/tr>\n<tr>\n<th>DISPLAY TYPE:<\/th>\n<td>LEDs Interface<\/td>\n<\/tr>\n<tr>\n<th>SPECIALIZED IN DETECTS:<\/th>\n<td>Gold \u2013 Silver \u2013 Bronze \u2013 Caves<\/td>\n<\/tr>\n<tr>\n<th>TARGETS DISCRIMINATION:<\/th>\n<td>Yes<\/td>\n<\/tr>\n<tr>\n<th>TARGET SELECTION SYSTEM:<\/th>\n<td>Yes, can choose the target type before the start search<\/td>\n<\/tr>\n<tr>\n<th>DEPTH SEARCH:<\/th>\n<td>10m, With the controlling system in the depth level<\/td>\n<\/tr>\n<tr>\n<th>DISTANCE SEARCH:<\/th>\n<td>200m, With the controlling system in the distance level<\/td>\n<\/tr>\n<tr>\n<th>RESULTS FEEDBACK:<\/th>\n<td>Through orientation toward the target location accompanied by acoustic Alerts<\/td>\n<\/tr>\n<tr>\n<th>AUTOMATIC SMART GUIDANCE SYSTEM:<\/th>\n<td>Yes, through the Smart LDEs interface to locate the target path.<\/td>\n<\/tr>\n<tr>\n<th>VOICE ALERTS:<\/th>\n<td>Yes<\/td>\n<\/tr>\n<tr>\n<th>VIBRATING ALERT:<\/th>\n<td>Yes<\/td>\n<\/tr>\n<tr>\n<th>OPERATING TEMPERATURE:<\/th>\n<td>From -15\u00b0 C to 60\u00b0 C<\/td>\n<\/tr>\n<tr>\n<th>STORAGE TEMPERATURE:<\/th>\n<td>From -15\u00b0 C to 40\u00b0 C<\/td>\n<\/tr>\n<tr>\n<th>HUMIDITY:<\/th>\n<td>It can be stored and work in the degree rate of air humidity of level 90%.<\/td>\n<\/tr>\n<tr>\n<th>WEIGHT:<\/th>\n<td>Compound: 700 gr \u2013 disjointed in the bag: 1 kg<\/td>\n<\/tr>\n<tr>\n<th>DIMENSIONS:<\/th>\n<td>16X9.5X2.5 cm<\/td>\n<\/tr>\n<tr>\n<th>BAG DIMENSIONS:<\/th>\n<td>20X15X5 cm<\/td>\n<\/tr>\n<\/tbody>\n<\/table>\n<\/div>\n\t\t\t\t\t\t\t\t\t\t\t<\/div>\n\t\t\t\t<\/div>\n\t\t\t\t\t\t\t\n\t\t\t\t\n\t\t\t\t<div class=\"wd-accordion-item\">\n\t\t\t\t\t<div class=\"wd-accordion-title font-primary wd-fontsize-s text-left wd-opener-pos-left wd-font-weight-600\" data-accordion-index=\"3\">\n\t\t\t\t\t\t<div class=\"wd-accordion-title-text\">\n\t\t\t\t\t\t\t\t\t\t\t\t\t\t<span>\n\t\t\t\t\t\t\t\tAccessories\t\t\t\t\t\t\t<\/span>\n\t\t\t\t\t\t<\/div>\n\t\t\t\t\t\t<span class=\"wd-accordion-opener wd-opener-style-arrow\"><\/span>\n\t\t\t\t\t<\/div>\n\n\t\t\t\t\t<div class=\"wd-accordion-content reset-last-child\" data-accordion-index=\"3\">\n\t\t\t\t\t\t\t\t\t\t\t\t\t\n<div class=\"container\">\n<p><strong>Parts &amp; Accessories:<\/strong><\/p>\n<ul>\n<li>The main unit of the device (Search &amp; Control Unit).<\/li>\n<li>Transceiver antenna.<\/li>\n<li>Device Plastic Case (Anti-shock).<\/li>\n<li>Electric Charger.<\/li>\n<li>3-Year Warranty Card.<\/li>\n<li>User\u2019s Guide.<\/li>\n<li>Tutorial DVD.<\/li>\n<\/ul>\n<div class=\"row\">\n<div class=\"col-sm \">\n<p><img decoding=\"async\" loading=\"lazy\" class=\"tab-image mt-5\" src=\"https:\/\/old.mwf-metaldetectors.com\/wp-content\/uploads\/products\/spark\/en\/main-unit-en.jpg\" width=\"497\" height=\"696\" \/><\/p>\n<div class=\"accessories-title text-center \">\n<h5>Main Unit<\/h5>\n<\/div>\n<\/div>\n<div class=\"col-sm \">\n<p><img decoding=\"async\" loading=\"lazy\" class=\"tab-image mt-5\" src=\"https:\/\/old.mwf-metaldetectors.com\/wp-content\/uploads\/products\/spark\/en\/6.jpg\" width=\"497\" height=\"696\" \/><\/p>\n<div class=\"accessories-title text-center \">\n<h5>Transceiver Antenna<\/h5>\n<\/div>\n<\/div>\n<div class=\"col-sm \">\n<p><img decoding=\"async\" loading=\"lazy\" class=\"tab-image mt-5\" src=\"https:\/\/old.mwf-metaldetectors.com\/wp-content\/uploads\/products\/spark\/en\/5.jpg\" width=\"497\" height=\"696\" \/><\/p>\n<div class=\"accessories-title text-center \">\n<h5>Grip<\/h5>\n<\/div>\n<\/div>\n<\/div>\n<\/div>\n\t\t\t\t\t\t\t\t\t\t\t<\/div>\n\t\t\t\t<\/div>\n\t\t\t\t\t\t\t\n\t\t\t\t\n\t\t\t\t<div class=\"wd-accordion-item\">\n\t\t\t\t\t<div class=\"wd-accordion-title font-primary wd-fontsize-s text-left wd-opener-pos-left wd-font-weight-600\" data-accordion-index=\"4\">\n\t\t\t\t\t\t<div class=\"wd-accordion-title-text\">\n\t\t\t\t\t\t\t\t\t\t\t\t\t\t<span>\n\t\t\t\t\t\t\t\tUser manual \t\t\t\t\t\t\t<\/span>\n\t\t\t\t\t\t<\/div>\n\t\t\t\t\t\t<span class=\"wd-accordion-opener wd-opener-style-arrow\"><\/span>\n\t\t\t\t\t<\/div>\n\n\t\t\t\t\t<div class=\"wd-accordion-content reset-last-child\" data-accordion-index=\"4\">\n\t\t\t\t\t\t\t\t\t\t\t\t\t\n<div class=\"container\">\n<div class=\"col-md-12 col-ms-12 user-text\">To read or download the book, click\u00a0<span style=\"color: #0000ff;\"><a style=\"color: #0000ff;\" href=\"https:\/\/mwf-metaldetectors.com\/user-manual\/en\/spark.pdf\" target=\"_blank\" rel=\"noopener\">here<\/a><\/span><\/div>\n<div class=\"col-md-12 col-ms-12 text-center user-img\">\n<div class=\"my-3\"><a href=\"https:\/\/mwf-metaldetectors.com\/user-manual\/en\/spark.pdf\" target=\"_blank\" rel=\"noopener\"><br \/>\n<img decoding=\"async\" class=\"tab-image\" src=\"https:\/\/mwf-metaldetectors.com\/user-manual\/en\/spark.jpg\" alt=\"\" \/><\/a><\/div>\n<\/div>\n<\/div>\n\t\t\t\t\t\t\t\t\t\t\t<\/div>\n\t\t\t\t<\/div>\n\t\t\t\t\t\t\t\t\t\t\t\t\t\t<\/div>\n\n\t\t[\/vc_column][\/vc_row]<\/p>\n<\/section>","protected":false},"excerpt":{"rendered":"<p>[vc_row woodmart_css_id=&#8221;6380db64924c3&#8243; responsive_spacing=&#8221;eyJwYXJhbV90eXBlIjoid29vZG1hcnRfcmVzcG9uc2l2ZV9zcGFjaW5nIiwic2VsZWN0b3JfaWQiOiI2MzgwZGI2NDkyNGMzIiwic2hvcnRjb2RlIjoidmNfcm93IiwiZGF0YSI6eyJ0YWJsZXQiOnt9LCJtb2JpbGUiOnt9fX0=&#8221; mobile_bg_img_hidden=&#8221;no&#8221; tablet_bg_img_hidden=&#8221;no&#8221; woodmart_parallax=&#8221;0&#8243; woodmart_gradient_switch=&#8221;no&#8221; woodmart_box_shadow=&#8221;no&#8221; wd_z_index=&#8221;no&#8221; woodmart_disable_overflow=&#8221;0&#8243; row_reverse_mobile=&#8221;0&#8243; row_reverse_tablet=&#8221;0&#8243;][vc_column][\/vc_column][\/vc_row]<\/p>\n","protected":false},"featured_media":7260,"comment_status":"closed","ping_status":"closed","template":"","meta":[],"product_cat":[73,83,85,74,87],"product_tag":[],"_links":{"self":[{"href":"https:\/\/mwf-morocco.com\/en\/wp-json\/wp\/v3\/product\/7172"}],"collection":[{"href":"https:\/\/mwf-morocco.com\/en\/wp-json\/wp\/v3\/product"}],"about":[{"href":"https:\/\/mwf-morocco.com\/en\/wp-json\/wp\/v2\/types\/product"}],"replies":[{"embeddable":true,"href":"https:\/\/mwf-morocco.com\/en\/wp-json\/wp\/v2\/comments?post=7172"}],"wp:featuredmedia":[{"embeddable":true,"href":"https:\/\/mwf-morocco.com\/en\/wp-json\/wp\/v2\/media\/7260"}],"wp:attachment":[{"href":"https:\/\/mwf-morocco.com\/en\/wp-json\/wp\/v2\/media?parent=7172"}],"wp:term":[{"taxonomy":"product_cat","embeddable":true,"href":"https:\/\/mwf-morocco.com\/en\/wp-json\/wp\/v2\/product_cat?post=7172"},{"taxonomy":"product_tag","embeddable":true,"href":"https:\/\/mwf-morocco.com\/en\/wp-json\/wp\/v2\/product_tag?post=7172"}],"curies":[{"name":"wp","href":"https:\/\/api.w.org\/{rel}","templated":true}]}}