{"id":9738,"date":"2022-10-15T09:04:43","date_gmt":"2022-10-15T09:04:43","guid":{"rendered":"https:\/\/mwf-morocco.com\/?page_id=9738"},"modified":"2022-12-15T08:25:32","modified_gmt":"2022-12-15T08:25:32","slug":"privacy-policy","status":"publish","type":"page","link":"https:\/\/mwf-morocco.com\/fr\/privacy-policy\/","title":{"rendered":"POLITIQUE DE VIE PRIVEE"},"content":{"rendered":"<p>Cette politique de confidentialit\u00e9 r\u00e9git la mani\u00e8re dont MWF DEDEKT\u00d6R ELEKTRON\u0130K TEKNOLOJ\u0130LER\u0130 collecte, utilise, conserve et divulgue les informations collect\u00e9es aupr\u00e8s des utilisateurs (chacun, un \u00ab\u00a0Utilisateur\u00a0\u00bb) du site Web https:\/\/www.mwf-metaldetectors.com (\u00ab\u00a0Site\u00a0\u00bb). . Cette politique de confidentialit\u00e9 s\u2019applique au Site et \u00e0 tous les produits et services propos\u00e9s par MWF DEDEKT\u00d6R ELEKTRON\u0130K TEKNOLOJ\u0130LER\u0130.<\/p>\n<h3>Informations d\u2019identification personnelle<\/h3>\n<p>Nous pouvons collecter des informations d\u2019identification personnelle aupr\u00e8s des utilisateurs de diverses mani\u00e8res, y compris, mais sans s\u2019y limiter, lorsque les utilisateurs visitent notre site, s\u2019inscrivent sur le site, passent une commande, remplissent un formulaire, r\u00e9pondent \u00e0 un sondage et en relation avec autres activit\u00e9s, services, fonctionnalit\u00e9s ou ressources que nous mettons \u00e0 disposition sur notre Site. Il pourra \u00eatre demand\u00e9 aux utilisateurs, selon le cas, nom, adresse e-mail, adresse postale, num\u00e9ro de t\u00e9l\u00e9phone. Les utilisateurs peuvent toutefois visiter notre site de mani\u00e8re anonyme. Nous ne collecterons les informations d\u2019identification personnelle des Utilisateurs que s\u2019ils nous soumettent volontairement ces informations. Les utilisateurs peuvent toujours refuser de fournir des informations d\u2019identification personnelle, sauf que cela peut les emp\u00eacher de s\u2019engager dans certaines activit\u00e9s li\u00e9es au site.<\/p>\n<h3>Informations d\u2019identification non personnelles<\/h3>\n<p>Nous pouvons collecter des informations d\u2019identification non personnelles sur les utilisateurs chaque fois qu\u2019ils interagissent avec notre site. Les informations d\u2019identification non personnelles peuvent inclure le nom du navigateur, le type d\u2019ordinateur et des informations techniques sur les moyens de connexion des utilisateurs \u00e0 notre site, tels que le syst\u00e8me d\u2019exploitation et les fournisseurs de services Internet utilis\u00e9s et d\u2019autres informations similaires.<\/p>\n<h3>Cookies du navigateur Web<\/h3>\n<p>Notre site peut utiliser des \u00ab cookies \u00bb pour am\u00e9liorer l\u2019exp\u00e9rience utilisateur. Le navigateur Web de l\u2019utilisateur place des cookies sur son disque dur \u00e0 des fins d\u2019enregistrement et parfois pour suivre les informations les concernant. L\u2019utilisateur peut choisir de configurer son navigateur Web pour refuser les cookies ou pour vous alerter lorsque des cookies sont envoy\u00e9s. S\u2019ils le font, notez que certaines parties du site peuvent ne pas fonctionner correctement.<\/p>\n<h3>Comment nous utilisons les informations collect\u00e9es<\/h3>\n<p>MWF DEDEKT\u00d6R ELEKTRON\u0130K TEKNOLOJ\u0130LER\u0130 peut collecter et utiliser les informations personnelles des Utilisateurs aux fins suivantes\u00a0:<\/p>\n<ul>\n<li><i>Pour g\u00e9rer et exploiter notre Site<\/i>\u00a0Nous pouvons avoir besoin de vos informations pour afficher correctement le contenu du site.<\/li>\n<li><i>Am\u00e9liorer le service client<\/i>\u00a0Les informations que vous fournissez nous aident \u00e0 r\u00e9pondre plus efficacement \u00e0 vos demandes de service client et \u00e0 vos besoins d\u2019assistance.<\/li>\n<li><i>Pour traiter les paiements<\/i>\u00a0Nous pouvons utiliser les informations fournies par les utilisateurs sur eux-m\u00eames lors de la passation d\u2019une commande uniquement pour fournir un service \u00e0 cette commande. Nous ne partageons pas ces informations avec des tiers, sauf dans la mesure n\u00e9cessaire pour fournir le service.<\/li>\n<li><i>Pour g\u00e9rer les avis et les notes sur les produits<\/i>\u00a0Nous pouvons faire appel \u00e0 des prestataires de services tiers pour nous aider \u00e0 g\u00e9rer les avis sur les produits et les \u00e9valuations laiss\u00e9s par les utilisateurs.<\/li>\n<li><i>Pour envoyer des e-mails p\u00e9riodiques<\/i>\u00a0Nous pouvons utiliser l\u2019adresse e-mail pour envoyer des informations \u00e0 l\u2019utilisateur et des mises \u00e0 jour relatives \u00e0 sa commande. Il peut \u00e9galement \u00eatre utilis\u00e9 pour r\u00e9pondre \u00e0 leurs demandes, questions et\/ou autres demandes.<\/li>\n<\/ul>\n<h3>Comment nous prot\u00e9geons vos informations<\/h3>\n<p>Nous adoptons des pratiques appropri\u00e9es de collecte, de stockage et de traitement des donn\u00e9es et des mesures de s\u00e9curit\u00e9 pour prot\u00e9ger contre l\u2019acc\u00e8s non autoris\u00e9, l\u2019alt\u00e9ration, la divulgation ou la destruction de vos informations personnelles, nom d\u2019utilisateur, mot de passe, informations de transaction et donn\u00e9es stock\u00e9es sur notre site. L\u2019\u00e9change de donn\u00e9es sensibles et priv\u00e9es entre le Site et ses Utilisateurs se fait via un canal de communication s\u00e9curis\u00e9 SSL et est crypt\u00e9 et prot\u00e9g\u00e9 par des signatures num\u00e9riques.<\/p>\n<h3>Partage de vos informations personnelles<\/h3>\n<p>Nous ne vendons, n\u2019\u00e9changeons ni ne louons les informations d\u2019identification personnelle des utilisateurs \u00e0 des tiers. Nous pouvons partager des informations d\u00e9mographiques agr\u00e9g\u00e9es g\u00e9n\u00e9riques non li\u00e9es \u00e0 des informations d\u2019identification personnelle concernant les visiteurs et les utilisateurs avec nos partenaires commerciaux, nos affili\u00e9s de confiance et nos annonceurs aux fins d\u00e9crites ci-dessus. Nous pouvons faire appel \u00e0 des prestataires de services tiers pour nous aider \u00e0 exploiter notre entreprise et le site ou administrer des activit\u00e9s en notre nom, telles que l\u2019envoi de newsletters ou d\u2019enqu\u00eates. Nous pouvons partager vos informations avec ces tiers \u00e0 ces fins limit\u00e9es \u00e0 condition que vous nous ayez donn\u00e9 votre permission.<\/p>\n<h3>Bulletins \u00e9lectroniques<\/h3>\n<p>Si l\u2019utilisateur d\u00e9cide de s\u2019inscrire \u00e0 notre liste de diffusion, il recevra des e-mails pouvant inclure des nouvelles de l\u2019entreprise, des mises \u00e0 jour, des informations sur les produits ou services connexes, etc. instructions de d\u00e9sabonnement au bas de chaque e-mail ou l\u2019utilisateur peut nous contacter via notre site. Nous pouvons faire appel \u00e0 des prestataires de services tiers pour nous aider \u00e0 exploiter notre entreprise et le site ou administrer des activit\u00e9s en notre nom, telles que l\u2019envoi de newsletters ou d\u2019enqu\u00eates. Nous pouvons partager vos informations avec ces tiers \u00e0 ces fins limit\u00e9es \u00e0 condition que vous nous ayez donn\u00e9 votre permission.<\/p>\n<h3>Conformit\u00e9 avec la loi sur la protection de la vie priv\u00e9e en ligne des enfants<\/h3>\n<p>La protection de la vie priv\u00e9e des tr\u00e8s jeunes est particuli\u00e8rement importante. Pour cette raison, nous ne recueillons ni ne conservons jamais d\u2019informations sur notre site aupr\u00e8s de personnes dont nous savons qu\u2019elles ont moins de 13 ans, et aucune partie de notre site Web n\u2019est structur\u00e9e pour attirer des personnes de moins de 13 ans.<\/p>\n<h3>Modifications de cette politique de confidentialit\u00e9<\/h3>\n<p>MWF DEDEKT\u00d6R ELEKTRON\u0130K TEKNOLOJ\u0130LER\u0130 a le pouvoir discr\u00e9tionnaire de mettre \u00e0 jour cette politique de confidentialit\u00e9 \u00e0 tout moment. Lorsque nous le ferons, nous publierons une notification sur la page principale de notre site, r\u00e9viserons la date de mise \u00e0 jour au bas de cette page et vous enverrons un e-mail. Nous encourageons les utilisateurs \u00e0 consulter fr\u00e9quemment cette page pour tout changement afin de rester inform\u00e9s de la mani\u00e8re dont nous aidons \u00e0 prot\u00e9ger les informations personnelles que nous collectons. Vous reconnaissez et acceptez qu\u2019il est de votre responsabilit\u00e9 de revoir p\u00e9riodiquement cette politique de confidentialit\u00e9 et de prendre connaissance des modifications.<\/p>\n<h3>Votre acceptation de ces conditions<\/h3>\n<p>En utilisant ce site, vous signifiez votre acceptation de cette politique. Si vous n\u2019acceptez pas cette politique, veuillez ne pas utiliser notre Site. Votre utilisation continue du site apr\u00e8s la publication des modifications apport\u00e9es \u00e0 cette politique sera consid\u00e9r\u00e9e comme votre acceptation de ces modifications.<\/p>\n","protected":false},"excerpt":{"rendered":"<p>Cette politique de confidentialit\u00e9 r\u00e9git la mani\u00e8re dont MWF DEDEKT\u00d6R ELEKTRON\u0130K TEKNOLOJ\u0130LER\u0130 collecte, utilise, conserve et divulgue les informations collect\u00e9es<\/p>\n","protected":false},"author":1,"featured_media":0,"parent":0,"menu_order":0,"comment_status":"closed","ping_status":"open","template":"","meta":[],"acf":[],"_links":{"self":[{"href":"https:\/\/mwf-morocco.com\/fr\/wp-json\/wp\/v2\/pages\/9738"}],"collection":[{"href":"https:\/\/mwf-morocco.com\/fr\/wp-json\/wp\/v2\/pages"}],"about":[{"href":"https:\/\/mwf-morocco.com\/fr\/wp-json\/wp\/v2\/types\/page"}],"author":[{"embeddable":true,"href":"https:\/\/mwf-morocco.com\/fr\/wp-json\/wp\/v2\/users\/1"}],"replies":[{"embeddable":true,"href":"https:\/\/mwf-morocco.com\/fr\/wp-json\/wp\/v2\/comments?post=9738"}],"version-history":[{"count":3,"href":"https:\/\/mwf-morocco.com\/fr\/wp-json\/wp\/v2\/pages\/9738\/revisions"}],"predecessor-version":[{"id":10492,"href":"https:\/\/mwf-morocco.com\/fr\/wp-json\/wp\/v2\/pages\/9738\/revisions\/10492"}],"wp:attachment":[{"href":"https:\/\/mwf-morocco.com\/fr\/wp-json\/wp\/v2\/media?parent=9738"}],"curies":[{"name":"wp","href":"https:\/\/api.w.org\/{rel}","templated":true}]}}