{"id":10189,"date":"2022-11-30T08:51:09","date_gmt":"2022-11-30T08:51:09","guid":{"rendered":"https:\/\/mwf-morocco.com\/product\/mf-security-hd30\/"},"modified":"2022-12-07T09:27:44","modified_gmt":"2022-12-07T09:27:44","slug":"mf-security-hd30","status":"publish","type":"product","link":"https:\/\/mwf-morocco.com\/fr\/produit\/mf-security-hd30\/","title":{"rendered":"MF SECURITY &#8211; HD30"},"content":{"rendered":"<section class=\"wpb-content-wrapper\"><p>[vc_row woodmart_css_id=\u00a0\u00bb6380db64924c3&Prime; responsive_spacing=\u00a0\u00bbeyJwYXJhbV90eXBlIjoid29vZG1hcnRfcmVzcG9uc2l2ZV9zcGFjaW5nIiwic2VsZWN0b3JfaWQiOiI2MzgwZGI2NDkyNGMzIiwic2hvcnRjb2RlIjoidmNfcm93IiwiZGF0YSI6eyJ0YWJsZXQiOnt9LCJtb2JpbGUiOnt9fX0=\u00a0\u00bb mobile_bg_img_hidden=\u00a0\u00bbno\u00a0\u00bb tablet_bg_img_hidden=\u00a0\u00bbno\u00a0\u00bb woodmart_parallax=\u00a0\u00bb0&Prime; woodmart_gradient_switch=\u00a0\u00bbno\u00a0\u00bb woodmart_box_shadow=\u00a0\u00bbno\u00a0\u00bb wd_z_index=\u00a0\u00bbno\u00a0\u00bb woodmart_disable_overflow=\u00a0\u00bb0&Prime; row_reverse_mobile=\u00a0\u00bb0&Prime; row_reverse_tablet=\u00a0\u00bb0&Prime;][vc_column]\n\t\t<div id=\"wd-637e341d284e0\" class=\"wd-accordion wd-wpb wd-rs-637e341d284e0  wd-style-default\" data-state=\"first\">\n\t\t\t\t\t\t\t\n\t\t\t\t\n\t\t\t\t<div class=\"wd-accordion-item\">\n\t\t\t\t\t<div class=\"wd-accordion-title wd-active font-primary wd-fontsize-s text-left wd-opener-pos-left wd-font-weight-600\" data-accordion-index=\"0\">\n\t\t\t\t\t\t<div class=\"wd-accordion-title-text\">\n\t\t\t\t\t\t\t\t\t\t\t\t\t\t<span>\n\t\t\t\t\t\t\t\tDESCRIPTION\t\t\t\t\t\t\t<\/span>\n\t\t\t\t\t\t<\/div>\n\t\t\t\t\t\t<span class=\"wd-accordion-opener wd-opener-style-arrow\"><\/span>\n\t\t\t\t\t<\/div>\n\n\t\t\t\t\t<div class=\"wd-accordion-content reset-last-child wd-active\" data-accordion-index=\"0\">\n\t\t\t\t\t\t\t\t\t\t\t\t\t\n<div class=\"container\">\n<h4><strong>Par notre int\u00e9r\u00eat pour toutes les activit\u00e9s li\u00e9es aux syst\u00e8mes de d\u00e9tection, nous nous effor\u00e7ons toujours de fournir le meilleur et le plus r\u00e9cent.<\/strong><\/h4>\n<blockquote><p>\nNotre \u00e9quipe de d\u00e9veloppement s\u2019est occup\u00e9e du secteur de la s\u00e9curit\u00e9 et de la protection, qui cherche \u00e0 atteindre des zones s\u00fbres pour maintenir un environnement de s\u00e9curit\u00e9 stable partout dans le monde,<\/p>\n<p>MWF a produit pour la premi\u00e8re fois un d\u00e9tecteur de m\u00e9taux portatif qui offre une plus grande sensibilit\u00e9 et une v\u00e9rification plus pr\u00e9cise m\u00eame des plus petites pi\u00e8ces avec un contr\u00f4le de sensibilit\u00e9 pour ignorer ou d\u00e9tecter de petites choses. Avec un d\u00e9tecteur de s\u00e9curit\u00e9 plus avanc\u00e9 et adapt\u00e9 aux environs.\n<\/p><\/blockquote>\n<div class=\"row flex-column-reverse flex-lg-row\">\n<div class=\"col-md-6 col-ms-12 \">\n<h4><strong>Caract\u00e9ristiques g\u00e9n\u00e9rales:<\/strong><\/h4>\n<ul>\n<li>D\u00e9tecteur de m\u00e9taux portable pour inspection de s\u00e9curit\u00e9<\/li>\n<li>Il a un design ergonomique et une forme profil\u00e9e qui vous donne de la force lors de diverses inspections<\/li>\n<li>Il est l\u00e9ger et facile \u00e0 transporter et \u00e0 contr\u00f4ler lors des inspections<\/li>\n<li>Il n\u2019est pas n\u00e9cessaire de remplacer continuellement les piles, car il comprend une batterie rechargeable int\u00e9gr\u00e9e<\/li>\n<li>Consommation d\u2019\u00e9nergie basse tension avec une sensibilit\u00e9 \u00e9lev\u00e9e<\/li>\n<li>L\u00e9ger 200 grammes seulement<\/li>\n<li>R\u00e9initialisable avec une r\u00e9ponse rapide et un clic<\/li>\n<li>La zone de la sonde de d\u00e9tection est grande, avec une vitesse de d\u00e9tection et de ramassage \u00e9lev\u00e9e<\/li>\n<li>Deux modes d\u2019alarme avec une fonction de commutation : alarme visuelle et sonore LED interactive ou alarme visuelle LED interactive avec alarme vibrante.<\/li>\n<li>Il a une fonction d\u2019indicateur de niveau de batterie et de basse tension<\/li>\n<li>Fonction d\u2019arr\u00eat automatique lorsque le niveau de la batterie est faible avec des alertes avanc\u00e9es.<\/li>\n<li>Fonction d\u2019indicateur de charge : lors de la charge, il est rouge et une fois la charge termin\u00e9e, il est vert.<\/li>\n<li>nous pourrions utiliser la banque d\u2019alimentation pour charger m\u00eame en l\u2019utilisant \u00e9galement.<\/li>\n<li>L\u2019indicateur lumineux interactif, r\u00e9agit progressivement chaque fois que le m\u00e9tal est approch\u00e9 ou \u00e9loign\u00e9.<\/li>\n<li>Indicateur de r\u00e9ponse vocale interactive, qui donne une d\u00e9termination pr\u00e9cise de la taille du m\u00e9tal en fonction de la zone de sensibilit\u00e9<\/li>\n<\/ul>\n<\/div>\n<div class=\"col-md-6 col-ms-12 \">\n<p><img decoding=\"async\" src=\"https:\/\/mwf-morocco.com\/wp-content\/uploads\/2022\/11\/BIG-MAIN-IMAGE-1.jpg\" \/><\/p>\n<div class=\"my-2 \"><img decoding=\"async\" src=\"https:\/\/mwf-morocco.com\/wp-content\/uploads\/2022\/11\/4-6.jpg\" \/><\/div>\n<\/div>\n<div class=\"row\">\n<div class=\"col-md-6 col-ms-12 \"><\/div>\n<\/div>\n<\/div>\n<\/div>\n\t\t\t\t\t\t\t\t\t\t\t<\/div>\n\t\t\t\t<\/div>\n\t\t\t\t\t\t\t\n\t\t\t\t\n\t\t\t\t<div class=\"wd-accordion-item\">\n\t\t\t\t\t<div class=\"wd-accordion-title font-primary wd-fontsize-s text-left wd-opener-pos-left wd-font-weight-600\" data-accordion-index=\"1\">\n\t\t\t\t\t\t<div class=\"wd-accordion-title-text\">\n\t\t\t\t\t\t\t\t\t\t\t\t\t\t<span>\n\t\t\t\t\t\t\t\tAPPLICATIONS\t\t\t\t\t\t\t<\/span>\n\t\t\t\t\t\t<\/div>\n\t\t\t\t\t\t<span class=\"wd-accordion-opener wd-opener-style-arrow\"><\/span>\n\t\t\t\t\t<\/div>\n\n\t\t\t\t\t<div class=\"wd-accordion-content reset-last-child\" data-accordion-index=\"1\">\n\t\t\t\t\t\t\t\t\t\t\t\t\t\n<div class=\"container\">\n<div class=\"row \">\n<div class=\"col-md-6 col-ms-12 mt-2 \"><img decoding=\"async\" src=\"https:\/\/mwf-morocco.com\/wp-content\/uploads\/2022\/11\/2-6.jpg\" \/><\/div>\n<div class=\"col-md-6 col-ms-12 mt-2 \">\n<p><img decoding=\"async\" src=\"https:\/\/mwf-morocco.com\/wp-content\/uploads\/2022\/11\/4-6.jpg\" \/><\/p>\n<\/div>\n<\/div>\n<h4><strong>1- Inspection de s\u00e9curit\u00e9 dans les sites et lieux importants tels que les stades, les th\u00e9\u00e2tres et autres centres commerciaux et commerciaux.<\/strong><\/h4>\n<h4><strong>2- Inspection et d\u00e9tection dans les a\u00e9roports, les gares, les ports, le m\u00e9tro et les usines.<\/strong><\/h4>\n<h4><strong>3- Inspection de s\u00e9curit\u00e9 dans les services douaniers, judiciaires, bancaires et financiers.<\/strong><\/h4>\n<h4><strong>4- Contr\u00f4le de la qualit\u00e9 des m\u00e9dicaments et des syst\u00e8mes alimentaires commerciaux.<\/strong><\/h4>\n<h4><strong>5- D\u00e9tecter les m\u00e9taux pr\u00e9cieux, dans les usines d\u2019or, d\u2019argent, de bijoux et autres.<\/strong><\/h4>\n<h4><strong>6- Les \u00e9tablissements d\u2019enseignement tels que les \u00e9coles, les universit\u00e9s et les instituts.<\/strong><\/h4>\n<h4><strong>7- Chez vous pour rechercher vos objets de valeur et autres objets perdus<\/strong><\/h4>\n<\/div>\n\t\t\t\t\t\t\t\t\t\t\t<\/div>\n\t\t\t\t<\/div>\n\t\t\t\t\t\t\t\n\t\t\t\t\n\t\t\t\t<div class=\"wd-accordion-item\">\n\t\t\t\t\t<div class=\"wd-accordion-title font-primary wd-fontsize-s text-left wd-opener-pos-left wd-font-weight-600\" data-accordion-index=\"2\">\n\t\t\t\t\t\t<div class=\"wd-accordion-title-text\">\n\t\t\t\t\t\t\t\t\t\t\t\t\t\t<span>\n\t\t\t\t\t\t\t\tSP\u00c9CIFICATIONS TECHNIQUES\t\t\t\t\t\t\t<\/span>\n\t\t\t\t\t\t<\/div>\n\t\t\t\t\t\t<span class=\"wd-accordion-opener wd-opener-style-arrow\"><\/span>\n\t\t\t\t\t<\/div>\n\n\t\t\t\t\t<div class=\"wd-accordion-content reset-last-child\" data-accordion-index=\"2\">\n\t\t\t\t\t\t\t\t\t\t\t\t\t\n<div class=\"container\">\n<div class=\"row \">\n<div class=\"col-md-6 col-ms-12 \">\n<ul>\n<li>\n<h3><strong>\u2013 1 pi\u00e8ce \/ 7 cm<\/strong><\/h3>\n<\/li>\n<li>\n<h3><strong>\u2013 Broche \/ 3 cm<\/strong><\/h3>\n<\/li>\n<li>\n<h3><strong>\u2013 Briquet \/ 7 cm<\/strong><\/h3>\n<\/li>\n<li>\n<h3><strong>\u2013 Petite bille en acier d\u2019un diam\u00e8tre de 2 cm \/ 6 cm<\/strong><\/h3>\n<\/li>\n<li>\n<h3><strong>\u2013 Arme de poing \/ 12 cm<\/strong><\/h3>\n<\/li>\n<li>\n<h3><strong>\u2013 Un couteau d\u2019une longueur de 15 cm \/ 13 cm<\/strong><\/h3>\n<\/li>\n<li>\n<h3><strong>\u2013 T\u00e9l\u00e9phone portable \/ 20 cm<\/strong><\/h3>\n<\/li>\n<\/ul>\n<\/div>\n<div class=\"col-md-6 col-ms-12 \">\n<h4><img decoding=\"async\" src=\"https:\/\/mwf-morocco.com\/wp-content\/uploads\/2022\/11\/1-14.jpg\" \/><\/h4>\n<\/div>\n<\/div>\n<\/div>\n\t\t\t\t\t\t\t\t\t\t\t<\/div>\n\t\t\t\t<\/div>\n\t\t\t\t\t\t\t\n\t\t\t\t\n\t\t\t\t<div class=\"wd-accordion-item\">\n\t\t\t\t\t<div class=\"wd-accordion-title font-primary wd-fontsize-s text-left wd-opener-pos-left wd-font-weight-600\" data-accordion-index=\"3\">\n\t\t\t\t\t\t<div class=\"wd-accordion-title-text\">\n\t\t\t\t\t\t\t\t\t\t\t\t\t\t<span>\n\t\t\t\t\t\t\t\tTechnical Specifications\t\t\t\t\t\t\t<\/span>\n\t\t\t\t\t\t<\/div>\n\t\t\t\t\t\t<span class=\"wd-accordion-opener wd-opener-style-arrow\"><\/span>\n\t\t\t\t\t<\/div>\n\n\t\t\t\t\t<div class=\"wd-accordion-content reset-last-child\" data-accordion-index=\"3\">\n\t\t\t\t\t\t\t\t\t\t\t\t\t\n<div class=\"container\">\n<table width=\"0\">\n<tbody>\n<tr>\n<td width=\"283\"><strong>Syst\u00e8me de recherche\u00a0:<\/strong><\/td>\n<td width=\"492\">VLF D\u00e9tecteur de m\u00e9taux<\/td>\n<\/tr>\n<tr>\n<td width=\"283\"><strong>Principe de recherche :<\/strong><\/td>\n<td width=\"492\">Traitement num\u00e9rique du signal de fr\u00e9quence (DFSP)<\/td>\n<\/tr>\n<tr>\n<td width=\"283\"><strong>Processeur d\u2019exploitation\u00a0:<\/strong><\/td>\n<td width=\"492\">MICROCONTLLER<\/td>\n<\/tr>\n<tr>\n<td width=\"283\"><strong>Fr\u00e9quence de fonctionnement:<\/strong><\/td>\n<td width=\"492\">50 kHz<\/td>\n<\/tr>\n<tr>\n<td width=\"283\"><strong>Type d\u2019alarme\u00a0:<\/strong><\/td>\n<td width=\"492\">alarme visuelle LED interactive avec acoustique \/ vibrante<\/td>\n<\/tr>\n<tr>\n<td width=\"283\"><strong>Du pouvoir:<\/strong><\/td>\n<td width=\"492\">3.7V Batterie au lithium polym\u00e8re<\/td>\n<\/tr>\n<tr>\n<td width=\"283\"><strong>Consommation d\u2019\u00e9nergie:<\/strong><\/td>\n<td width=\"492\">En mode son 20 mA \u2013 et en mode vibration 100 mA<\/td>\n<\/tr>\n<tr>\n<td width=\"283\"><strong>Vie de la batterie:<\/strong><\/td>\n<td width=\"492\">80 heures de travail r\u00e9el \u2013 120 heures en mode veille<\/td>\n<\/tr>\n<tr>\n<td width=\"283\"><strong>Chargeur:<\/strong><\/td>\n<td width=\"492\">5 volts, \u00e0 l\u2019aide d\u2019une prise USB du chargeur de smartphone<\/td>\n<\/tr>\n<tr>\n<td width=\"283\"><strong>Temp\u00e9rature de fonctionnement\u00a0:<\/strong><\/td>\n<td width=\"492\">De -15\u00b0C \u00e0 55\u00b0C<\/td>\n<\/tr>\n<tr>\n<td width=\"283\"><strong>Temp\u00e9rature de stockage:<\/strong><\/td>\n<td width=\"492\">De -15\u00b0C \u00e0 50\u00b0C<\/td>\n<\/tr>\n<tr>\n<td width=\"283\"><strong>Humidit\u00e9:<\/strong><\/td>\n<td width=\"492\">Il peut \u00eatre stock\u00e9 et fonctionner dans un taux d\u2019humidit\u00e9 de l\u2019air de 90\u00a0%.<\/td>\n<\/tr>\n<tr>\n<td width=\"283\"><strong>Lester:<\/strong><\/td>\n<td width=\"492\">200 g<\/td>\n<\/tr>\n<tr>\n<td width=\"283\"><strong>Dimensions:<\/strong><\/td>\n<td width=\"492\">32x07x04 cm<\/td>\n<\/tr>\n<tr>\n<td width=\"283\"><strong>Dimension sac :<\/strong><\/td>\n<td width=\"492\">27x24x08 cm<\/td>\n<\/tr>\n<\/tbody>\n<\/table>\n<\/div>\n\t\t\t\t\t\t\t\t\t\t\t<\/div>\n\t\t\t\t<\/div>\n\t\t\t\t\t\t\t\n\t\t\t\t\n\t\t\t\t<div class=\"wd-accordion-item\">\n\t\t\t\t\t<div class=\"wd-accordion-title font-primary wd-fontsize-s text-left wd-opener-pos-left wd-font-weight-600\" data-accordion-index=\"4\">\n\t\t\t\t\t\t<div class=\"wd-accordion-title-text\">\n\t\t\t\t\t\t\t\t\t\t\t\t\t\t<span>\n\t\t\t\t\t\t\t\tPI\u00c8CES &amp; ACCESSOIRES\t\t\t\t\t\t\t<\/span>\n\t\t\t\t\t\t<\/div>\n\t\t\t\t\t\t<span class=\"wd-accordion-opener wd-opener-style-arrow\"><\/span>\n\t\t\t\t\t<\/div>\n\n\t\t\t\t\t<div class=\"wd-accordion-content reset-last-child\" data-accordion-index=\"4\">\n\t\t\t\t\t\t\t\t\t\t\t\t\t\n<div class=\"container\">\n<ul>\n<li>\n<h4><strong>D\u00e9tecteur de m\u00e9taux portable HD-30<\/strong><\/h4>\n<\/li>\n<li>\n<h4><strong>C\u00e2ble de chargement USB<\/strong><\/h4>\n<\/li>\n<li>\n<h4><strong>Manuel d\u2019utilisation<\/strong><\/h4>\n<\/li>\n<li>\n<h4><strong>Carte de garantie<\/strong><\/h4>\n<\/li>\n<\/ul>\n<\/div>\n\t\t\t\t\t\t\t\t\t\t\t<\/div>\n\t\t\t\t<\/div>\n\t\t\t\t\t\t\t\n\t\t\t\t\n\t\t\t\t<div class=\"wd-accordion-item\">\n\t\t\t\t\t<div class=\"wd-accordion-title font-primary wd-fontsize-s text-left wd-opener-pos-left wd-font-weight-600\" data-accordion-index=\"5\">\n\t\t\t\t\t\t<div class=\"wd-accordion-title-text\">\n\t\t\t\t\t\t\t\t\t\t\t\t\t\t<span>\n\t\t\t\t\t\t\t\tMANUEL DE L&#039;UTILISATEUR\t\t\t\t\t\t\t<\/span>\n\t\t\t\t\t\t<\/div>\n\t\t\t\t\t\t<span class=\"wd-accordion-opener wd-opener-style-arrow\"><\/span>\n\t\t\t\t\t<\/div>\n\n\t\t\t\t\t<div class=\"wd-accordion-content reset-last-child\" data-accordion-index=\"5\">\n\t\t\t\t\t\t\t\t\t\t\t\t\t\n<h4><\/h4>\n<h4 style=\"text-align: center;\"><span style=\"color: #0000ff;\"><a style=\"color: #0000ff;\" href=\"https:\/\/mwf-metaldetectors.com\/user-manual\/MF-SECURITY.pdf\">Cliquez ici<\/a><\/span><\/h4>\n\t\t\t\t\t\t\t\t\t\t\t<\/div>\n\t\t\t\t<\/div>\n\t\t\t\t\t\t\t\n\t\t\t\t\n\t\t\t\t<div class=\"wd-accordion-item\">\n\t\t\t\t\t<div class=\"wd-accordion-title font-primary wd-fontsize-s text-left wd-opener-pos-left wd-font-weight-600\" data-accordion-index=\"6\">\n\t\t\t\t\t\t<div class=\"wd-accordion-title-text\">\n\t\t\t\t\t\t\t\t\t\t\t\t\t\t<span>\n\t\t\t\t\t\t\t\t\t\t\t\t\t\t\t<\/span>\n\t\t\t\t\t\t<\/div>\n\t\t\t\t\t\t<span class=\"wd-accordion-opener wd-opener-style-arrow\"><\/span>\n\t\t\t\t\t<\/div>\n\n\t\t\t\t\t<div class=\"wd-accordion-content reset-last-child\" data-accordion-index=\"6\">\n\t\t\t\t\t\t\t\t\t\t\t\t\t\t\t\t\t\t\t\t\t\t\t\t<\/div>\n\t\t\t\t<\/div>\n\t\t\t\t\t<\/div>\n\n\t\t[\/vc_column][\/vc_row]<\/p>\n<\/section>","protected":false},"excerpt":{"rendered":"<p>[vc_row woodmart_css_id=\u00a0\u00bb6380db64924c3&Prime; responsive_spacing=\u00a0\u00bbeyJwYXJhbV90eXBlIjoid29vZG1hcnRfcmVzcG9uc2l2ZV9zcGFjaW5nIiwic2VsZWN0b3JfaWQiOiI2MzgwZGI2NDkyNGMzIiwic2hvcnRjb2RlIjoidmNfcm93IiwiZGF0YSI6eyJ0YWJsZXQiOnt9LCJtb2JpbGUiOnt9fX0=\u00a0\u00bb mobile_bg_img_hidden=\u00a0\u00bbno\u00a0\u00bb tablet_bg_img_hidden=\u00a0\u00bbno\u00a0\u00bb woodmart_parallax=\u00a0\u00bb0&Prime; woodmart_gradient_switch=\u00a0\u00bbno\u00a0\u00bb woodmart_box_shadow=\u00a0\u00bbno\u00a0\u00bb wd_z_index=\u00a0\u00bbno\u00a0\u00bb woodmart_disable_overflow=\u00a0\u00bb0&Prime; row_reverse_mobile=\u00a0\u00bb0&Prime; row_reverse_tablet=\u00a0\u00bb0&Prime;][vc_column][\/vc_column][\/vc_row]<\/p>\n","protected":false},"featured_media":9778,"comment_status":"open","ping_status":"closed","template":"","meta":[],"product_cat":[181,150],"product_tag":[280,281],"_links":{"self":[{"href":"https:\/\/mwf-morocco.com\/fr\/wp-json\/wp\/v3\/product\/10189"}],"collection":[{"href":"https:\/\/mwf-morocco.com\/fr\/wp-json\/wp\/v3\/product"}],"about":[{"href":"https:\/\/mwf-morocco.com\/fr\/wp-json\/wp\/v2\/types\/product"}],"replies":[{"embeddable":true,"href":"https:\/\/mwf-morocco.com\/fr\/wp-json\/wp\/v2\/comments?post=10189"}],"wp:featuredmedia":[{"embeddable":true,"href":"https:\/\/mwf-morocco.com\/fr\/wp-json\/wp\/v2\/media\/9778"}],"wp:attachment":[{"href":"https:\/\/mwf-morocco.com\/fr\/wp-json\/wp\/v2\/media?parent=10189"}],"wp:term":[{"taxonomy":"product_cat","embeddable":true,"href":"https:\/\/mwf-morocco.com\/fr\/wp-json\/wp\/v2\/product_cat?post=10189"},{"taxonomy":"product_tag","embeddable":true,"href":"https:\/\/mwf-morocco.com\/fr\/wp-json\/wp\/v2\/product_tag?post=10189"}],"curies":[{"name":"wp","href":"https:\/\/api.w.org\/{rel}","templated":true}]}}