{"id":10200,"date":"2022-11-16T12:56:08","date_gmt":"2022-11-16T12:56:08","guid":{"rendered":"https:\/\/mwf-morocco.com\/product\/gold-radar\/"},"modified":"2022-12-13T13:28:50","modified_gmt":"2022-12-13T13:28:50","slug":"gold-radar","status":"publish","type":"product","link":"https:\/\/mwf-morocco.com\/fr\/produit\/gold-radar\/","title":{"rendered":"GOLD RADAR"},"content":{"rendered":"<section class=\"wpb-content-wrapper\"><p>[vc_row woodmart_css_id=\u00a0\u00bb6380db64924c3&Prime; responsive_spacing=\u00a0\u00bbeyJwYXJhbV90eXBlIjoid29vZG1hcnRfcmVzcG9uc2l2ZV9zcGFjaW5nIiwic2VsZWN0b3JfaWQiOiI2MzgwZGI2NDkyNGMzIiwic2hvcnRjb2RlIjoidmNfcm93IiwiZGF0YSI6eyJ0YWJsZXQiOnt9LCJtb2JpbGUiOnt9fX0=\u00a0\u00bb mobile_bg_img_hidden=\u00a0\u00bbno\u00a0\u00bb tablet_bg_img_hidden=\u00a0\u00bbno\u00a0\u00bb woodmart_parallax=\u00a0\u00bb0&Prime; woodmart_gradient_switch=\u00a0\u00bbno\u00a0\u00bb woodmart_box_shadow=\u00a0\u00bbno\u00a0\u00bb wd_z_index=\u00a0\u00bbno\u00a0\u00bb woodmart_disable_overflow=\u00a0\u00bb0&Prime; row_reverse_mobile=\u00a0\u00bb0&Prime; row_reverse_tablet=\u00a0\u00bb0&Prime;][vc_column]\n\t\t<div id=\"wd-637e341d284e0\" class=\"wd-accordion wd-wpb wd-rs-637e341d284e0  wd-style-default\" data-state=\"first\">\n\t\t\t\t\t\t\t\n\t\t\t\t\n\t\t\t\t<div class=\"wd-accordion-item\">\n\t\t\t\t\t<div class=\"wd-accordion-title wd-active font-primary wd-fontsize-s text-left wd-opener-pos-left wd-font-weight-600\" data-accordion-index=\"0\">\n\t\t\t\t\t\t<div class=\"wd-accordion-title-text\">\n\t\t\t\t\t\t\t\t\t\t\t\t\t\t<span>\n\t\t\t\t\t\t\t\tDESCRIPTION\t\t\t\t\t\t\t<\/span>\n\t\t\t\t\t\t<\/div>\n\t\t\t\t\t\t<span class=\"wd-accordion-opener wd-opener-style-arrow\"><\/span>\n\t\t\t\t\t<\/div>\n\n\t\t\t\t\t<div class=\"wd-accordion-content reset-last-child wd-active\" data-accordion-index=\"0\">\n\t\t\t\t\t\t\t\t\t\t\t\t\t\n<div class=\"container\">\n<p>&nbsp;<\/p>\n<h4>Dispositif de d\u00e9tection d\u2019or \u00ab\u00a0Syst\u00e8me de d\u00e9tection ionien et radar int\u00e9gr\u00e9 pour d\u00e9tecter et rechercher de l\u2019or Radar souterrain\u00a0:<\/h4>\n<blockquote><p>\nNouvelle innovation scientifique dans le monde des appareils de d\u00e9tection et d\u2019exploration d\u2019or, Gold Radar est le r\u00e9sultat de nombreux essais et de longues \u00e9tudes, qui ont dur\u00e9 plus de trois ans. Gold Radar est l\u2019un des appareils les plus faciles \u00e0 traiter dans le logiciel, le plus rapide et le plus pr\u00e9cision de la d\u00e9tection de l\u2019emplacement cible.\n<\/p><\/blockquote>\n<div class=\"row flex-column-reverse flex-lg-row\">\n<div class=\"col-md-6 col-ms-12 \">\n<ul>\n<li>Syst\u00e8me radar intelligent haute pr\u00e9cision et performance des techniques de d\u00e9tection et de recherche.<\/li>\n<li>D\u00e9tecteur intelligent avec des techniques d\u2019exploitation et de d\u00e9tection modernes pour d\u00e9tecter et rechercher l\u2019or enfoui sous terre.<\/li>\n<li>Innovation scientifique nouvelle et sophistiqu\u00e9e dans le monde des dispositifs de d\u00e9tection ionique et radar sp\u00e9cialis\u00e9s dans la d\u00e9tection de l\u2019or.<\/li>\n<li>L\u2019\u00e9cran tactile couleur TFT HD de 3,2 pouces offre \u00e0 l\u2019utilisateur une vision claire de jour comme de nuit.<\/li>\n<li>L\u2019appareil donne \u00e0 l\u2019utilisateur plusieurs r\u00e9sultats, comprenant les \u00e9l\u00e9ments suivants\u00a0:\n<ol>\n<li>L\u2019interface du syst\u00e8me de d\u00e9tection radar gr\u00e2ce \u00e0 la d\u00e9tection radar avanc\u00e9e.<\/li>\n<li>Dessiner les points et les emplacements des cibles sur l\u2019\u00e9cran radar.<\/li>\n<li>Clarifiez la taille cible en dessinant la port\u00e9e du signal sur les syst\u00e8mes \u00e0 l\u2019\u00e9cran.<\/li>\n<li>L\u2019indicateur interactif acoustique interagit vers le haut chaque fois que vous vous rapprochez du centre du point de la cible.<\/li>\n<li>Syst\u00e8me de vibrations.\u00a0Facultatif, afin que l\u2019utilisateur puisse ex\u00e9cuter l\u2019alarme de vibration au centre du point de la cible.<\/li>\n<li>S\u00e9lection de l\u2019interface pour le type de lieu que vous souhaitez rechercher\u00a0:\u2013 Recherche dans les zones montagneuses.- Recherche \u00e0 l\u2019int\u00e9rieur des vieilles maisons.- Recherche en voiture.<\/li>\n<\/ol>\n<\/li>\n<li>Les param\u00e8tres d\u2019interface intelligents vous donnent un contr\u00f4le complet sur les param\u00e8tres des programmes de l\u2019appareil.<\/li>\n<li>L\u2019appareil prend en charge une horloge num\u00e9rique, pour regarder l\u2019heure claire, avec une interface de r\u00e9glage de l\u2019heure et de la date.<\/li>\n<li>Vous pouvez utiliser l\u2019appareil \u00e0 l\u2019int\u00e9rieur de la voiture en conduisant ou en conduisant une moto aussi parce que l\u2019appareil r\u00e9pond \u00e0 la vitesse des longueurs d\u2019onde et peut analyser les signaux de donn\u00e9es tr\u00e8s rapidement.<\/li>\n<li>Facile \u00e0 travailler et \u00e0 utiliser, tout le monde peut l\u2019utiliser.<\/li>\n<li>L\u2019appareil se caract\u00e9rise par sa petite taille, facilite les mouvements et fonctionne dans les zones critiques.<\/li>\n<li>Des syst\u00e8mes de filtrage de signaux internes, pour \u00e9viter toute confusion r\u00e9sultant de toutes les fr\u00e9quences \u00e9lev\u00e9es des ondes radio sont pr\u00e9sentes dans l\u2019air, ce qui affecte de nombreux autres appareils.<\/li>\n<li>Un syst\u00e8me pour envoyer et recevoir le signal, avanc\u00e9 et pr\u00e9cis (HSW), qui est unique au groupe MWF, \u00e0 travers les \u00e9tudes et les processus de d\u00e9veloppement modernes sous forme de signal et charg\u00e9 sur un chemin d\u2019ondes \u00e0 haute sensibilit\u00e9.<\/li>\n<\/ul>\n<\/div>\n<div class=\"col-md-6 col-ms-12\">\n<div class=\"tab-image\"><img decoding=\"async\" src=\"https:\/\/old.mwf-metaldetectors.com\/wp-content\/uploads\/products\/gold-radar\/en\/big-main-image-en.jpg\" alt=\"gold-radar\" \/><\/div>\n<\/div>\n<div class=\"col-md-12 col-ms-12\">\n<ul>\n<li>Syst\u00e8me de r\u00e9glage automatique (ATS) Invention sp\u00e9ciale et nouvelle faveur enregistr\u00e9e de MWF GROUP, ce syst\u00e8me fournit des r\u00e9sultats pr\u00e9cis et certains dans tous les types de sols et de terrains car le syst\u00e8me reconna\u00eet automatiquement le sol, accorde au processus de recherche un r\u00e9glage automatique proportionnel au type de sol et propri\u00e9t\u00e9s du sol, avec l\u2019abolition de tout chevauchement de rayonnement r\u00e9sultant de l\u2019effet de territoire rocheux et montagneux, qui peut affecter beaucoup d\u2019autres d\u00e9tecteurs, mais ce syst\u00e8me intelligent, peut trier et analyser et fournir les niveaux n\u00e9cessaires qui se rapportent au signal de fr\u00e9quence , la tension et la longueur d\u2019onde du signal qui donne des r\u00e9sultats exempts de toute erreur.<\/li>\n<li>Performances de haute qualit\u00e9 et pr\u00e9cises, fabrication de ce produit avec les meilleurs \u00e9lastom\u00e8res, composants \u00e9lectroniques et circuits conformes aux normes internationales.<\/li>\n<li>L\u00e9ger, ce qui aide l\u2019utilisateur \u00e0 travailler sans effort ni fatigue.<\/li>\n<\/ul>\n<\/div>\n<\/div>\n<\/div>\n\t\t\t\t\t\t\t\t\t\t\t<\/div>\n\t\t\t\t<\/div>\n\t\t\t\t\t\t\t\n\t\t\t\t\n\t\t\t\t<div class=\"wd-accordion-item\">\n\t\t\t\t\t<div class=\"wd-accordion-title font-primary wd-fontsize-s text-left wd-opener-pos-left wd-font-weight-600\" data-accordion-index=\"1\">\n\t\t\t\t\t\t<div class=\"wd-accordion-title-text\">\n\t\t\t\t\t\t\t\t\t\t\t\t\t\t<span>\n\t\t\t\t\t\t\t\tSYST\u00c8MES DE D\u00c9TECTION\t\t\t\t\t\t\t<\/span>\n\t\t\t\t\t\t<\/div>\n\t\t\t\t\t\t<span class=\"wd-accordion-opener wd-opener-style-arrow\"><\/span>\n\t\t\t\t\t<\/div>\n\n\t\t\t\t\t<div class=\"wd-accordion-content reset-last-child\" data-accordion-index=\"1\">\n\t\t\t\t\t\t\t\t\t\t\t\t\t\n<div class=\"container\">\n<div class=\"col-md-12 col-ms-12\">\n<h3>Le dispositif radar d\u2019or fonctionne sur un syst\u00e8me de d\u00e9tection radar int\u00e9gr\u00e9, pour d\u00e9tecter et rechercher l\u2019ionisation radioactive de l\u2019or enfoui sous terre.<\/h3>\n<div class=\"col-md-12 col-ms-12\">\n<p>L\u2019appareil fonctionne sur des syst\u00e8mes d\u2019exploitation et de d\u00e9tection intelligents, gr\u00e2ce \u00e0 des interfaces professionnelles de clarification et de contr\u00f4le, il est \u00e9galement soutenu par de nombreux avantages et caract\u00e9ristiques qui en font le premier et le meilleur de son type \u00e0 l\u2019\u00e9chelle mondiale, l\u2019appareil donne \u00e0 l\u2019utilisateur des r\u00e9sultats acoustiques fiables et un radar graphique et r\u00e9sultats visibles sur l\u2019\u00e9cran \u00e0 la direction de la cible et c\u2019est gr\u00e2ce \u00e0 l\u2019augmentation des niveaux d\u2019indicateurs sonores et graphiques, Il peint \u00e9galement les sites cibles sur l\u2019\u00e9cran radar et la localisation d\u2019une direction, gr\u00e2ce \u00e0 une concentration \u00e9lev\u00e9e par le syst\u00e8me de d\u00e9tection radar et le capacit\u00e9 \u00e0 d\u00e9tecter les sites cibles et \u00e0 guider l\u2019utilisateur avec des donn\u00e9es tr\u00e8s claires et int\u00e9gr\u00e9es sur la cible.<\/p>\n<\/div>\n<div class=\"row\">\n<div class=\"col-md-6 col-ms-12\"><\/div>\n<\/div>\n<\/div>\n<div class=\"row\">\n<div class=\"col-md-6 col-ms-12\">\n<div class=\"tab-image mb-3\"><img decoding=\"async\" src=\"https:\/\/old.mwf-metaldetectors.com\/wp-content\/uploads\/products\/gold-radar\/en\/2.jpg\" alt=\"\" \/><\/div>\n<\/div>\n<div class=\"col-md-6 col-ms-12\">\n<div class=\"tab-image mb-3\"><img decoding=\"async\" src=\"https:\/\/old.mwf-metaldetectors.com\/wp-content\/uploads\/products\/gold-radar\/en\/3.jpg\" alt=\"\" \/><\/div>\n<\/div>\n<\/div>\n<\/div>\n\t\t\t\t\t\t\t\t\t\t\t<\/div>\n\t\t\t\t<\/div>\n\t\t\t\t\t\t\t\n\t\t\t\t\n\t\t\t\t<div class=\"wd-accordion-item\">\n\t\t\t\t\t<div class=\"wd-accordion-title font-primary wd-fontsize-s text-left wd-opener-pos-left wd-font-weight-600\" data-accordion-index=\"2\">\n\t\t\t\t\t\t<div class=\"wd-accordion-title-text\">\n\t\t\t\t\t\t\t\t\t\t\t\t\t\t<span>\n\t\t\t\t\t\t\t\tESPECIFICACIONES T\u00c9CNICAS\t\t\t\t\t\t\t<\/span>\n\t\t\t\t\t\t<\/div>\n\t\t\t\t\t\t<span class=\"wd-accordion-opener wd-opener-style-arrow\"><\/span>\n\t\t\t\t\t<\/div>\n\n\t\t\t\t\t<div class=\"wd-accordion-content reset-last-child\" data-accordion-index=\"2\">\n\t\t\t\t\t\t\t\t\t\t\t\t\t\n<div class=\"container\">\n<table>\n<tbody>\n<tr>\n<th>SYST\u00c8ME DE RECHERCHE\u00a0:<\/th>\n<td>Syst\u00e8me de recherche ionique et radar int\u00e9gr\u00e9<\/td>\n<\/tr>\n<tr>\n<th>PRINCIPE DE RECHERCHE\u00a0:<\/th>\n<td>Traitement du niveau de rayonnement ionique du signal re\u00e7u<\/td>\n<\/tr>\n<tr>\n<th>PROCESSEUR D\u2019EXPLOITATION\u00a0:<\/th>\n<td>MICROCONTROLEUR PIC18 &amp; ARM 7<\/td>\n<\/tr>\n<tr>\n<th>FR\u00c9QUENCE DE RECHERCHE DE FONCTIONNEMENT\u00a0:<\/th>\n<td>50 MHz<\/td>\n<\/tr>\n<tr>\n<th>PUISSANCE:<\/th>\n<td>7.4v 6000 mAh\/ sortie 12v<\/td>\n<\/tr>\n<tr>\n<th>CONSOMMATION D\u2019\u00c9NERGIE:<\/th>\n<td>Consommation maximale 350 mA<\/td>\n<\/tr>\n<tr>\n<th>VIE DE LA BATTERIE:<\/th>\n<td>8 heures de travail<\/td>\n<\/tr>\n<tr>\n<th>CHARGEUR:<\/th>\n<td>5,1 volts 3 amp\u00e8res \/ temps de charge 3 heures<\/td>\n<\/tr>\n<tr>\n<th>TYPE D\u2019AFFICHAGE:<\/th>\n<td>Moniteur couleur TFT 4.3\u2033, 65536 couleurs, 48Mhz, GPU CDMA<\/td>\n<\/tr>\n<tr>\n<th>SP\u00c9CIALIS\u00c9 EN D\u00c9TECTE :<\/th>\n<td>Or<\/td>\n<\/tr>\n<tr>\n<th>CIBLE LA DISCRIMINATION\u00a0:<\/th>\n<td>Oui, ne d\u00e9tecte que l\u2019or<\/td>\n<\/tr>\n<tr>\n<th>RECHERCHE EN PROFONDEUR\u00a0:<\/th>\n<td>50 m\u00e8tres<\/td>\n<\/tr>\n<tr>\n<th>RECHERCHE \u00c0 DISTANCE\u00a0:<\/th>\n<td>100 m\u00e8tres<\/td>\n<\/tr>\n<tr>\n<th>RETOUR SUR LES R\u00c9SULTATS\u00a0:<\/th>\n<td>Indicateurs de donn\u00e9es radar graphiques, acoustique, oscilloscope et force du signal, et alertes de vibration.<\/td>\n<\/tr>\n<tr>\n<th>SYST\u00c8ME DE GUIDAGE INTELLIGENT AUTOMATIQUE\u00a0:<\/th>\n<td>Oui, par l\u2019interface graphique pour localiser le chemin et la direction de la cible, et les commandes acoustiques.<\/td>\n<\/tr>\n<tr>\n<th>ALERTES VOCALES\u00a0:<\/th>\n<td>Oui<\/td>\n<\/tr>\n<tr>\n<th>VIBREUR:<\/th>\n<td>Oui<\/td>\n<\/tr>\n<tr>\n<th>TEMP\u00c9RATURE DE FONCTIONNEMENT\u00a0:<\/th>\n<td>De -15\u00b0C \u00e0 60\u00b0C<\/td>\n<\/tr>\n<tr>\n<th>TEMP\u00c9RATURE DE STOCKAGE:<\/th>\n<td>De -15\u00b0C \u00e0 40\u00b0C<\/td>\n<\/tr>\n<tr>\n<th>HUMIDIT\u00c9:<\/th>\n<td>Il peut \u00eatre stock\u00e9 et fonctionner dans un taux d\u2019humidit\u00e9 de l\u2019air de 90\u00a0%.<\/td>\n<\/tr>\n<tr>\n<th>LESTER:<\/th>\n<td>Compos\u00e9 : 1 kg \u2013 disjoint dans le sac : 3 kg<\/td>\n<\/tr>\n<tr>\n<th>DIMENSIONS:<\/th>\n<td>19X13X5cm<\/td>\n<\/tr>\n<tr>\n<th>DIMENSIONS DU SAC\u00a0:<\/th>\n<td>40X33X17cm<\/td>\n<\/tr>\n<\/tbody>\n<\/table>\n<\/div>\n\t\t\t\t\t\t\t\t\t\t\t<\/div>\n\t\t\t\t<\/div>\n\t\t\t\t\t\t\t\n\t\t\t\t\n\t\t\t\t<div class=\"wd-accordion-item\">\n\t\t\t\t\t<div class=\"wd-accordion-title font-primary wd-fontsize-s text-left wd-opener-pos-left wd-font-weight-600\" data-accordion-index=\"3\">\n\t\t\t\t\t\t<div class=\"wd-accordion-title-text\">\n\t\t\t\t\t\t\t\t\t\t\t\t\t\t<span>\n\t\t\t\t\t\t\t\tACCESORIOS\t\t\t\t\t\t\t<\/span>\n\t\t\t\t\t\t<\/div>\n\t\t\t\t\t\t<span class=\"wd-accordion-opener wd-opener-style-arrow\"><\/span>\n\t\t\t\t\t<\/div>\n\n\t\t\t\t\t<div class=\"wd-accordion-content reset-last-child\" data-accordion-index=\"3\">\n\t\t\t\t\t\t\t\t\t\t\t\t\t\n<div class=\"container\">\n<p><!-- #1row --><\/p>\n<div class=\"row\">\n<div class=\"col-sm \">\n<p><img decoding=\"async\" loading=\"lazy\" class=\"tab-image mt-5\" src=\"https:\/\/old.mwf-metaldetectors.com\/wp-content\/uploads\/products\/gold-radar\/en\/main-unit-en.jpg\" width=\"497\" height=\"696\" \/><\/p>\n<div class=\"accessories-title text-center \">\n<h5>Unit\u00e9 principale<\/h5>\n<\/div>\n<\/div>\n<div class=\"col-sm \">\n<p><img decoding=\"async\" loading=\"lazy\" class=\"tab-image mt-5\" src=\"https:\/\/old.mwf-metaldetectors.com\/wp-content\/uploads\/products\/gold-radar\/en\/6.jpg\" width=\"497\" height=\"696\" \/><\/p>\n<div class=\"accessories-title text-center \">\n<div class=\"col-sm \">\n<div class=\"accessories-title text-center \">\n<h5>Capteur radar ionique<\/h5>\n<\/div>\n<\/div>\n<\/div>\n<\/div>\n<div class=\"col-sm \">\n<p><img decoding=\"async\" loading=\"lazy\" class=\"tab-image mt-5\" src=\"https:\/\/old.mwf-metaldetectors.com\/wp-content\/uploads\/products\/gold-radar\/en\/5.jpg\" width=\"497\" height=\"696\" \/><\/p>\n<div class=\"accessories-title text-center \">\n<div class=\"col-sm \">\n<div class=\"accessories-title text-center \">\n<h5>casque de musique<\/h5>\n<\/div>\n<\/div>\n<\/div>\n<\/div>\n<div class=\"col-sm\">\n<p><img decoding=\"async\" loading=\"lazy\" class=\"tab-image mt-5\" src=\"https:\/\/old.mwf-metaldetectors.com\/wp-content\/uploads\/products\/gold-radar\/en\/4.jpg\" width=\"497\" height=\"696\" \/><\/p>\n<div class=\"accessories-title text-center \">\n<div class=\"wd-tab-wrapper\">\n<div id=\"tab-accesorios\" class=\"woocommerce-Tabs-panel woocommerce-Tabs-panel--accesorios panel entry-content wc-tab\">\n<div class=\"wc-tab-inner \">\n<div class=\"\">\n<div class=\"container\">\n<div class=\"row\">\n<div class=\"col-sm\">\n<div class=\"accessories-title text-center \">\n<h5>Chargeur<\/h5>\n<\/div>\n<\/div>\n<\/div>\n<\/div>\n<\/div>\n<\/div>\n<\/div>\n<\/div>\n<\/div>\n<\/div>\n<\/div>\n<\/div>\n\t\t\t\t\t\t\t\t\t\t\t<\/div>\n\t\t\t\t<\/div>\n\t\t\t\t\t\t\t\n\t\t\t\t\n\t\t\t\t<div class=\"wd-accordion-item\">\n\t\t\t\t\t<div class=\"wd-accordion-title font-primary wd-fontsize-s text-left wd-opener-pos-left wd-font-weight-600\" data-accordion-index=\"4\">\n\t\t\t\t\t\t<div class=\"wd-accordion-title-text\">\n\t\t\t\t\t\t\t\t\t\t\t\t\t\t<span>\n\t\t\t\t\t\t\t\tMANUAL DE USUARIO\t\t\t\t\t\t\t<\/span>\n\t\t\t\t\t\t<\/div>\n\t\t\t\t\t\t<span class=\"wd-accordion-opener wd-opener-style-arrow\"><\/span>\n\t\t\t\t\t<\/div>\n\n\t\t\t\t\t<div class=\"wd-accordion-content reset-last-child\" data-accordion-index=\"4\">\n\t\t\t\t\t\t\t\t\t\t\t\t\t\n<div class=\"container\">\n<p>Pour lire ou t\u00e9l\u00e9charger le livre, cliquez\u00a0<span style=\"color: #0000ff;\">\u00a0<a style=\"color: #0000ff;\" href=\"https:\/\/mwf-metaldetectors.com\/user-manual\/en\/gold-radar.pdf\" target=\"_blank\" rel=\"noopener\">ici<\/a><\/span><\/p>\n<div class=\"col-md-12 col-ms-12 text-center user-img\">\n<div><a href=\"https:\/\/mwf-metaldetectors.com\/user-manual\/en\/gold-radar.pdf\" target=\"_blank\" rel=\"noopener\"><br \/>\n<img decoding=\"async\" class=\"tab-image mt-5 aligncenter\" src=\"https:\/\/mwf-metaldetectors.com\/user-manual\/en\/gold-radar.jpg\" alt=\"\" \/><br \/>\n<\/a><\/div>\n<\/div>\n<\/div>\n\t\t\t\t\t\t\t\t\t\t\t<\/div>\n\t\t\t\t<\/div>\n\t\t\t\t\t\t\t\t\t\t\t\t\t\t<\/div>\n\n\t\t[\/vc_column][\/vc_row]<\/p>\n<\/section>","protected":false},"excerpt":{"rendered":"<p>[vc_row woodmart_css_id=\u00a0\u00bb6380db64924c3&Prime; responsive_spacing=\u00a0\u00bbeyJwYXJhbV90eXBlIjoid29vZG1hcnRfcmVzcG9uc2l2ZV9zcGFjaW5nIiwic2VsZWN0b3JfaWQiOiI2MzgwZGI2NDkyNGMzIiwic2hvcnRjb2RlIjoidmNfcm93IiwiZGF0YSI6eyJ0YWJsZXQiOnt9LCJtb2JpbGUiOnt9fX0=\u00a0\u00bb mobile_bg_img_hidden=\u00a0\u00bbno\u00a0\u00bb tablet_bg_img_hidden=\u00a0\u00bbno\u00a0\u00bb woodmart_parallax=\u00a0\u00bb0&Prime; woodmart_gradient_switch=\u00a0\u00bbno\u00a0\u00bb woodmart_box_shadow=\u00a0\u00bbno\u00a0\u00bb wd_z_index=\u00a0\u00bbno\u00a0\u00bb woodmart_disable_overflow=\u00a0\u00bb0&Prime; row_reverse_mobile=\u00a0\u00bb0&Prime; row_reverse_tablet=\u00a0\u00bb0&Prime;][vc_column][\/vc_column][\/vc_row]<\/p>\n","protected":false},"featured_media":9137,"comment_status":"closed","ping_status":"closed","template":"","meta":[],"product_cat":[143,190,177],"product_tag":[],"_links":{"self":[{"href":"https:\/\/mwf-morocco.com\/fr\/wp-json\/wp\/v3\/product\/10200"}],"collection":[{"href":"https:\/\/mwf-morocco.com\/fr\/wp-json\/wp\/v3\/product"}],"about":[{"href":"https:\/\/mwf-morocco.com\/fr\/wp-json\/wp\/v2\/types\/product"}],"replies":[{"embeddable":true,"href":"https:\/\/mwf-morocco.com\/fr\/wp-json\/wp\/v2\/comments?post=10200"}],"wp:featuredmedia":[{"embeddable":true,"href":"https:\/\/mwf-morocco.com\/fr\/wp-json\/wp\/v2\/media\/9137"}],"wp:attachment":[{"href":"https:\/\/mwf-morocco.com\/fr\/wp-json\/wp\/v2\/media?parent=10200"}],"wp:term":[{"taxonomy":"product_cat","embeddable":true,"href":"https:\/\/mwf-morocco.com\/fr\/wp-json\/wp\/v2\/product_cat?post=10200"},{"taxonomy":"product_tag","embeddable":true,"href":"https:\/\/mwf-morocco.com\/fr\/wp-json\/wp\/v2\/product_tag?post=10200"}],"curies":[{"name":"wp","href":"https:\/\/api.w.org\/{rel}","templated":true}]}}