{"id":10253,"date":"2022-11-16T12:56:08","date_gmt":"2022-11-16T12:56:08","guid":{"rendered":"https:\/\/mwf-morocco.com\/product\/spark\/"},"modified":"2022-12-13T13:06:05","modified_gmt":"2022-12-13T13:06:05","slug":"spark","status":"publish","type":"product","link":"https:\/\/mwf-morocco.com\/fr\/produit\/spark\/","title":{"rendered":"SPARK"},"content":{"rendered":"<section class=\"wpb-content-wrapper\"><p>[vc_row woodmart_css_id=\u00a0\u00bb6380db64924c3&Prime; responsive_spacing=\u00a0\u00bbeyJwYXJhbV90eXBlIjoid29vZG1hcnRfcmVzcG9uc2l2ZV9zcGFjaW5nIiwic2VsZWN0b3JfaWQiOiI2MzgwZGI2NDkyNGMzIiwic2hvcnRjb2RlIjoidmNfcm93IiwiZGF0YSI6eyJ0YWJsZXQiOnt9LCJtb2JpbGUiOnt9fX0=\u00a0\u00bb mobile_bg_img_hidden=\u00a0\u00bbno\u00a0\u00bb tablet_bg_img_hidden=\u00a0\u00bbno\u00a0\u00bb woodmart_parallax=\u00a0\u00bb0&Prime; woodmart_gradient_switch=\u00a0\u00bbno\u00a0\u00bb woodmart_box_shadow=\u00a0\u00bbno\u00a0\u00bb wd_z_index=\u00a0\u00bbno\u00a0\u00bb woodmart_disable_overflow=\u00a0\u00bb0&Prime; row_reverse_mobile=\u00a0\u00bb0&Prime; row_reverse_tablet=\u00a0\u00bb0&Prime;][vc_column]\n\t\t<div id=\"wd-637e341d284e0\" class=\"wd-accordion wd-wpb wd-rs-637e341d284e0  wd-style-default\" data-state=\"first\">\n\t\t\t\t\t\t\t\n\t\t\t\t\n\t\t\t\t<div class=\"wd-accordion-item\">\n\t\t\t\t\t<div class=\"wd-accordion-title wd-active font-primary wd-fontsize-s text-left wd-opener-pos-left wd-font-weight-600\" data-accordion-index=\"0\">\n\t\t\t\t\t\t<div class=\"wd-accordion-title-text\">\n\t\t\t\t\t\t\t\t\t\t\t\t\t\t<span>\n\t\t\t\t\t\t\t\tDESCRIPTION\t\t\t\t\t\t\t<\/span>\n\t\t\t\t\t\t<\/div>\n\t\t\t\t\t\t<span class=\"wd-accordion-opener wd-opener-style-arrow\"><\/span>\n\t\t\t\t\t<\/div>\n\n\t\t\t\t\t<div class=\"wd-accordion-content reset-last-child wd-active\" data-accordion-index=\"0\">\n\t\t\t\t\t\t\t\t\t\t\t\t\t\n<div class=\"container\">\n<h3>Le dispositif Spark Gold &amp; Treasures Detector fonctionne sur le syst\u00e8me de d\u00e9tection longue distance (LDS)<\/h3>\n<blockquote><p>\nles syst\u00e8mes avanc\u00e9s et int\u00e9gr\u00e9s d\u2019identification acoustique pour localiser le chemin et le centre du point de la cible.<br \/>\nLe Spark offre les ondes de fr\u00e9quence \u00e0 haute rigueur qui lui permettent d\u2019identifier et de d\u00e9tecter les sites cibles sous terre, comme un or, des tr\u00e9sors et des blancs m\u00e9ticuleusement o\u00f9 l\u2019appareil peut localiser les cibles \u00e0 une distance de 200 m\u00e8tres et un angle de 360 \u200b\u200bdegr\u00e9s avec une fonction de contr\u00f4le pr\u00e9cise \u00e0 une recherche \u00e0 distance horizontale, o\u00f9 il y a plusieurs niveaux de distance de recherche, l\u2019utilisateur peut s\u2019adapter en fonction de ses besoins au balayage horizontal, la profondeur de recherche dans l\u2019appareil Spark peut \u00eatre atteinte jusqu\u2019\u00e0 10 m sous terre avec la possibilit\u00e9 d\u2019un contr\u00f4le pr\u00e9cis de la profondeur de recherche ,<br \/>\nTout cela \u00e0 travers l\u2019interface de contr\u00f4le de l\u2019appareil, l\u2019appareil se caract\u00e9rise par sa petite taille et sa facilit\u00e9 d\u2019utilisation, o\u00f9 il peut \u00eatre plac\u00e9 dans la poche et se d\u00e9placer si facilement, et n\u2019importe qui peut l\u2019utiliser sans avoir d\u2019exp\u00e9rience ou de grandes connaissances sur les d\u00e9tecteurs.\n<\/p><\/blockquote>\n<div class=\"row flex-column-reverse flex-lg-row\">\n<div class=\"col-md-6 col-ms-12 \">\n<ul>\n<li>Spark sp\u00e9cialiste pour d\u00e9tecter et rechercher de l\u2019or, du m\u00e9tal et des vides sous terre, avec une tr\u00e8s grande pr\u00e9cision.<\/li>\n<li>Haute qualit\u00e9 et performances pr\u00e9cises, fabrication de ce produit avec les meilleurs \u00e9lastom\u00e8res, composants \u00e9lectroniques et circuits aux normes internationales.<\/li>\n<li>Pris en charge cet appareil avec un panneau de commande simple, avec l\u2019interface fonctionne avec des touches de boutons et des LED, permet \u00e0 l\u2019utilisateur de contr\u00f4ler et de r\u00e9gler l\u2019appareil pour rechercher facilement, le panneau de commande se compose des \u00e9l\u00e9ments suivants\u00a0:<\/li>\n<\/ul>\n<p>1- Bouton ON\/OFF 2- Bouton de r\u00e9glage du volume 3- Bouton de s\u00e9lection du type de cible 4- Bouton de s\u00e9lection de la plage de profondeur 5- Bouton de s\u00e9lection de la plage de distance<\/p>\n<ul>\n<li>Contr\u00f4le en 5 modes de niveau sonore en plus d\u2019un mode silencieux ou vibreur.<\/li>\n<li>Indicateur LED de recherche et de signal, et se compose de trois niveaux.<\/li>\n<li>Indicateur LED des niveaux de batterie, et compos\u00e9 de 3 niveaux indique le niveau de la batterie.<\/li>\n<li>Interface LED montrant les modes de recherche s\u00e9lectionn\u00e9s comme le type de cible, la profondeur et la distance.<\/li>\n<li>Cibles, liste facultative : Or, Argent, Bronze et Grottes.<\/li>\n<li>Profondeur de recherche, liste facultative et d\u00e9marrage \u00e0 partir de 0 m et jusqu\u2019\u00e0 la profondeur s\u00e9lectionn\u00e9e : 1 m \u2013 3 m \u2013 5 m \u2013 7 m \u2013 10 m.<\/li>\n<li>Distance de recherche, liste facultative et d\u00e9marrage \u00e0 partir de 0 m et jusqu\u2019\u00e0 la profondeur s\u00e9lectionn\u00e9e : 25 m \u2013 50 m \u2013 100 m \u2013 150 m \u2013 200 m.<\/li>\n<li>Facile \u00e0 travailler et \u00e0 utiliser, tout le monde peut l\u2019utiliser.<\/li>\n<li>L\u2019appareil se caract\u00e9rise par sa petite taille, o\u00f9 il peut \u00eatre plac\u00e9 dans la poche et se d\u00e9placer \u00e0 munificence.<\/li>\n<li>L\u00e9ger, ce qui aide l\u2019utilisateur \u00e0 travailler sans effort ni fatigue.<\/li>\n<\/ul>\n<\/div>\n<div class=\"col-md-6 col-ms-12\">\n<div class=\"tab-image\"><img decoding=\"async\" src=\"https:\/\/old.mwf-metaldetectors.com\/wp-content\/uploads\/products\/spark\/en\/big-main-image-en.jpg\" alt=\"spark\" \/><\/div>\n<\/div>\n<\/div>\n<\/div>\n\t\t\t\t\t\t\t\t\t\t\t<\/div>\n\t\t\t\t<\/div>\n\t\t\t\t\t\t\t\n\t\t\t\t\n\t\t\t\t<div class=\"wd-accordion-item\">\n\t\t\t\t\t<div class=\"wd-accordion-title font-primary wd-fontsize-s text-left wd-opener-pos-left wd-font-weight-600\" data-accordion-index=\"1\">\n\t\t\t\t\t\t<div class=\"wd-accordion-title-text\">\n\t\t\t\t\t\t\t\t\t\t\t\t\t\t<span>\n\t\t\t\t\t\t\t\tSYST\u00c8MES DE D\u00c9TECTION\t\t\t\t\t\t\t<\/span>\n\t\t\t\t\t\t<\/div>\n\t\t\t\t\t\t<span class=\"wd-accordion-opener wd-opener-style-arrow\"><\/span>\n\t\t\t\t\t<\/div>\n\n\t\t\t\t\t<div class=\"wd-accordion-content reset-last-child\" data-accordion-index=\"1\">\n\t\t\t\t\t\t\t\t\t\t\t\t\t\n<div class=\"container\">\n<div class=\"row\">\n<div class=\"col-md-12 col-ms-12\">\n<ul>\n<li>Un syst\u00e8me d\u2019envoi et de r\u00e9ception du signal, avanc\u00e9 et pr\u00e9cis (HSW), qui est unique au groupe MWF, \u00e0 travers les \u00e9tudes et les processus de d\u00e9veloppement modernes sous forme de signal et charg\u00e9 sur un chemin d\u2019ondes \u00e0 haute sensibilit\u00e9.<\/li>\n<li>Syst\u00e8me int\u00e9gr\u00e9 de d\u00e9tection et de d\u00e9tection, o\u00f9 l\u2019appareil peut d\u00e9tecter les cibles en se dirigeant vers la cible et est accompagn\u00e9 d\u2019un indicateur d\u2019alarme acoustique vers la cible.<\/li>\n<li>Syst\u00e8mes internes de filtrage des signaux, pour \u00e9viter toute erreur inattendue en isolant tous les signaux r\u00e9sultants des effets magn\u00e9tiques du sol et des roches m\u00e9talliques.<\/li>\n<li>Le syst\u00e8me de r\u00e9glage automatique (ATS) fonctionne avec tous les types de terrains et de sols rocheux, montagneux, sablonneux et argileux.<\/li>\n<\/ul>\n<\/div>\n<\/div>\n<div class=\"row\">\n<div class=\"col-md-6 col-ms-12\">\n<div class=\"tab-image\"><img decoding=\"async\" src=\"https:\/\/old.mwf-metaldetectors.com\/wp-content\/uploads\/products\/spark\/en\/3.jpg\" alt=\"\" \/><\/div>\n<\/div>\n<div class=\"col-md-6 col-ms-12\">\n<div class=\"tab-image\"><img decoding=\"async\" src=\"https:\/\/old.mwf-metaldetectors.com\/wp-content\/uploads\/products\/spark\/en\/4.jpg\" alt=\"\" \/><\/div>\n<\/div>\n<\/div>\n<\/div>\n\t\t\t\t\t\t\t\t\t\t\t<\/div>\n\t\t\t\t<\/div>\n\t\t\t\t\t\t\t\n\t\t\t\t\n\t\t\t\t<div class=\"wd-accordion-item\">\n\t\t\t\t\t<div class=\"wd-accordion-title font-primary wd-fontsize-s text-left wd-opener-pos-left wd-font-weight-600\" data-accordion-index=\"2\">\n\t\t\t\t\t\t<div class=\"wd-accordion-title-text\">\n\t\t\t\t\t\t\t\t\t\t\t\t\t\t<span>\n\t\t\t\t\t\t\t\tSP\u00c9CIFICATIONS TECHNIQUES\t\t\t\t\t\t\t<\/span>\n\t\t\t\t\t\t<\/div>\n\t\t\t\t\t\t<span class=\"wd-accordion-opener wd-opener-style-arrow\"><\/span>\n\t\t\t\t\t<\/div>\n\n\t\t\t\t\t<div class=\"wd-accordion-content reset-last-child\" data-accordion-index=\"2\">\n\t\t\t\t\t\t\t\t\t\t\t\t\t\n<div class=\"container\">\n<table>\n<tbody>\n<tr>\n<th>SYST\u00c8ME DE RECHERCHE\u00a0:<\/th>\n<td>syst\u00e8me de d\u00e9tection longue distance (LDS)<\/td>\n<\/tr>\n<tr>\n<th>PRINCIPE DE RECHERCHE\u00a0:<\/th>\n<td>1. Traitement num\u00e9rique du signal de fr\u00e9quence (DFSP) \/ Pour recevoir les champs \u00e9lectrostatiques des cibles<\/td>\n<\/tr>\n<tr>\n<th>PROCESSEUR D\u2019EXPLOITATION\u00a0:<\/th>\n<td>M\u0130KROKONTROLLER PIC18<\/td>\n<\/tr>\n<tr>\n<th>FR\u00c9QUENCE DE RECHERCHE DE FONCTIONNEMENT\u00a0:<\/th>\n<td>De 1 kHz \u00e0 9 kHz<\/td>\n<\/tr>\n<tr>\n<th>PUISSANCE:<\/th>\n<td>4 piles AAA 1,5 volts \/ Equivalent de 6 volts interchangeables<\/td>\n<\/tr>\n<tr>\n<th>CONSOMMATION D\u2019\u00c9NERGIE:<\/th>\n<td>Consommation maximale 25 mAh<\/td>\n<\/tr>\n<tr>\n<th>VIE DE LA BATTERIE:<\/th>\n<td>32 heures de travail<\/td>\n<\/tr>\n<tr>\n<th>TYPE D\u2019AFFICHAGE:<\/th>\n<td>Interface LED<\/td>\n<\/tr>\n<tr>\n<th>SP\u00c9CIALIS\u00c9 EN D\u00c9TECTE :<\/th>\n<td>Or \u2013 Argent \u2013 \u200b\u200bBronze \u2013 Grottes<\/td>\n<\/tr>\n<tr>\n<th>CIBLE LA DISCRIMINATION\u00a0:<\/th>\n<td>Oui<\/td>\n<\/tr>\n<tr>\n<th>SYST\u00c8ME DE S\u00c9LECTION DES CIBLES\u00a0:<\/th>\n<td>Oui, peut choisir le type de cible avant le d\u00e9but de la recherche<\/td>\n<\/tr>\n<tr>\n<th>RECHERCHE EN PROFONDEUR\u00a0:<\/th>\n<td>10m, avec le syst\u00e8me de contr\u00f4le au niveau de la profondeur<\/td>\n<\/tr>\n<tr>\n<th>RECHERCHE \u00c0 DISTANCE\u00a0:<\/th>\n<td>200m, avec le syst\u00e8me de contr\u00f4le au niveau de la distance<\/td>\n<\/tr>\n<tr>\n<th>RETOUR SUR LES R\u00c9SULTATS\u00a0:<\/th>\n<td>Gr\u00e2ce \u00e0 l\u2019orientation vers l\u2019emplacement cible accompagn\u00e9e d\u2019alertes acoustiques<\/td>\n<\/tr>\n<tr>\n<th>SYST\u00c8ME DE GUIDAGE INTELLIGENT AUTOMATIQUE\u00a0:<\/th>\n<td>Oui, via l\u2019interface Smart LDEs pour localiser le chemin cible.<\/td>\n<\/tr>\n<tr>\n<th>ALERTES VOCALES\u00a0:<\/th>\n<td>Oui<\/td>\n<\/tr>\n<tr>\n<th>VIBREUR:<\/th>\n<td>Oui<\/td>\n<\/tr>\n<tr>\n<th>TEMP\u00c9RATURE DE FONCTIONNEMENT\u00a0:<\/th>\n<td>De -15\u00b0C \u00e0 60\u00b0C<\/td>\n<\/tr>\n<tr>\n<th>TEMP\u00c9RATURE DE STOCKAGE:<\/th>\n<td>De -15\u00b0C \u00e0 40\u00b0C<\/td>\n<\/tr>\n<tr>\n<th>HUMIDIT\u00c9:<\/th>\n<td>Il peut \u00eatre stock\u00e9 et fonctionner dans un taux d\u2019humidit\u00e9 de l\u2019air de 90\u00a0%.<\/td>\n<\/tr>\n<tr>\n<th>LESTER:<\/th>\n<td>Compos\u00e9 : 700 gr \u2013 disjoint dans le sac : 1 kg<\/td>\n<\/tr>\n<tr>\n<th>DIMENSIONS:<\/th>\n<td>16X9.5X2.5cm<\/td>\n<\/tr>\n<tr>\n<th>DIMENSIONS DU SAC\u00a0:<\/th>\n<td>20X15X5cm<\/td>\n<\/tr>\n<\/tbody>\n<\/table>\n<\/div>\n\t\t\t\t\t\t\t\t\t\t\t<\/div>\n\t\t\t\t<\/div>\n\t\t\t\t\t\t\t\n\t\t\t\t\n\t\t\t\t<div class=\"wd-accordion-item\">\n\t\t\t\t\t<div class=\"wd-accordion-title font-primary wd-fontsize-s text-left wd-opener-pos-left wd-font-weight-600\" data-accordion-index=\"3\">\n\t\t\t\t\t\t<div class=\"wd-accordion-title-text\">\n\t\t\t\t\t\t\t\t\t\t\t\t\t\t<span>\n\t\t\t\t\t\t\t\tACCESSOIRES\t\t\t\t\t\t\t<\/span>\n\t\t\t\t\t\t<\/div>\n\t\t\t\t\t\t<span class=\"wd-accordion-opener wd-opener-style-arrow\"><\/span>\n\t\t\t\t\t<\/div>\n\n\t\t\t\t\t<div class=\"wd-accordion-content reset-last-child\" data-accordion-index=\"3\">\n\t\t\t\t\t\t\t\t\t\t\t\t\t\n<div class=\"container\">\n<p><strong>Pi\u00e8ces &amp; Accessoires:<\/strong><\/p>\n<ul>\n<li>L\u2019unit\u00e9 principale de l\u2019appareil (unit\u00e9 de recherche et de contr\u00f4le).<\/li>\n<li>Antenne \u00e9metteur-r\u00e9cepteur.<\/li>\n<li>Bo\u00eetier en plastique de l\u2019appareil (anti-choc).<\/li>\n<li>Chargeur \u00e9lectrique.<\/li>\n<li>Carte de garantie de 3 ans.<\/li>\n<li>Guide de l\u2019utilisateur.<\/li>\n<li>DVD didactique.<\/li>\n<\/ul>\n<div class=\"row\">\n<div class=\"col-sm \">\n<p><img decoding=\"async\" loading=\"lazy\" class=\"tab-image mt-5\" src=\"https:\/\/old.mwf-metaldetectors.com\/wp-content\/uploads\/products\/spark\/en\/main-unit-en.jpg\" width=\"497\" height=\"696\" \/><\/p>\n<div class=\"accessories-title text-center \">\n<div class=\"col-sm \">\n<div class=\"accessories-title text-center \">\n<h5>Unit\u00e9 principale<\/h5>\n<\/div>\n<\/div>\n<\/div>\n<\/div>\n<div class=\"col-sm \">\n<p><img decoding=\"async\" loading=\"lazy\" class=\"tab-image mt-5\" src=\"https:\/\/old.mwf-metaldetectors.com\/wp-content\/uploads\/products\/spark\/en\/6.jpg\" width=\"497\" height=\"696\" \/><\/p>\n<div class=\"accessories-title text-center \">\n<div class=\"col-sm \">\n<div class=\"accessories-title text-center \">\n<h5>Antenne \u00e9metteur-r\u00e9cepteur<\/h5>\n<\/div>\n<\/div>\n<\/div>\n<\/div>\n<div class=\"col-sm \">\n<p><img decoding=\"async\" loading=\"lazy\" class=\"tab-image mt-5\" src=\"https:\/\/old.mwf-metaldetectors.com\/wp-content\/uploads\/products\/spark\/en\/5.jpg\" width=\"497\" height=\"696\" \/><\/p>\n<div class=\"accessories-title text-center \">\n<h5>Saisir<\/h5>\n<\/div>\n<\/div>\n<\/div>\n<\/div>\n\t\t\t\t\t\t\t\t\t\t\t<\/div>\n\t\t\t\t<\/div>\n\t\t\t\t\t\t\t\n\t\t\t\t\n\t\t\t\t<div class=\"wd-accordion-item\">\n\t\t\t\t\t<div class=\"wd-accordion-title font-primary wd-fontsize-s text-left wd-opener-pos-left wd-font-weight-600\" data-accordion-index=\"4\">\n\t\t\t\t\t\t<div class=\"wd-accordion-title-text\">\n\t\t\t\t\t\t\t\t\t\t\t\t\t\t<span>\n\t\t\t\t\t\t\t\tMANUEL DE L&#039;UTILISATEUR\t\t\t\t\t\t\t<\/span>\n\t\t\t\t\t\t<\/div>\n\t\t\t\t\t\t<span class=\"wd-accordion-opener wd-opener-style-arrow\"><\/span>\n\t\t\t\t\t<\/div>\n\n\t\t\t\t\t<div class=\"wd-accordion-content reset-last-child\" data-accordion-index=\"4\">\n\t\t\t\t\t\t\t\t\t\t\t\t\t\n<div class=\"container\">\n<p>Pour lire ou t\u00e9l\u00e9charger le livre, cliquez\u00a0\u00a0<a href=\"https:\/\/mwf-metaldetectors.com\/user-manual\/en\/spark.pdf\" target=\"_blank\" rel=\"noopener\">ici<\/a><\/p>\n<div class=\"col-md-12 col-ms-12 text-center user-img\">\n<div class=\"my-3\"><a href=\"https:\/\/mwf-metaldetectors.com\/user-manual\/en\/spark.pdf\" target=\"_blank\" rel=\"noopener\"><br \/>\n<img decoding=\"async\" class=\"tab-image\" src=\"https:\/\/mwf-metaldetectors.com\/user-manual\/en\/spark.jpg\" alt=\"\" \/><\/a><\/div>\n<\/div>\n<\/div>\n\t\t\t\t\t\t\t\t\t\t\t<\/div>\n\t\t\t\t<\/div>\n\t\t\t\t\t\t\t\t\t\t\t\t\t\t<\/div>\n\n\t\t[\/vc_column][\/vc_row]<\/p>\n<\/section>","protected":false},"excerpt":{"rendered":"<p>[vc_row woodmart_css_id=\u00a0\u00bb6380db64924c3&Prime; responsive_spacing=\u00a0\u00bbeyJwYXJhbV90eXBlIjoid29vZG1hcnRfcmVzcG9uc2l2ZV9zcGFjaW5nIiwic2VsZWN0b3JfaWQiOiI2MzgwZGI2NDkyNGMzIiwic2hvcnRjb2RlIjoidmNfcm93IiwiZGF0YSI6eyJ0YWJsZXQiOnt9LCJtb2JpbGUiOnt9fX0=\u00a0\u00bb mobile_bg_img_hidden=\u00a0\u00bbno\u00a0\u00bb tablet_bg_img_hidden=\u00a0\u00bbno\u00a0\u00bb woodmart_parallax=\u00a0\u00bb0&Prime; woodmart_gradient_switch=\u00a0\u00bbno\u00a0\u00bb woodmart_box_shadow=\u00a0\u00bbno\u00a0\u00bb wd_z_index=\u00a0\u00bbno\u00a0\u00bb woodmart_disable_overflow=\u00a0\u00bb0&Prime; row_reverse_mobile=\u00a0\u00bb0&Prime; row_reverse_tablet=\u00a0\u00bb0&Prime;][vc_column][\/vc_column][\/vc_row]<\/p>\n","protected":false},"featured_media":9101,"comment_status":"closed","ping_status":"closed","template":"","meta":[],"product_cat":[143,138,147,190,184],"product_tag":[],"_links":{"self":[{"href":"https:\/\/mwf-morocco.com\/fr\/wp-json\/wp\/v3\/product\/10253"}],"collection":[{"href":"https:\/\/mwf-morocco.com\/fr\/wp-json\/wp\/v3\/product"}],"about":[{"href":"https:\/\/mwf-morocco.com\/fr\/wp-json\/wp\/v2\/types\/product"}],"replies":[{"embeddable":true,"href":"https:\/\/mwf-morocco.com\/fr\/wp-json\/wp\/v2\/comments?post=10253"}],"wp:featuredmedia":[{"embeddable":true,"href":"https:\/\/mwf-morocco.com\/fr\/wp-json\/wp\/v2\/media\/9101"}],"wp:attachment":[{"href":"https:\/\/mwf-morocco.com\/fr\/wp-json\/wp\/v2\/media?parent=10253"}],"wp:term":[{"taxonomy":"product_cat","embeddable":true,"href":"https:\/\/mwf-morocco.com\/fr\/wp-json\/wp\/v2\/product_cat?post=10253"},{"taxonomy":"product_tag","embeddable":true,"href":"https:\/\/mwf-morocco.com\/fr\/wp-json\/wp\/v2\/product_tag?post=10253"}],"curies":[{"name":"wp","href":"https:\/\/api.w.org\/{rel}","templated":true}]}}