{"id":10257,"date":"2022-11-16T12:56:08","date_gmt":"2022-11-16T12:56:08","guid":{"rendered":"https:\/\/mwf-morocco.com\/product\/gf-1000\/"},"modified":"2022-12-13T12:59:57","modified_gmt":"2022-12-13T12:59:57","slug":"gf-1000","status":"publish","type":"product","link":"https:\/\/mwf-morocco.com\/fr\/produit\/gf-1000\/","title":{"rendered":"GF 1000"},"content":{"rendered":"<section class=\"wpb-content-wrapper\"><p>[vc_row woodmart_css_id=\u00a0\u00bb6380db64924c3&Prime; responsive_spacing=\u00a0\u00bbeyJwYXJhbV90eXBlIjoid29vZG1hcnRfcmVzcG9uc2l2ZV9zcGFjaW5nIiwic2VsZWN0b3JfaWQiOiI2MzgwZGI2NDkyNGMzIiwic2hvcnRjb2RlIjoidmNfcm93IiwiZGF0YSI6eyJ0YWJsZXQiOnt9LCJtb2JpbGUiOnt9fX0=\u00a0\u00bb mobile_bg_img_hidden=\u00a0\u00bbno\u00a0\u00bb tablet_bg_img_hidden=\u00a0\u00bbno\u00a0\u00bb woodmart_parallax=\u00a0\u00bb0&Prime; woodmart_gradient_switch=\u00a0\u00bbno\u00a0\u00bb woodmart_box_shadow=\u00a0\u00bbno\u00a0\u00bb wd_z_index=\u00a0\u00bbno\u00a0\u00bb woodmart_disable_overflow=\u00a0\u00bb0&Prime; row_reverse_mobile=\u00a0\u00bb0&Prime; row_reverse_tablet=\u00a0\u00bb0&Prime;][vc_column]\n\t\t<div id=\"wd-637e341d284e0\" class=\"wd-accordion wd-wpb wd-rs-637e341d284e0  wd-style-default\" data-state=\"first\">\n\t\t\t\t\t\t\t\n\t\t\t\t\n\t\t\t\t<div class=\"wd-accordion-item\">\n\t\t\t\t\t<div class=\"wd-accordion-title wd-active font-primary wd-fontsize-s text-left wd-opener-pos-left wd-font-weight-600\" data-accordion-index=\"0\">\n\t\t\t\t\t\t<div class=\"wd-accordion-title-text\">\n\t\t\t\t\t\t\t\t\t\t\t\t\t\t<span>\n\t\t\t\t\t\t\t\tDESCRIPTION\t\t\t\t\t\t\t<\/span>\n\t\t\t\t\t\t<\/div>\n\t\t\t\t\t\t<span class=\"wd-accordion-opener wd-opener-style-arrow\"><\/span>\n\t\t\t\t\t<\/div>\n\n\t\t\t\t\t<div class=\"wd-accordion-content reset-last-child wd-active\" data-accordion-index=\"0\">\n\t\t\t\t\t\t\t\t\t\t\t\t\t\n<div class=\"container\">\n<h4>GF 1000 (33 d\u00e9tecteurs d\u2019\u00e9l\u00e9ments) Le premier du genre et le plus r\u00e9cent au monde \u00e0 d\u00e9tecter la richesse min\u00e9rale<\/h4>\n<blockquote><p>\npierres pr\u00e9cieuses et raret\u00e9s min\u00e9rales dans le sol, cet appareil fonctionne sur des techniques de d\u00e9tection avanc\u00e9es pour d\u00e9tecter et rechercher 33 \u00e9l\u00e9ments diff\u00e9rents dans le sol d\u2019or, de diamants et de minerais m\u00e9talliques, Cet appareil a \u00e9t\u00e9 grandement d\u00e9velopp\u00e9 et \u00e9quip\u00e9 de syst\u00e8mes de d\u00e9tection au-del\u00e0 de l\u2019imagination , et a men\u00e9 de nombreuses exp\u00e9riences et tests en Afrique, en Am\u00e9rique latine et au Moyen-Orient, et a obtenu des succ\u00e8s impressionnants et a \u00e9t\u00e9 une raison majeure pour extraire des tonnes de m\u00e9taux pr\u00e9cieux et de pierres pr\u00e9cieuses rares, cet appareil d\u00e9tecte des cibles \u00e0 une profondeur de 200 m\u00e8tres sous terre, et d\u00e9tecte les cibles \u00e0 une distance allant jusqu\u2019\u00e0 2500 m\u00e8tres.\n<\/p><\/blockquote>\n<div class=\"row flex-column-reverse flex-lg-row\">\n<div class=\"col-md-6 col-ms-12 \">\n<ul>\n<li>Le GF 1000 a de grandes capacit\u00e9s, de grandes caract\u00e9ristiques et fonctions en font le premier appareil de confiance, pour commencer des op\u00e9rations d\u2019exploration r\u00e9ussies.<\/li>\n<li>Un appareil sp\u00e9cialis\u00e9 dans la recherche et la d\u00e9tection de minerai d\u2019or, de diamants, de pierres pr\u00e9cieuses, de minerais et de raret\u00e9s min\u00e9rales.<\/li>\n<li>Grande pr\u00e9cision in\u00e9gal\u00e9e dans la sp\u00e9cification et la d\u00e9tection des cibles et confirmation de l\u2019existence de la cible \u00e0 100% sans aucune erreur.<\/li>\n<li>Grande vitesse pour fournir les r\u00e9sultats \u00e0 l\u2019utilisateur avec des donn\u00e9es int\u00e9gr\u00e9es et compl\u00e8tes sur la cible et le centre du point.<\/li>\n<li>L\u2019\u00e9cran couleur TFT 3,2 pouces HD offre \u00e0 l\u2019utilisateur une vision claire de jour comme de nuit.<\/li>\n<li>Syst\u00e8me de verrouillage de l\u2019appareil, l\u2019utilisateur peut d\u00e9finir un mot de passe pour l\u2019appareil, donc personne ne peut ex\u00e9cuter l\u2019appareil uniquement par le propri\u00e9taire, et cela se fera via l\u2019interface de code PIN.<\/li>\n<li>Les \u00e9couteurs sans fil fonctionnent (sans fil) peuvent \u00eatre contr\u00f4l\u00e9s via les param\u00e8tres de l\u2019appareil.<\/li>\n<li>Technologie Bluetooth pour communiquer avec les unit\u00e9s qui n\u00e9cessitent une conduction avec l\u2019appareil via Bluetooth.<\/li>\n<li>Multi langues.<\/li>\n<li>Pour la premi\u00e8re fois \u00e0 l\u2019\u00e9chelle mondiale dans les appareils de d\u00e9tection et d\u2019exploration exclusivement au groupe MWF, l\u2019appareil est pris en charge avec des syst\u00e8mes d\u2019exploitation et de d\u00e9tection intelligents, des interfaces intelligentes, un syst\u00e8me d\u2019\u00e9conomie d\u2019\u00e9nergie, un syst\u00e8me de charge intelligent, multilingue et m\u00e9morise la langue de l\u2019appareil, Enregistrer les param\u00e8tres, Contr\u00f4le intelligent, La technologie Bluetooth et la r\u00e9initialisation d\u2019usine, tout cela et plus encore via le syst\u00e8me d\u2019exploitation (Bear Claw ).<\/li>\n<li>Syst\u00e8mes internes de filtrage du signal, pour \u00e9viter toute confusion r\u00e9sultant de toutes les hautes fr\u00e9quences telles que les ondes radio pr\u00e9sentes dans l\u2019air ou autre.<\/li>\n<\/ul>\n<\/div>\n<div class=\"col-md-6 col-ms-12 \">\n<div class=\"tab-image\"><img decoding=\"async\" src=\"https:\/\/old.mwf-metaldetectors.com\/wp-content\/uploads\/products\/gf1000\/en\/big-main-image-en.jpg\" \/><\/div>\n<\/div>\n<\/div>\n<ul>\n<li>Syst\u00e8me de r\u00e9glage automatique (ATS) Invention sp\u00e9ciale et nouvelle, enregistr\u00e9e en faveur de MWF GROUP, ce syst\u00e8me fournit des r\u00e9sultats pr\u00e9cis et certains dans tous les types de sols et de terrains, car le syst\u00e8me reconna\u00eet automatiquement le sol, accorde au processus de recherche un r\u00e9glage automatique proportionn\u00e9 \u00e0 la type de sol et propri\u00e9t\u00e9s du sol, Avec l\u2019abolition de tout chevauchement de rayonnement r\u00e9sultant de l\u2019effet de territoire rocheux et montagneux, qui peut affecter beaucoup d\u2019autres d\u00e9tecteurs, mais ce syst\u00e8me intelligent, peut trier et analyser et fournir les niveaux n\u00e9cessaires qui se rapportent de signal de fr\u00e9quence, tension et longueur d\u2019onde du signal qui donne des r\u00e9sultats exempts de toute erreur.<\/li>\n<li>Contr\u00f4lez le niveau de luminosit\u00e9 de l\u2019\u00e9cran, ce qui vous donne un \u00e9clairage ad\u00e9quat pour le jour ou la nuit, et r\u00e9duisez \u00e9galement le niveau d\u2019\u00e9clairage pour \u00e9conomiser de l\u2019\u00e9nergie.<\/li>\n<li>Cinq niveaux de son vous offrent un contr\u00f4le ad\u00e9quat de la sortie sonore et signalent les sons des r\u00e9sultats de la recherche, ainsi que le mode vibreur ou le mode silencieux et la suffisance par les r\u00e9sultats visuels.<\/li>\n<li>L\u2019appareil prend en charge une horloge num\u00e9rique, avec une interface de r\u00e9glage de l\u2019heure.<\/li>\n<li>Fonction intelligente de batterie et de charge, qui donne \u00e0 l\u2019utilisateur un suivi pr\u00e9cis du niveau de la batterie et des avis sur le niveau de la batterie et des alertes avant l\u2019entr\u00e9e en vigueur de l\u2019alimentation, avec des syst\u00e8mes de charge intelligents qui permettent \u00e0 l\u2019utilisateur de suivre \u00e9galement la charge de la batterie lorsque l\u2019appareil est allum\u00e9 ou \u00e9teint , et pour conna\u00eetre le niveau de charge ajout\u00e9, le tout en temps r\u00e9el.<\/li>\n<li>Performances de haute qualit\u00e9 et pr\u00e9cises, fabrication de ce produit avec les meilleurs \u00e9lastom\u00e8res, composants \u00e9lectroniques et circuits conformes aux normes internationales.<\/li>\n<li>La conception ergonomique et la forme simplifi\u00e9e vous donnent le pouvoir de rechercher et de naviguer avec l\u00e9g\u00e8ret\u00e9 et facilit\u00e9 d\u2019utilisation, ce qui joue un r\u00f4le important dans des r\u00e9sultats rapides et simples.<\/li>\n<li>Facile \u00e0 travailler et \u00e0 utiliser, tout le monde peut l\u2019utiliser.<\/li>\n<li>Prend en charge cet appareil avec un panneau de commande simple, fonctionne avec une interface de boutons, permet \u00e0 l\u2019utilisateur de contr\u00f4ler et de configurer l\u2019appareil pour rechercher facilement, le panneau de commande se compose des \u00e9l\u00e9ments suivants\u00a0:\n<ul>\n<li>Bouton marche\/arr\u00eat<\/li>\n<li>Bouton de contr\u00f4le de la luminosit\u00e9 de l\u2019\u00e9cran, (externe rapide abr\u00e9g\u00e9)<\/li>\n<li>Bouton de r\u00e9glage du volume (abr\u00e9g\u00e9 rapide externe)<\/li>\n<li>Bouton Retour<\/li>\n<li>Le joystick vous permet de vous d\u00e9placer rapidement dans les param\u00e8tres et les fonctions de l\u2019appareil, compos\u00e9 de 4 boutons pour vous d\u00e9placer vers le haut, le bas, la gauche et la droite.<\/li>\n<li>OK bouton<\/li>\n<li>Bouton de suivi et de mise au point cible<\/li>\n<\/ul>\n<\/li>\n<\/ul>\n<\/div>\n\t\t\t\t\t\t\t\t\t\t\t<\/div>\n\t\t\t\t<\/div>\n\t\t\t\t\t\t\t\n\t\t\t\t\n\t\t\t\t<div class=\"wd-accordion-item\">\n\t\t\t\t\t<div class=\"wd-accordion-title font-primary wd-fontsize-s text-left wd-opener-pos-left wd-font-weight-600\" data-accordion-index=\"1\">\n\t\t\t\t\t\t<div class=\"wd-accordion-title-text\">\n\t\t\t\t\t\t\t\t\t\t\t\t\t\t<span>\n\t\t\t\t\t\t\t\tSYST\u00c8MES DE D\u00c9TECTION\t\t\t\t\t\t\t<\/span>\n\t\t\t\t\t\t<\/div>\n\t\t\t\t\t\t<span class=\"wd-accordion-opener wd-opener-style-arrow\"><\/span>\n\t\t\t\t\t<\/div>\n\n\t\t\t\t\t<div class=\"wd-accordion-content reset-last-child\" data-accordion-index=\"1\">\n\t\t\t\t\t\t\t\t\t\t\t\t\t\n<div class=\"container\">\n<div class=\"row\">\n<div class=\"col-md-6 col-ms-12\">\n<h4><strong>Syst\u00e8me de d\u00e9tection pris en charge par l\u2019appareil :<\/strong><\/h4>\n<ol>\n<li><strong>Avanc\u00e9 \u2013 Syst\u00e8me de localisation longue port\u00e9e\u00a0:<\/strong><\/li>\n<\/ol>\n<ul>\n<li>De nombreuses nouvelles technologies ajout\u00e9es \u00e0 notre syst\u00e8me de localisation \u00e0 longue port\u00e9e, la technologie exclusive est sans pr\u00e9c\u00e9dent, ce syst\u00e8me fonctionne pour d\u00e9tecter et localiser des cibles de loin, il dirige l\u2019utilisateur et sa direction directement vers l\u2019emplacement de la cible.<\/li>\n<li>Syst\u00e8me int\u00e9gr\u00e9 de d\u00e9tection et de d\u00e9tection, o\u00f9 l\u2019appareil peut d\u00e9tecter les cibles en se dirigeant vers la cible et est accompagn\u00e9 d\u2019un indicateur d\u2019alarme acoustique vers la cible avec pr\u00e9cision.<\/li>\n<li>Syst\u00e8me de guidage intelligent automatique, pour localiser le chemin et la direction de la cible, via une interface graphique sp\u00e9ciale, o\u00f9 ce syst\u00e8me donne \u00e0 l\u2019utilisateur une identification automatique et une vision de la direction et de l\u2019emplacement de la cible.<\/li>\n<li>Interface de contr\u00f4le intelligente pour ajuster les niveaux, les capacit\u00e9s de recherche et le type de cible que vous souhaitez \u00e9galement rechercher.<\/li>\n<li>La liste des cibles, compos\u00e9e de 33 cibles diff\u00e9rentes, peut choisir n\u2019importe quelle cible de cette liste pour la rechercher s\u00e9par\u00e9ment, et les cibles sont le diamant, l\u2019\u00e9meraude, le saphir, le grenat, la topaze, le quartz, le zircon, l\u2019am\u00e9thyste, les m\u00e9t\u00e9orites, le lapis-lazuli, la tourmaline, la tantalite, la columbite , Cassit\u00e9rite, Minerai d\u2019or, Plomb, Zinc, Minerai de cuivre, Wolframite, Charbon, Fer, Nickel, Argent, Platine, Aluminium, M\u00e9lange de min\u00e9raux, Chrome, Iridium, Osmium, Palladium, Indium, Tanzanite, Mercure.<\/li>\n<\/ul>\n<\/div>\n<div class=\"col-md-6 col-ms-12\">\n<div class=\"tab-image\"><img decoding=\"async\" src=\"https:\/\/old.mwf-metaldetectors.com\/wp-content\/uploads\/products\/gf1000\/en\/2.jpg\" alt=\"\" \/><\/div>\n<\/div>\n<div class=\"col-md-12 col-ms-12\">\n<ul>\n<li>L\u2019interface de r\u00e9glage pr\u00e9cis des param\u00e8tres de recherche, Multilevel pour pr\u00e9-contr\u00f4ler les niveaux de profondeur et de distance de la recherche :<\/li>\n<li>Profondeur jusqu\u2019\u00e0 200 m\u00e8tres avec une propri\u00e9t\u00e9 de contr\u00f4le du niveau de signal des profondeurs de recherche, via la liste des options de profondeurs, et \u00e0 partir de 0 jusqu\u2019\u00e0 la profondeur s\u00e9lectionn\u00e9e : 1 m \u2013 3 m \u2013 5 m \u2013 10 m \u2013 25 m \u2013 50 m \u2013 100 m \u2013 150 m \u2013 200 m .<\/li>\n<li>Recherche de distance jusqu\u2019\u00e0 2500m, avec une propri\u00e9t\u00e9 de contr\u00f4le au niveau de l\u2019onde de diffusion avant, \u00e0 travers la liste des options de distance et \u00e0 partir de 0 jusqu\u2019\u00e0 la distance s\u00e9lectionn\u00e9e : 100m \u2013 250m \u2013 500m \u2013 750m \u2013 1000m \u2013 1250m \u2013 1500m \u2013 2000m \u2013 2500m.<\/li>\n<li>La fonction laser guid\u00e9 peut \u00eatre activ\u00e9e ou d\u00e9sactiv\u00e9e \u00e0 partir de l\u2019interface syst\u00e8me.<\/li>\n<li>\u00c9quip\u00e9 d\u2019un dispositif de diffusion int\u00e9gr\u00e9 fonctionnant sur deux syst\u00e8mes, un syst\u00e8me de filtre de signal pour confirmer le site cible et un syst\u00e8me d\u2019\u00e9metteur au sol pour renforcer le signal.<\/li>\n<\/ul>\n<\/div>\n<\/div>\n<\/div>\n\t\t\t\t\t\t\t\t\t\t\t<\/div>\n\t\t\t\t<\/div>\n\t\t\t\t\t\t\t\n\t\t\t\t\n\t\t\t\t<div class=\"wd-accordion-item\">\n\t\t\t\t\t<div class=\"wd-accordion-title font-primary wd-fontsize-s text-left wd-opener-pos-left wd-font-weight-600\" data-accordion-index=\"2\">\n\t\t\t\t\t\t<div class=\"wd-accordion-title-text\">\n\t\t\t\t\t\t\t\t\t\t\t\t\t\t<span>\n\t\t\t\t\t\t\t\tSP\u00c9CIFICATIONS TECHNIQUES\t\t\t\t\t\t\t<\/span>\n\t\t\t\t\t\t<\/div>\n\t\t\t\t\t\t<span class=\"wd-accordion-opener wd-opener-style-arrow\"><\/span>\n\t\t\t\t\t<\/div>\n\n\t\t\t\t\t<div class=\"wd-accordion-content reset-last-child\" data-accordion-index=\"2\">\n\t\t\t\t\t\t\t\t\t\t\t\t\t\n<div class=\"container\">\n<table>\n<tbody>\n<tr>\n<td><strong>Syst\u00e8me de recherche\u00a0<\/strong><strong>:<\/strong><\/td>\n<td>Syst\u00e8me de localisation avanc\u00e9 \u00e0 longue port\u00e9e<\/td>\n<\/tr>\n<tr>\n<td><strong>Principe de recherche :<\/strong><\/td>\n<td>Traitement num\u00e9rique du signal de fr\u00e9quence (DFSP) \/ Pour recevoir les champs \u00e9lectrostatiques des cibles<\/td>\n<\/tr>\n<tr>\n<td><strong>Processeur d\u2019exploitation\u00a0:<\/strong><\/td>\n<td>MICROCONTROLEUR PIC18 &amp; ARM 7<\/td>\n<\/tr>\n<tr>\n<td><strong>Fr\u00e9quence de recherche d\u2019exploitation\u00a0:<\/strong><\/td>\n<td>Fr\u00e9quences sp\u00e9ciales<\/td>\n<\/tr>\n<tr>\n<td><strong>Du pouvoir:<\/strong><\/td>\n<td>3.7V Li-ion 1600 mAh<\/td>\n<\/tr>\n<tr>\n<td><strong>Consommation d\u2019\u00e9nergie:<\/strong><\/td>\n<td>Consommation maximale 200 mA<\/td>\n<\/tr>\n<tr>\n<td><strong>Vie de la batterie:<\/strong><\/td>\n<td>6 heures de travail<\/td>\n<\/tr>\n<tr>\n<td><strong>Chargeur:<\/strong><\/td>\n<td>5,1 volts 3 amp\u00e8res \/ temps de charge 2 heures<\/td>\n<\/tr>\n<tr>\n<td><strong>Type d\u2019affichage:<\/strong><\/td>\n<td>Moniteur couleur TFT 3.2\u2033, 65536 couleurs, 48Mhz, GPU CDMA<\/td>\n<\/tr>\n<tr>\n<td><strong>Sp\u00e9cialis\u00e9 en d\u00e9tection :<\/strong><\/td>\n<td>Diamant, \u00c9meraude, Saphir, Grenat, Topaze, Quartz, Zircon, Am\u00e9thyste, M\u00e9t\u00e9orites, Lapis-lazuli, Tourmaline, Tantalite, Columbite, Cassit\u00e9rite, Minerai d\u2019or, Plomb, Zinc, Minerai de cuivre, Wolframite, Charbon, Fer, Nickel, Argent, Platine , Aluminium, M\u00e9lange Min\u00e9ral, Chrome, Iridium, Osmium, Palladium, Indium, Tanzanite, Mercure.<\/td>\n<\/tr>\n<tr>\n<td><strong>Cible la discrimination :<\/strong><\/td>\n<td>Oui<\/td>\n<\/tr>\n<tr>\n<td><strong>Syst\u00e8me de s\u00e9lection cible\u00a0:<\/strong><\/td>\n<td>Oui, possibilit\u00e9 de choisir le type de cible avant de lancer la recherche dans la liste des cibles<\/td>\n<\/tr>\n<tr>\n<td><strong>Recherche en profondeur\u00a0:<\/strong><\/td>\n<td>200 m\u00e8tres<\/td>\n<\/tr>\n<tr>\n<td><strong>Recherche \u00e0 distance\u00a0:<\/strong><\/td>\n<td>2500 m\u00e8tres<\/td>\n<\/tr>\n<tr>\n<td><strong>R\u00e9troaction des r\u00e9sultats\u00a0:<\/strong><\/td>\n<td>Gr\u00e2ce \u00e0 l\u2019orientation vers l\u2019emplacement cible accompagn\u00e9e d\u2019alertes sonores + graphiques et vibratoires.<\/td>\n<\/tr>\n<tr>\n<td><strong>Bluetooth:<\/strong><\/td>\n<td>oui<\/td>\n<\/tr>\n<tr>\n<td><strong>Sans fil:<\/strong><\/td>\n<td>oui<\/td>\n<\/tr>\n<tr>\n<td><strong>Syst\u00e8me de guidage intelligent automatique\u00a0:<\/strong><\/td>\n<td>Oui, par l\u2019interface graphique pour localiser le chemin et la direction de la cible, et les commandes acoustiques<\/td>\n<\/tr>\n<tr>\n<td><strong>Alertes vocales\u00a0:<\/strong><\/td>\n<td>Oui<\/td>\n<\/tr>\n<tr>\n<td><strong>Vibreur:<\/strong><\/td>\n<td>Oui<\/td>\n<\/tr>\n<tr>\n<td><strong>Temp\u00e9rature de fonctionnement\u00a0:<\/strong><\/td>\n<td>De -15\u00b0C \u00e0 60\u00b0C<\/td>\n<\/tr>\n<tr>\n<td><strong>Temp\u00e9rature de stockage:<\/strong><\/td>\n<td>De -15\u00b0C \u00e0 40\u00b0C<\/td>\n<\/tr>\n<tr>\n<td><strong>Humidit\u00e9:<\/strong><\/td>\n<td>Il peut \u00eatre stock\u00e9 et fonctionner dans un taux d\u2019humidit\u00e9 de l\u2019air de 90\u00a0%.<\/td>\n<\/tr>\n<tr>\n<td><strong>Lester:<\/strong><\/td>\n<td>Compos\u00e9 : 1,2 kg \u2013 disjoint dans le sac : 2,7 kg<\/td>\n<\/tr>\n<tr>\n<td><strong>Dimensions:<\/strong><\/td>\n<td>18,9 \u00d7 10,4 \u00d7 5,8 cm<\/td>\n<\/tr>\n<tr>\n<td><strong>Dimension sac :<\/strong><\/td>\n<td>40x33x17cm<\/td>\n<\/tr>\n<\/tbody>\n<\/table>\n<\/div>\n\t\t\t\t\t\t\t\t\t\t\t<\/div>\n\t\t\t\t<\/div>\n\t\t\t\t\t\t\t\n\t\t\t\t\n\t\t\t\t<div class=\"wd-accordion-item\">\n\t\t\t\t\t<div class=\"wd-accordion-title font-primary wd-fontsize-s text-left wd-opener-pos-left wd-font-weight-600\" data-accordion-index=\"3\">\n\t\t\t\t\t\t<div class=\"wd-accordion-title-text\">\n\t\t\t\t\t\t\t\t\t\t\t\t\t\t<span>\n\t\t\t\t\t\t\t\tACCESSOIRES\t\t\t\t\t\t\t<\/span>\n\t\t\t\t\t\t<\/div>\n\t\t\t\t\t\t<span class=\"wd-accordion-opener wd-opener-style-arrow\"><\/span>\n\t\t\t\t\t<\/div>\n\n\t\t\t\t\t<div class=\"wd-accordion-content reset-last-child\" data-accordion-index=\"3\">\n\t\t\t\t\t\t\t\t\t\t\t\t\t\n<div class=\"container\">\n<p><!-- #1row --><\/p>\n<div class=\"row\">\n<div class=\"col-sm \">\n<ul>\n<li>L\u2019unit\u00e9 principale de l\u2019appareil (unit\u00e9 de contr\u00f4le et de traitement).<\/li>\n<li>Unit\u00e9 de capteur radar au sol.<\/li>\n<li>\u00c9couteurs<\/li>\n<li>Chargeur \u00e9lectrique.<\/li>\n<li>Mallette de transport.<\/li>\n<li>Carte de garantie.<\/li>\n<li>Guide de l\u2019utilisateur.<\/li>\n<li>DVD didactique.<\/li>\n<\/ul>\n<p>&nbsp;<\/p>\n<div class=\"row\">\n<div class=\"col-sm \">\n<p><img decoding=\"async\" loading=\"lazy\" class=\"tab-image mt-5\" src=\"https:\/\/old.mwf-metaldetectors.com\/wp-content\/uploads\/products\/gf1000\/en\/main-unitf-en.jpg\" width=\"497\" height=\"696\" \/><\/p>\n<div class=\"accessories-title text-center \">\n<div class=\"col-sm \">\n<div class=\"accessories-title text-center \">\n<h5>Unit\u00e9 principale<\/h5>\n<\/div>\n<\/div>\n<\/div>\n<\/div>\n<div class=\"col-sm \">\n<p><img decoding=\"async\" loading=\"lazy\" class=\"tab-image mt-5\" src=\"https:\/\/old.mwf-metaldetectors.com\/wp-content\/uploads\/products\/gf1000\/en\/8.jpg\" width=\"497\" height=\"696\" \/><\/p>\n<div class=\"accessories-title text-center \">\n<div class=\"col-sm \">\n<div class=\"accessories-title text-center \">\n<h5>Unit\u00e9 de renfort au sol<\/h5>\n<\/div>\n<\/div>\n<\/div>\n<\/div>\n<div class=\"col-sm \">\n<p><img decoding=\"async\" loading=\"lazy\" class=\"tab-image mt-5\" src=\"https:\/\/old.mwf-metaldetectors.com\/wp-content\/uploads\/products\/gf1000\/en\/3.jpg\" width=\"497\" height=\"696\" \/><\/p>\n<div class=\"accessories-title text-center \">\n<div class=\"col-sm \">\n<div class=\"accessories-title text-center \">\n<h5>Antennes d\u2019\u00e9metteur-r\u00e9cepteur<\/h5>\n<\/div>\n<\/div>\n<\/div>\n<\/div>\n<div class=\"col-sm \">\n<p><img decoding=\"async\" loading=\"lazy\" class=\"tab-image mt-5\" src=\"https:\/\/old.mwf-metaldetectors.com\/wp-content\/uploads\/products\/gf1000\/en\/4.jpg\" width=\"497\" height=\"696\" \/><\/p>\n<div class=\"accessories-title text-center \">\n<div class=\"col-sm \">\n<div class=\"accessories-title text-center \">\n<h5>Antennes d\u2019\u00e9metteur-r\u00e9cepteur<\/h5>\n<\/div>\n<\/div>\n<\/div>\n<\/div>\n<div class=\"row\">\n<div class=\"col-sm \">\n<p><img decoding=\"async\" loading=\"lazy\" class=\"tab-image mt-5\" src=\"https:\/\/old.mwf-metaldetectors.com\/wp-content\/uploads\/products\/gf1000\/en\/5.jpg\" width=\"497\" height=\"696\" \/><\/p>\n<div class=\"accessories-title text-center \">\n<h5>Chargeur<\/h5>\n<\/div>\n<\/div>\n<div class=\"col-sm \">\n<p><img decoding=\"async\" loading=\"lazy\" class=\"tab-image mt-5\" src=\"https:\/\/mwf-morocco.com\/wp-content\/uploads\/products\/gold-line\/en\/5.jpg\" width=\"497\" height=\"696\" \/><\/p>\n<div class=\"accessories-title text-center \">\n<div class=\"col-sm \">\n<div class=\"accessories-title text-center \">\n<h5>\u00c9couteurs<\/h5>\n<\/div>\n<\/div>\n<\/div>\n<\/div>\n<div class=\"col-sm \">\n<p><img decoding=\"async\" loading=\"lazy\" class=\"tab-image mt-5\" src=\"https:\/\/old.mwf-metaldetectors.com\/wp-content\/uploads\/products\/gf1000\/en\/6.jpg\" width=\"497\" height=\"696\" \/><\/p>\n<div class=\"accessories-title text-center \">\n<h5>Saisir<\/h5>\n<\/div>\n<\/div>\n<div class=\"col-sm \">\n<p><img decoding=\"async\" loading=\"lazy\" class=\"tab-image mt-5\" src=\"https:\/\/old.mwf-metaldetectors.com\/wp-content\/uploads\/products\/gf1000\/en\/9.jpg\" width=\"497\" height=\"696\" \/><\/p>\n<div class=\"accessories-title text-center \">\n<div class=\"col-sm \">\n<div class=\"accessories-title text-center \">\n<h5>Trousse de son<\/h5>\n<\/div>\n<\/div>\n<\/div>\n<\/div>\n<\/div>\n<\/div>\n<\/div>\n<\/div>\n<\/div>\n\t\t\t\t\t\t\t\t\t\t\t<\/div>\n\t\t\t\t<\/div>\n\t\t\t\t\t\t\t\n\t\t\t\t\n\t\t\t\t<div class=\"wd-accordion-item\">\n\t\t\t\t\t<div class=\"wd-accordion-title font-primary wd-fontsize-s text-left wd-opener-pos-left wd-font-weight-600\" data-accordion-index=\"4\">\n\t\t\t\t\t\t<div class=\"wd-accordion-title-text\">\n\t\t\t\t\t\t\t\t\t\t\t\t\t\t<span>\n\t\t\t\t\t\t\t\tMANUEL DE L&#039;UTILISATEUR\t\t\t\t\t\t\t<\/span>\n\t\t\t\t\t\t<\/div>\n\t\t\t\t\t\t<span class=\"wd-accordion-opener wd-opener-style-arrow\"><\/span>\n\t\t\t\t\t<\/div>\n\n\t\t\t\t\t<div class=\"wd-accordion-content reset-last-child\" data-accordion-index=\"4\">\n\t\t\t\t\t\t\t\t\t\t\t\t\t\n<div class=\"container\">\n<div class=\"col-md-12 col-ms-12 user-text\" style=\"text-align: center;\">\n<div class=\"col-md-12 col-ms-12 user-text\" style=\"text-align: left;\">\n<div class=\"col-md-12 col-ms-12 user-text\">\n<p>Pour lire ou t\u00e9l\u00e9charger le livre, cliquez<span style=\"color: #0000ff;\">\u00a0\u00a0<a style=\"color: #0000ff;\" href=\"https:\/\/mwf-metaldetectors.com\/user-manual\/en\/gf-1000.pdf\" target=\"_blank\" rel=\"noopener\">ici<\/a><\/span><\/p>\n<div class=\"col-md-12 col-ms-12 text-center user-img\">\n<div class=\"my-3\"><a href=\"https:\/\/mwf-metaldetectors.com\/user-manual\/en\/gf-1000.pdf\" target=\"_blank\" rel=\"noopener\"><br \/>\n<img decoding=\"async\" class=\"aligncenter\" src=\"https:\/\/mwf-metaldetectors.com\/wp-content\/uploads\/2021\/12\/GF-1000-EN-READ-01.jpg\" alt=\"\" \/><\/a><\/div>\n<\/div>\n<\/div>\n<\/div>\n<\/div>\n<\/div>\n\t\t\t\t\t\t\t\t\t\t\t<\/div>\n\t\t\t\t<\/div>\n\t\t\t\t\t\t\t\t\t\t\t\t\t\t<\/div>\n\n\t\t[\/vc_column][\/vc_row]<\/p>\n<\/section>","protected":false},"excerpt":{"rendered":"<p>[vc_row woodmart_css_id=\u00a0\u00bb6380db64924c3&Prime; responsive_spacing=\u00a0\u00bbeyJwYXJhbV90eXBlIjoid29vZG1hcnRfcmVzcG9uc2l2ZV9zcGFjaW5nIiwic2VsZWN0b3JfaWQiOiI2MzgwZGI2NDkyNGMzIiwic2hvcnRjb2RlIjoidmNfcm93IiwiZGF0YSI6eyJ0YWJsZXQiOnt9LCJtb2JpbGUiOnt9fX0=\u00a0\u00bb mobile_bg_img_hidden=\u00a0\u00bbno\u00a0\u00bb tablet_bg_img_hidden=\u00a0\u00bbno\u00a0\u00bb woodmart_parallax=\u00a0\u00bb0&Prime; woodmart_gradient_switch=\u00a0\u00bbno\u00a0\u00bb woodmart_box_shadow=\u00a0\u00bbno\u00a0\u00bb wd_z_index=\u00a0\u00bbno\u00a0\u00bb woodmart_disable_overflow=\u00a0\u00bb0&Prime; row_reverse_mobile=\u00a0\u00bb0&Prime; row_reverse_tablet=\u00a0\u00bb0&Prime;][vc_column][\/vc_column][\/vc_row]<\/p>\n","protected":false},"featured_media":9087,"comment_status":"closed","ping_status":"closed","template":"","meta":[],"product_cat":[143,145,147,190,184],"product_tag":[],"_links":{"self":[{"href":"https:\/\/mwf-morocco.com\/fr\/wp-json\/wp\/v3\/product\/10257"}],"collection":[{"href":"https:\/\/mwf-morocco.com\/fr\/wp-json\/wp\/v3\/product"}],"about":[{"href":"https:\/\/mwf-morocco.com\/fr\/wp-json\/wp\/v2\/types\/product"}],"replies":[{"embeddable":true,"href":"https:\/\/mwf-morocco.com\/fr\/wp-json\/wp\/v2\/comments?post=10257"}],"wp:featuredmedia":[{"embeddable":true,"href":"https:\/\/mwf-morocco.com\/fr\/wp-json\/wp\/v2\/media\/9087"}],"wp:attachment":[{"href":"https:\/\/mwf-morocco.com\/fr\/wp-json\/wp\/v2\/media?parent=10257"}],"wp:term":[{"taxonomy":"product_cat","embeddable":true,"href":"https:\/\/mwf-morocco.com\/fr\/wp-json\/wp\/v2\/product_cat?post=10257"},{"taxonomy":"product_tag","embeddable":true,"href":"https:\/\/mwf-morocco.com\/fr\/wp-json\/wp\/v2\/product_tag?post=10257"}],"curies":[{"name":"wp","href":"https:\/\/api.w.org\/{rel}","templated":true}]}}