{"id":10269,"date":"2022-11-16T12:56:08","date_gmt":"2022-11-16T12:56:08","guid":{"rendered":"https:\/\/mwf-morocco.com\/product\/gold-line\/"},"modified":"2022-12-13T13:11:55","modified_gmt":"2022-12-13T13:11:55","slug":"gold-line","status":"publish","type":"product","link":"https:\/\/mwf-morocco.com\/fr\/produit\/gold-line\/","title":{"rendered":"GOLD LINE"},"content":{"rendered":"<section class=\"wpb-content-wrapper\"><p>[vc_row woodmart_css_id=\u00a0\u00bb6380db64924c3&Prime; responsive_spacing=\u00a0\u00bbeyJwYXJhbV90eXBlIjoid29vZG1hcnRfcmVzcG9uc2l2ZV9zcGFjaW5nIiwic2VsZWN0b3JfaWQiOiI2MzgwZGI2NDkyNGMzIiwic2hvcnRjb2RlIjoidmNfcm93IiwiZGF0YSI6eyJ0YWJsZXQiOnt9LCJtb2JpbGUiOnt9fX0=\u00a0\u00bb mobile_bg_img_hidden=\u00a0\u00bbno\u00a0\u00bb tablet_bg_img_hidden=\u00a0\u00bbno\u00a0\u00bb woodmart_parallax=\u00a0\u00bb0&Prime; woodmart_gradient_switch=\u00a0\u00bbno\u00a0\u00bb woodmart_box_shadow=\u00a0\u00bbno\u00a0\u00bb wd_z_index=\u00a0\u00bbno\u00a0\u00bb woodmart_disable_overflow=\u00a0\u00bb0&Prime; row_reverse_mobile=\u00a0\u00bb0&Prime; row_reverse_tablet=\u00a0\u00bb0&Prime;][vc_column]\n\t\t<div id=\"wd-637e341d284e0\" class=\"wd-accordion wd-wpb wd-rs-637e341d284e0  wd-style-default\" data-state=\"first\">\n\t\t\t\t\t\t\t\n\t\t\t\t\n\t\t\t\t<div class=\"wd-accordion-item\">\n\t\t\t\t\t<div class=\"wd-accordion-title wd-active font-primary wd-fontsize-s text-left wd-opener-pos-left wd-font-weight-600\" data-accordion-index=\"0\">\n\t\t\t\t\t\t<div class=\"wd-accordion-title-text\">\n\t\t\t\t\t\t\t\t\t\t\t\t\t\t<span>\n\t\t\t\t\t\t\t\tDESCRIPTION\t\t\t\t\t\t\t<\/span>\n\t\t\t\t\t\t<\/div>\n\t\t\t\t\t\t<span class=\"wd-accordion-opener wd-opener-style-arrow\"><\/span>\n\t\t\t\t\t<\/div>\n\n\t\t\t\t\t<div class=\"wd-accordion-content reset-last-child wd-active\" data-accordion-index=\"0\">\n\t\t\t\t\t\t\t\t\t\t\t\t\t\n<div class=\"container\">\n<h4>Syst\u00e8me de d\u00e9tection d\u2019or ionique, avec r\u00e9sultats sonores, lumineux et vibratoires<\/h4>\n<blockquote><p>\nGold Line \u201d est l\u2019un de nos d\u00e9tecteurs d\u2019or avanc\u00e9s, est le r\u00e9sultat de nombreux essais et de longues \u00e9tudes, qui ont dur\u00e9 plus de trois ans<\/p>\n<p>Gold Line \u00ab\u00a0Il se caract\u00e9rise par la vitesse de r\u00e9ponse aux cibles souterraines, par rapport aux autres appareils qui fonctionnent dans le m\u00eame syst\u00e8me, car il a une grande capacit\u00e9 de mise au point \u00e9lectronique et de d\u00e9tection de l\u2019emplacement de la cible, et guide l\u2019utilisateur vers le centre cible \u00e0 moins d\u2019efforts et de temps.\n<\/p><\/blockquote>\n<div class=\"row flex-column-reverse flex-lg-row\">\n<div class=\"col-md-6 col-ms-12 \">\n<ul>\n<li>Appareil de d\u00e9tection \u00e9lectronique num\u00e9rique, un sp\u00e9cialiste pour d\u00e9tecter et rechercher l\u2019or enfoui dans le sol.<\/li>\n<li>Innovation scientifique nouvelle et sophistiqu\u00e9e dans le monde des dispositifs de d\u00e9tection ionique sp\u00e9cialis\u00e9s dans la d\u00e9tection de l\u2019or.<\/li>\n<li>Vous pouvez utiliser l\u2019appareil \u00e0 l\u2019int\u00e9rieur de la voiture en conduisant ou en conduisant une moto \u00e9galement car l\u2019appareil r\u00e9agit \u00e0 la vitesse des longueurs d\u2019onde et peut analyser les signaux de donn\u00e9es tr\u00e8s rapidement.<\/li>\n<li>Fournit \u00e0 cet appareil un panneau de commande simple, avec l\u2019interface fonctionne avec des touches de boutons et des LED, permet \u00e0 l\u2019utilisateur de contr\u00f4ler et de configurer l\u2019appareil pour rechercher facilement, le panneau de commande se compose des \u00e9l\u00e9ments suivants\u00a0:<\/li>\n<li>Bouton marche\/arr\u00eat.<\/li>\n<li>Bouton d\u2019\u00e9talonnage au sol.<\/li>\n<li>Bouton de contr\u00f4le des niveaux de volume.<\/li>\n<li>Bouton marche\/arr\u00eat des rayons laser.<\/li>\n<li>Indicateur LED de recherche et de signal, et se compose de neuf niveaux.<\/li>\n<li>L\u2019indicateur LED du niveau de la batterie et compos\u00e9 de 3 niveaux indique le niveau de la batterie.<\/li>\n<li>L\u2019appareil donne \u00e0 l\u2019utilisateur plusieurs r\u00e9sultats, comprenant les \u00e9l\u00e9ments suivants\u00a0:<\/li>\n<li>L\u2019indicateur interactif \u00e0 DEL interagit vers le haut chaque fois qu\u2019il se rapproche du point central de l\u2019or.<\/li>\n<li>Son indicateur interactif, interagit vers le haut chaque fois qu\u2019il se rapproche du point central de l\u2019or.<\/li>\n<li>Syst\u00e8me de vibrations.\u00a0Facultatif, afin que l\u2019utilisateur puisse ex\u00e9cuter une alarme de vibration pour pointer le centre de l\u2019or.<\/li>\n<li>Fonction de suivi laser, localisez un point de cible dans la nuit.<\/li>\n<li>Haute qualit\u00e9 et performances pr\u00e9cises, fabrication de ce produit avec les meilleurs \u00e9lastom\u00e8res, composants \u00e9lectroniques et circuits aux normes internationales.<\/li>\n<li>Facile \u00e0 travailler et \u00e0 utiliser, tout le monde peut l\u2019utiliser.<\/li>\n<li>L\u2019appareil se caract\u00e9rise par sa petite taille, contribue \u00e0 la facilit\u00e9 de mouvement et au travail dans les zones critiques.<\/li>\n<li>L\u00e9ger, ce qui aide l\u2019utilisateur \u00e0 travailler sans effort ni fatigue.<\/li>\n<\/ul>\n<\/div>\n<div class=\"col-md-6 col-ms-12 \">\n<div class=\"tab-image mt-3\"><img decoding=\"async\" src=\"\/wp-content\/uploads\/products\/gold-line\/en\/big-main-image-en.jpg\" alt=\"gold-radar\" \/><\/div>\n<\/div>\n<\/div>\n<\/div>\n\t\t\t\t\t\t\t\t\t\t\t<\/div>\n\t\t\t\t<\/div>\n\t\t\t\t\t\t\t\n\t\t\t\t\n\t\t\t\t<div class=\"wd-accordion-item\">\n\t\t\t\t\t<div class=\"wd-accordion-title font-primary wd-fontsize-s text-left wd-opener-pos-left wd-font-weight-600\" data-accordion-index=\"1\">\n\t\t\t\t\t\t<div class=\"wd-accordion-title-text\">\n\t\t\t\t\t\t\t\t\t\t\t\t\t\t<span>\n\t\t\t\t\t\t\t\tSYST\u00c8MES DE D\u00c9TECTION\t\t\t\t\t\t\t<\/span>\n\t\t\t\t\t\t<\/div>\n\t\t\t\t\t\t<span class=\"wd-accordion-opener wd-opener-style-arrow\"><\/span>\n\t\t\t\t\t<\/div>\n\n\t\t\t\t\t<div class=\"wd-accordion-content reset-last-child\" data-accordion-index=\"1\">\n\t\t\t\t\t\t\t\t\t\t\t\t\t\n<div class=\"container\">\n<div class=\"row\">\n<div class=\"col-md-12 col-ms-12\">\n<p>Gold Line \u00ab\u00a0travaille sur un syst\u00e8me de recherche ionienne \u00e0 longue port\u00e9e, pour d\u00e9tecter et rechercher le champ ionien d\u2019or souterrain, l\u2019appareil donne \u00e0 l\u2019utilisateur des r\u00e9sultats sonores fiables de la direction cible,<\/p>\n<p>et cela en augmentant les niveaux acoustiques et les indicateurs LED chaque fois que vous vous rapprochez de l\u2019emplacement cible.<\/p>\n<\/div>\n<div class=\"col-md-6 col-ms-12\">\n<div class=\"tab-image\"><img decoding=\"async\" src=\"\/wp-content\/uploads\/products\/gold-line\/en\/2.jpg\" alt=\"\" \/><\/div>\n<\/div>\n<div class=\"col-md-6 col-ms-12\">\n<div class=\"tab-image\"><img decoding=\"async\" src=\"\/wp-content\/uploads\/products\/gold-line\/en\/3.jpg\" alt=\"\" \/><\/div>\n<\/div>\n<\/div>\n<\/div>\n\t\t\t\t\t\t\t\t\t\t\t<\/div>\n\t\t\t\t<\/div>\n\t\t\t\t\t\t\t\n\t\t\t\t\n\t\t\t\t<div class=\"wd-accordion-item\">\n\t\t\t\t\t<div class=\"wd-accordion-title font-primary wd-fontsize-s text-left wd-opener-pos-left wd-font-weight-600\" data-accordion-index=\"2\">\n\t\t\t\t\t\t<div class=\"wd-accordion-title-text\">\n\t\t\t\t\t\t\t\t\t\t\t\t\t\t<span>\n\t\t\t\t\t\t\t\tSP\u00c9CIFICATIONS TECHNIQUES\t\t\t\t\t\t\t<\/span>\n\t\t\t\t\t\t<\/div>\n\t\t\t\t\t\t<span class=\"wd-accordion-opener wd-opener-style-arrow\"><\/span>\n\t\t\t\t\t<\/div>\n\n\t\t\t\t\t<div class=\"wd-accordion-content reset-last-child\" data-accordion-index=\"2\">\n\t\t\t\t\t\t\t\t\t\t\t\t\t\n<div class=\"container\">\n<table>\n<tbody>\n<tr>\n<th>SYST\u00c8ME DE RECHERCHE\u00a0:<\/th>\n<td>syst\u00e8me de recherche ionienne \u00e0 longue port\u00e9e<\/td>\n<\/tr>\n<tr>\n<th>PRINCIPE DE RECHERCHE\u00a0:<\/th>\n<td>Traitement du niveau de rayonnement ionique du signal re\u00e7u pour d\u00e9tecter l\u2019or souterrain.<\/td>\n<\/tr>\n<tr>\n<th>PROCESSEUR D\u2019EXPLOITATION\u00a0:<\/th>\n<td>M\u0130KROKONTROLLER PIC18<\/td>\n<\/tr>\n<tr>\n<th>FR\u00c9QUENCE DE RECHERCHE DE FONCTIONNEMENT\u00a0:<\/th>\n<td>20 MHz<\/td>\n<\/tr>\n<tr>\n<th>PUISSANCE:<\/th>\n<td>3.7V Li-ion 3600 mAh, sortie 12 volts<\/td>\n<\/tr>\n<tr>\n<th>CONSOMMATION D\u2019\u00c9NERGIE:<\/th>\n<td>Consommation maximale 50mAh<\/td>\n<\/tr>\n<tr>\n<th>VIE DE LA BATTERIE:<\/th>\n<td>10 heures de travail<\/td>\n<\/tr>\n<tr>\n<th>CHARGEUR:<\/th>\n<td>5,1 volts 3 amp\u00e8res \/ temps de charge 4 heures<\/td>\n<\/tr>\n<tr>\n<th>TYPE D\u2019AFFICHAGE:<\/th>\n<td>Interface LED<\/td>\n<\/tr>\n<tr>\n<th>SP\u00c9CIALIS\u00c9 EN D\u00c9TECTE :<\/th>\n<td>Or<\/td>\n<\/tr>\n<tr>\n<th>CIBLE LA DISCRIMINATION\u00a0:<\/th>\n<td>Oui, ne d\u00e9tecte que l\u2019or<\/td>\n<\/tr>\n<tr>\n<th>RECHERCHE EN PROFONDEUR\u00a0:<\/th>\n<td>12 m\u00e8tres<\/td>\n<\/tr>\n<tr>\n<th>RECHERCHE \u00c0 DISTANCE\u00a0:<\/th>\n<td>50 m\u00e8tres<\/td>\n<\/tr>\n<tr>\n<th>RETOUR SUR LES R\u00c9SULTATS\u00a0:<\/th>\n<td>Par le son, les indicateurs LED et les vibrations.<\/td>\n<\/tr>\n<tr>\n<th>ALERTES VOCALES\u00a0:<\/th>\n<td>Oui<\/td>\n<\/tr>\n<tr>\n<th>VIBREUR:<\/th>\n<td>Oui<\/td>\n<\/tr>\n<tr>\n<th>TEMP\u00c9RATURE DE FONCTIONNEMENT\u00a0:<\/th>\n<td>De -15\u00b0C \u00e0 60\u00b0C<\/td>\n<\/tr>\n<tr>\n<th>TEMP\u00c9RATURE DE STOCKAGE:<\/th>\n<td>De -15\u00b0C \u00e0 40\u00b0C<\/td>\n<\/tr>\n<tr>\n<th>HUMIDIT\u00c9:<\/th>\n<td>Il peut \u00eatre stock\u00e9 et fonctionner dans un taux d\u2019humidit\u00e9 de l\u2019air de 90\u00a0%.<\/td>\n<\/tr>\n<tr>\n<th>LESTER:<\/th>\n<td>Compos\u00e9 : 700 gr \u2013 Avec sachet : 1.200 gr<\/td>\n<\/tr>\n<tr>\n<th>DIMENSIONS:<\/th>\n<td>15x8x3,5cm<\/td>\n<\/tr>\n<tr>\n<th>DIMENSIONS DU SAC\u00a0:<\/th>\n<td>34x29x13cm<\/td>\n<\/tr>\n<\/tbody>\n<\/table>\n<\/div>\n\t\t\t\t\t\t\t\t\t\t\t<\/div>\n\t\t\t\t<\/div>\n\t\t\t\t\t\t\t\n\t\t\t\t\n\t\t\t\t<div class=\"wd-accordion-item\">\n\t\t\t\t\t<div class=\"wd-accordion-title font-primary wd-fontsize-s text-left wd-opener-pos-left wd-font-weight-600\" data-accordion-index=\"3\">\n\t\t\t\t\t\t<div class=\"wd-accordion-title-text\">\n\t\t\t\t\t\t\t\t\t\t\t\t\t\t<span>\n\t\t\t\t\t\t\t\tACCESSOIRES\t\t\t\t\t\t\t<\/span>\n\t\t\t\t\t\t<\/div>\n\t\t\t\t\t\t<span class=\"wd-accordion-opener wd-opener-style-arrow\"><\/span>\n\t\t\t\t\t<\/div>\n\n\t\t\t\t\t<div class=\"wd-accordion-content reset-last-child\" data-accordion-index=\"3\">\n\t\t\t\t\t\t\t\t\t\t\t\t\t\n<div class=\"container\">\n<p><!-- #1row --><\/p>\n<div class=\"row\">\n<div class=\"col-sm \">\n<p><img decoding=\"async\" loading=\"lazy\" class=\"tab-image mt-5\" src=\"\/wp-content\/uploads\/products\/gold-line\/en\/main-unitk-en.jpg\" width=\"497\" height=\"696\" \/><\/p>\n<div class=\"accessories-title text-center \">\n<div class=\"col-sm \">\n<div class=\"accessories-title text-center \">\n<h5>Unit\u00e9 principale<\/h5>\n<\/div>\n<\/div>\n<\/div>\n<\/div>\n<div class=\"col-sm \">\n<p><img decoding=\"async\" loading=\"lazy\" class=\"tab-image mt-5\" src=\"\/wp-content\/uploads\/products\/gold-line\/en\/6.jpg\" width=\"497\" height=\"696\" \/><\/p>\n<div class=\"accessories-title text-center \">\n<div class=\"col-sm \">\n<div class=\"accessories-title text-center \">\n<h5>Capteur ionique<\/h5>\n<\/div>\n<\/div>\n<\/div>\n<\/div>\n<div class=\"col-sm \">\n<p><img decoding=\"async\" loading=\"lazy\" class=\"tab-image mt-5\" src=\"\/wp-content\/uploads\/products\/gold-line\/en\/5.jpg\" width=\"497\" height=\"696\" \/><\/p>\n<div class=\"accessories-title text-center \">\n<div class=\"col-sm \">\n<div class=\"accessories-title text-center \">\n<h5>casque de musique<\/h5>\n<\/div>\n<\/div>\n<\/div>\n<\/div>\n<div class=\"col-sm\">\n<p><img decoding=\"async\" loading=\"lazy\" class=\"tab-image mt-5\" src=\"\/wp-content\/uploads\/products\/gold-line\/en\/4.jpg\" width=\"497\" height=\"696\" \/><\/p>\n<div class=\"accessories-title text-center \">\n<div class=\"wd-tab-wrapper\">\n<div id=\"tab-accessoires\" class=\"woocommerce-Tabs-panel woocommerce-Tabs-panel--accessoires panel entry-content wc-tab\">\n<div class=\"wc-tab-inner \">\n<div class=\"\">\n<div class=\"container\">\n<div class=\"row\">\n<div class=\"col-sm\">\n<div class=\"accessories-title text-center \">\n<h5>Chargeur<\/h5>\n<\/div>\n<\/div>\n<\/div>\n<\/div>\n<\/div>\n<\/div>\n<\/div>\n<\/div>\n<\/div>\n<\/div>\n<\/div>\n<\/div>\n\t\t\t\t\t\t\t\t\t\t\t<\/div>\n\t\t\t\t<\/div>\n\t\t\t\t\t\t\t\n\t\t\t\t\n\t\t\t\t<div class=\"wd-accordion-item\">\n\t\t\t\t\t<div class=\"wd-accordion-title font-primary wd-fontsize-s text-left wd-opener-pos-left wd-font-weight-600\" data-accordion-index=\"4\">\n\t\t\t\t\t\t<div class=\"wd-accordion-title-text\">\n\t\t\t\t\t\t\t\t\t\t\t\t\t\t<span>\n\t\t\t\t\t\t\t\tMANUEL DE L&#039;UTILISATEUR\t\t\t\t\t\t\t<\/span>\n\t\t\t\t\t\t<\/div>\n\t\t\t\t\t\t<span class=\"wd-accordion-opener wd-opener-style-arrow\"><\/span>\n\t\t\t\t\t<\/div>\n\n\t\t\t\t\t<div class=\"wd-accordion-content reset-last-child\" data-accordion-index=\"4\">\n\t\t\t\t\t\t\t\t\t\t\t\t\t\n<div class=\"container\">\n<div class=\"col-md-12 col-ms-12 user-text\" style=\"text-align: center;\">\n<div class=\"col-md-12 col-ms-12 user-text\" style=\"text-align: left;\">\n<p>Pour lire ou t\u00e9l\u00e9charger le livre, cliquez<span style=\"color: #0000ff;\">\u00a0\u00a0<a style=\"color: #0000ff;\" href=\"https:\/\/mwf-metaldetectors.com\/user-manual\/en\/gold-line.pdf\" target=\"_blank\" rel=\"noopener\">ici<\/a><\/span><\/p>\n<div class=\"col-md-12 col-ms-12 text-center user-img\">\n<div class=\"my-3\"><a href=\"https:\/\/mwf-metaldetectors.com\/user-manual\/en\/gold-line.pdf\" target=\"_blank\" rel=\"noopener\"><br \/>\n<img decoding=\"async\" class=\"tab-image aligncenter\" src=\"https:\/\/mwf-metaldetectors.com\/wp-content\/uploads\/2021\/12\/gold_line_en-read-01-1.jpg\" alt=\"\" \/><\/a><\/div>\n<\/div>\n<\/div>\n<\/div>\n<\/div>\n\t\t\t\t\t\t\t\t\t\t\t<\/div>\n\t\t\t\t<\/div>\n\t\t\t\t\t\t\t\t\t\t\t\t\t\t<\/div>\n\n\t\t[\/vc_column][\/vc_row]<\/p>\n<\/section>","protected":false},"excerpt":{"rendered":"<p>[vc_row woodmart_css_id=\u00a0\u00bb6380db64924c3&Prime; responsive_spacing=\u00a0\u00bbeyJwYXJhbV90eXBlIjoid29vZG1hcnRfcmVzcG9uc2l2ZV9zcGFjaW5nIiwic2VsZWN0b3JfaWQiOiI2MzgwZGI2NDkyNGMzIiwic2hvcnRjb2RlIjoidmNfcm93IiwiZGF0YSI6eyJ0YWJsZXQiOnt9LCJtb2JpbGUiOnt9fX0=\u00a0\u00bb mobile_bg_img_hidden=\u00a0\u00bbno\u00a0\u00bb tablet_bg_img_hidden=\u00a0\u00bbno\u00a0\u00bb woodmart_parallax=\u00a0\u00bb0&Prime; woodmart_gradient_switch=\u00a0\u00bbno\u00a0\u00bb woodmart_box_shadow=\u00a0\u00bbno\u00a0\u00bb wd_z_index=\u00a0\u00bbno\u00a0\u00bb woodmart_disable_overflow=\u00a0\u00bb0&Prime; row_reverse_mobile=\u00a0\u00bb0&Prime; row_reverse_tablet=\u00a0\u00bb0&Prime;][vc_column][\/vc_column][\/vc_row]<\/p>\n","protected":false},"featured_media":9121,"comment_status":"closed","ping_status":"closed","template":"","meta":[],"product_cat":[143,190,177],"product_tag":[],"_links":{"self":[{"href":"https:\/\/mwf-morocco.com\/fr\/wp-json\/wp\/v3\/product\/10269"}],"collection":[{"href":"https:\/\/mwf-morocco.com\/fr\/wp-json\/wp\/v3\/product"}],"about":[{"href":"https:\/\/mwf-morocco.com\/fr\/wp-json\/wp\/v2\/types\/product"}],"replies":[{"embeddable":true,"href":"https:\/\/mwf-morocco.com\/fr\/wp-json\/wp\/v2\/comments?post=10269"}],"wp:featuredmedia":[{"embeddable":true,"href":"https:\/\/mwf-morocco.com\/fr\/wp-json\/wp\/v2\/media\/9121"}],"wp:attachment":[{"href":"https:\/\/mwf-morocco.com\/fr\/wp-json\/wp\/v2\/media?parent=10269"}],"wp:term":[{"taxonomy":"product_cat","embeddable":true,"href":"https:\/\/mwf-morocco.com\/fr\/wp-json\/wp\/v2\/product_cat?post=10269"},{"taxonomy":"product_tag","embeddable":true,"href":"https:\/\/mwf-morocco.com\/fr\/wp-json\/wp\/v2\/product_tag?post=10269"}],"curies":[{"name":"wp","href":"https:\/\/api.w.org\/{rel}","templated":true}]}}