{"id":10273,"date":"2022-11-16T12:56:08","date_gmt":"2022-11-16T12:56:08","guid":{"rendered":"https:\/\/mwf-morocco.com\/product\/ground-scope\/"},"modified":"2022-12-13T13:23:58","modified_gmt":"2022-12-13T13:23:58","slug":"ground-scope","status":"publish","type":"product","link":"https:\/\/mwf-morocco.com\/fr\/produit\/ground-scope\/","title":{"rendered":"GROUND SCOPE"},"content":{"rendered":"<section class=\"wpb-content-wrapper\"><p>[vc_row woodmart_css_id=\u00a0\u00bb6380db64924c3&Prime; responsive_spacing=\u00a0\u00bbeyJwYXJhbV90eXBlIjoid29vZG1hcnRfcmVzcG9uc2l2ZV9zcGFjaW5nIiwic2VsZWN0b3JfaWQiOiI2MzgwZGI2NDkyNGMzIiwic2hvcnRjb2RlIjoidmNfcm93IiwiZGF0YSI6eyJ0YWJsZXQiOnt9LCJtb2JpbGUiOnt9fX0=\u00a0\u00bb mobile_bg_img_hidden=\u00a0\u00bbno\u00a0\u00bb tablet_bg_img_hidden=\u00a0\u00bbno\u00a0\u00bb woodmart_parallax=\u00a0\u00bb0&Prime; woodmart_gradient_switch=\u00a0\u00bbno\u00a0\u00bb woodmart_box_shadow=\u00a0\u00bbno\u00a0\u00bb wd_z_index=\u00a0\u00bbno\u00a0\u00bb woodmart_disable_overflow=\u00a0\u00bb0&Prime; row_reverse_mobile=\u00a0\u00bb0&Prime; row_reverse_tablet=\u00a0\u00bb0&Prime;][vc_column]\n\t\t<div id=\"wd-637e341d284e0\" class=\"wd-accordion wd-wpb wd-rs-637e341d284e0  wd-style-default\" data-state=\"first\">\n\t\t\t\t\t\t\t\n\t\t\t\t\n\t\t\t\t<div class=\"wd-accordion-item\">\n\t\t\t\t\t<div class=\"wd-accordion-title wd-active font-primary wd-fontsize-s text-left wd-opener-pos-left wd-font-weight-600\" data-accordion-index=\"0\">\n\t\t\t\t\t\t<div class=\"wd-accordion-title-text\">\n\t\t\t\t\t\t\t\t\t\t\t\t\t\t<span>\n\t\t\t\t\t\t\t\tDESCRIPTION\t\t\t\t\t\t\t<\/span>\n\t\t\t\t\t\t<\/div>\n\t\t\t\t\t\t<span class=\"wd-accordion-opener wd-opener-style-arrow\"><\/span>\n\t\t\t\t\t<\/div>\n\n\t\t\t\t\t<div class=\"wd-accordion-content reset-last-child wd-active\" data-accordion-index=\"0\">\n\t\t\t\t\t\t\t\t\t\t\t\t\t\n<div class=\"container\">\n<h3>D\u00e9tecteur de m\u00e9taux \u00e0 imagerie au sol 3d PORT\u00c9E AU SOL<\/h3>\n<blockquote><p>\nest un appareil sp\u00e9cialis\u00e9 pour d\u00e9tecter l\u2019or, les tr\u00e9sors, le m\u00e9tal et les grottes souterraines jusqu\u2019\u00e0 une profondeur maximale de 14 m\u00e8tres, il fonctionne avec le syst\u00e8me d\u2019imagerie radar et fournit des donn\u00e9es 2D et 3D pour la forme de l\u2019objet d\u00e9tect\u00e9 sous terre, et mesure la profondeur de la cible.<\/p>\n<p>Cet appareil est l\u2019un des meilleurs et des plus r\u00e9cents appareils de num\u00e9risation d\u2019imagerie au monde, le plus sophistiqu\u00e9 et le plus pr\u00e9cis dans les r\u00e9sultats, il n\u2019est pas compliqu\u00e9 et facile \u00e0 utiliser et n\u2019a pas besoin de programmes de support externes pour l\u2019analyse et l\u2019imagerie, fournit des r\u00e9sultats directement sur l\u2019appareil \u00e9cran, en plus, il est propos\u00e9 \u00e0 un prix tr\u00e8s \u00e9conomique pour donner la possibilit\u00e9 \u00e0 tout le monde de l\u2019acheter.\n<\/p><\/blockquote>\n<div class=\"row flex-column-reverse flex-lg-row\">\n<div class=\"col-md-6 col-ms-12 \">\n<ul>\n<li>Ground Scope fonctionne gr\u00e2ce \u00e0 des technologies et des logiciels de d\u00e9tection intelligents tr\u00e8s sophistiqu\u00e9s, il scanne les couches de sol pour v\u00e9rifier et rechercher des m\u00e9taux ou des grottes enfouis via le capteur radar, il envoie les valeurs re\u00e7ues \u00e0 l\u2019unit\u00e9 principale, afin que l\u2019appareil, \u00e0 son tour, \u00e0 traiter les donn\u00e9es et les afficher sur l\u2019\u00e9cran de l\u2019appareil avec vue 2 et 3D.<\/li>\n<li>Sp\u00e9cialis\u00e9 pour d\u00e9tecter les objectifs souterrains, en les distinguant par diff\u00e9rentes couleurs et valeurs num\u00e9riques en m\u00eame temps et en montrant \u00e9galement la forme de la cible souterraine.<\/li>\n<li>D\u00e9termine automatiquement la profondeur de tous les points scann\u00e9s et affiche la valeur de profondeur de chaque point directement sur l\u2019\u00e9cran.<\/li>\n<\/ul>\n<p><strong>Le menu des param\u00e8tres g\u00e9n\u00e9raux de l\u2019appareil vous permet de contr\u00f4ler les \u00e9l\u00e9ments suivants\u00a0:<\/strong><\/p>\n<ul>\n<li>Contr\u00f4le de la luminosit\u00e9 de l\u2019\u00e9cran : vous offre un \u00e9clairage confortable et pratique avec 5 niveaux d\u2019\u00e9clairage diff\u00e9rents.<\/li>\n<li>Contr\u00f4le du volume : vous offre un contr\u00f4le du volume pr\u00e9cis et pratique, avec 5 niveaux de volume diff\u00e9rents ou des modes silencieux \u00e9galement.<\/li>\n<li>Contr\u00f4le de la langue\u00a0: multilingue et vous permet de contr\u00f4ler le changement de la langue de votre appareil pr\u00e9c\u00e9demment enregistr\u00e9 dans une autre langue.<\/li>\n<li>Pour la premi\u00e8re fois \u00e0 l\u2019\u00e9chelle mondiale dans les appareils de d\u00e9tection et d\u2019exploration exclusivement au groupe MWF, l\u2019appareil est pris en charge avec des syst\u00e8mes d\u2019exploitation et de d\u00e9tection intelligents, des interfaces intelligentes, un syst\u00e8me d\u2019\u00e9conomie d\u2019\u00e9nergie, un syst\u00e8me de charge intelligent, multilingue et m\u00e9morise la langue de l\u2019appareil, enregistre les param\u00e8tres, contr\u00f4le intelligent.<\/li>\n<li>L\u2019appareil se caract\u00e9rise par sa petite taille et sa facilit\u00e9 d\u2019utilisation, ainsi que par le d\u00e9montage et l\u2019installation de l\u2019unit\u00e9 de capteur radar.<\/li>\n<li>Un panneau de commande avec des boutons de pression anti-choc vous permet de contr\u00f4ler rapidement l\u2019appareil et les param\u00e8tres.<\/li>\n<li>Syst\u00e8me de r\u00e9glage automatique (ATS) Invention sp\u00e9ciale et nouvelle, enregistr\u00e9e en faveur de MWF GROUP, ce syst\u00e8me fournit des r\u00e9sultats pr\u00e9cis et a fait ses preuves dans tous les types de sols et de terrains, car le syst\u00e8me reconna\u00eet automatiquement le sol, accorde au processus de recherche un r\u00e9glage automatique proportionnel \u00e0 le type de sol et les propri\u00e9t\u00e9s du sol, Avec la suppression de tout chevauchement de rayonnement r\u00e9sultant de l\u2019effet de territoire rocheux et montagneux, qui peut affecter beaucoup d\u2019autres d\u00e9tecteurs, mais ce syst\u00e8me intelligent, peut trier et analyser et fournir les niveaux n\u00e9cessaires qui se rapportent du signal de fr\u00e9quence, de la tension et de la longueur d\u2019onde du signal qui donne des r\u00e9sultats exempts de toute erreur.<\/li>\n<\/ul>\n<\/div>\n<div class=\"col-md-6 col-ms-12\">\n<div class=\"tab-image\"><img decoding=\"async\" src=\"https:\/\/old.mwf-metaldetectors.com\/wp-content\/uploads\/products\/scope\/en\/big-main-image-en.jpg\" alt=\"gold-radar\" \/><\/div>\n<\/div>\n<\/div>\n<\/div>\n\t\t\t\t\t\t\t\t\t\t\t<\/div>\n\t\t\t\t<\/div>\n\t\t\t\t\t\t\t\n\t\t\t\t\n\t\t\t\t<div class=\"wd-accordion-item\">\n\t\t\t\t\t<div class=\"wd-accordion-title font-primary wd-fontsize-s text-left wd-opener-pos-left wd-font-weight-600\" data-accordion-index=\"1\">\n\t\t\t\t\t\t<div class=\"wd-accordion-title-text\">\n\t\t\t\t\t\t\t\t\t\t\t\t\t\t<span>\n\t\t\t\t\t\t\t\tSISTEMAS DE DETECCI\u00d3N\t\t\t\t\t\t\t<\/span>\n\t\t\t\t\t\t<\/div>\n\t\t\t\t\t\t<span class=\"wd-accordion-opener wd-opener-style-arrow\"><\/span>\n\t\t\t\t\t<\/div>\n\n\t\t\t\t\t<div class=\"wd-accordion-content reset-last-child\" data-accordion-index=\"1\">\n\t\t\t\t\t\t\t\t\t\t\t\t\t\n<div class=\"container \">\n<div class=\"row\">\n<div class=\"col-md-6 col-ms-12\">\n<p>Remarque : L\u2019appareil fonctionne par deux syst\u00e8mes de d\u00e9tection et d\u2019exploration :<\/p>\n<h3><strong>Syst\u00e8me de num\u00e9risation en direct<\/strong><\/h3>\n<p>Ce syst\u00e8me donne \u00e0 l\u2019utilisateur une imagerie directe des couches de sol pour d\u00e9tecter le m\u00e9tal, les grottes et les distinguer et surveiller leur emplacement en temps r\u00e9el, et diffuser imm\u00e9diatement des vies sur l\u2019\u00e9cran de l\u2019appareil.<br \/>\nSp\u00e9cifications du syst\u00e8me :<\/p>\n<ul>\n<li>Ce syst\u00e8me scanne les couches de sol pour identifier leur contenu et lit les niveaux de champs \u00e9lectromagn\u00e9tiques et de radiations pour d\u00e9tecter l\u2019emplacement des m\u00e9taux, des tr\u00e9sors et des grottes souterraines.<\/li>\n<li>Une interface intelligente donne \u00e0 l\u2019utilisateur une clart\u00e9 absolue et des r\u00e9sultats int\u00e9gr\u00e9s sur les cibles et leurs emplacements en temps r\u00e9el.<\/li>\n<li>Syst\u00e8me de discrimination pr\u00e9cis entre une cible.<\/li>\n<li>Syst\u00e8me graphique d\u2019oscilloscope pour d\u00e9terminer la taille cible et les points de d\u00e9but et de fin.<\/li>\n<li>Indicateurs sonores interactifs associ\u00e9s \u00e0 des donn\u00e9es graphiques.<\/li>\n<\/ul>\n<p><img decoding=\"async\" class=\"tab-image\" src=\"http:\/\/old.mwf-metaldetectors.com\/wp-content\/uploads\/products\/scope\/en\/4.jpg\" alt=\"\" \/><\/p>\n<\/div>\n<div class=\"col-md-6 col-ms-12\">\n<h3><strong>Syst\u00e8me de balayage au sol<\/strong><\/h3>\n<p>Ce syst\u00e8me permet \u00e0 l\u2019utilisateur d\u2019effectuer une \u00e9tude compl\u00e8te de la zone \u00e0 d\u00e9tecter et de clarifier les r\u00e9sultats de la num\u00e9risation en temps r\u00e9el sur l\u2019\u00e9cran de l\u2019appareil et de d\u00e9terminer la valeur et l\u2019identit\u00e9 de chaque point et la d\u00e9tection de la plage de profondeur en m\u00eame temps, en plus de fournir un rapport en 2 et 3 dimensions de la cible d\u00e9tect\u00e9e, avec plus d\u2019un angle de vue. Sp\u00e9cifications du syst\u00e8me<\/p>\n<ul>\n<li>Ce syst\u00e8me d\u00e9tecte et scanne les couches du sol gr\u00e2ce \u00e0 une m\u00e9thode de balayage de points, pour visualiser le sol, clarifier la forme et la taille des cibles souterraines.<\/li>\n<li>Pas besoin d\u2019utiliser le logiciel d\u2019analyse compliqu\u00e9 et l\u2019ordinateur ou d\u2019autres tablettes, cet appareil vous donne des r\u00e9sultats imm\u00e9diats sur l\u2019\u00e9cran de l\u2019appareil et en temps r\u00e9el.<\/li>\n<li>Contr\u00f4le total du processus de num\u00e9risation d\u2019images<\/li>\n<li>Mode de balayage automatique<\/li>\n<li>Mode de balayage manuel<\/li>\n<li>Contr\u00f4lez les dimensions et la taille de la num\u00e9risation gr\u00e2ce \u00e0 plusieurs options affich\u00e9es sur l\u2019\u00e9cran du syst\u00e8me.<\/li>\n<li>Capteurs radar de mesure et d\u2019imagerie avec des techniques scientifiques modernes et sophistiqu\u00e9es, sp\u00e9cialis\u00e9s dans l\u2019identification et la d\u00e9tection d\u2019objets arch\u00e9ologiques, de cibles enterr\u00e9es, de m\u00e9taux et de grottes, en les distinguant.<\/li>\n<li>Clarifiez la taille et la forme de la cible et fournissez un rapport d\u2019image 2D et 3D de la zone num\u00e9ris\u00e9e.<\/li>\n<li>Le logiciel est un niveau de technologie tr\u00e8s avanc\u00e9, donne \u00e0 l\u2019utilisateur un contr\u00f4le facile et rapide de tous les param\u00e8tres et syst\u00e8mes de l\u2019appareil.<\/li>\n<li>La conception ergonomique et la forme simplifi\u00e9e vous donnent le pouvoir de rechercher et de naviguer avec une l\u00e9g\u00e8ret\u00e9 et une facilit\u00e9 d\u2019utilisation qui jouent un r\u00f4le majeur dans des r\u00e9sultats rapides et simples.<\/li>\n<\/ul>\n<p><img decoding=\"async\" class=\"tab-image\" src=\"http:\/\/old.mwf-metaldetectors.com\/wp-content\/uploads\/products\/scope\/en\/3.jpg\" alt=\"\" \/><\/p>\n<\/div>\n<\/div>\n<\/div>\n\t\t\t\t\t\t\t\t\t\t\t<\/div>\n\t\t\t\t<\/div>\n\t\t\t\t\t\t\t\n\t\t\t\t\n\t\t\t\t<div class=\"wd-accordion-item\">\n\t\t\t\t\t<div class=\"wd-accordion-title font-primary wd-fontsize-s text-left wd-opener-pos-left wd-font-weight-600\" data-accordion-index=\"2\">\n\t\t\t\t\t\t<div class=\"wd-accordion-title-text\">\n\t\t\t\t\t\t\t\t\t\t\t\t\t\t<span>\n\t\t\t\t\t\t\t\tESPECIFICACIONES T\u00c9CNICAS\t\t\t\t\t\t\t<\/span>\n\t\t\t\t\t\t<\/div>\n\t\t\t\t\t\t<span class=\"wd-accordion-opener wd-opener-style-arrow\"><\/span>\n\t\t\t\t\t<\/div>\n\n\t\t\t\t\t<div class=\"wd-accordion-content reset-last-child\" data-accordion-index=\"2\">\n\t\t\t\t\t\t\t\t\t\t\t\t\t\n<div class=\"container\">\n<table>\n<tbody>\n<tr>\n<td><strong>Syst\u00e8me de recherche :<\/strong><\/td>\n<td><strong>1.\u00a0\u00a0\u00a0\u00a0\u00a0\u00a0\u00a0<\/strong><strong>Live Scan (Photographie en direct en temps r\u00e9el\u00a0<\/strong><strong>(<\/strong><\/p>\n<p><strong>2.\u00a0\u00a0\u00a0\u00a0\u00a0\u00a0\u00a0<\/strong><strong>Balayage au sol (donn\u00e9es 2D et 3D)<\/strong><\/td>\n<\/tr>\n<tr>\n<td><strong>Principe de recherche :<\/strong><\/td>\n<td><strong>Mesurer l\u2019intensit\u00e9 des champs \u00e9lectromagn\u00e9tiques de la terre pour d\u00e9tecter des cibles d\u2019anomalies dans le sol comme le m\u00e9tal, les tr\u00e9sors et les grottes.<\/strong><\/td>\n<\/tr>\n<tr>\n<td><strong>Processeur d\u2019exploitation\u00a0:<\/strong><\/td>\n<td><strong>MICROCONTROLEUR &amp; BRAS 7<\/strong><\/td>\n<\/tr>\n<tr>\n<td><strong>Fr\u00e9quence de recherche d\u2019exploitation\u00a0:<\/strong><\/td>\n<td><strong>\u00a0\u00a0\u00a0 Fr\u00e9quence sp\u00e9ciale et automatique<\/strong><\/td>\n<\/tr>\n<tr>\n<td><strong>Du pouvoir:<\/strong><\/td>\n<td><strong>7,4 volts 3000 mAh<\/strong><\/td>\n<\/tr>\n<tr>\n<td><strong>Consommation d\u2019\u00e9nergie:<\/strong><\/td>\n<td><strong>Consommation maximale 400 mA<\/strong><\/td>\n<\/tr>\n<tr>\n<td><strong>Vie de la batterie:<\/strong><\/td>\n<td><strong>7 heures de travail ( maximum )<\/strong><\/td>\n<\/tr>\n<tr>\n<td><strong>Chargeur:<\/strong><\/td>\n<td><strong>10V 2A<\/strong><\/td>\n<\/tr>\n<tr>\n<td><strong>Type d\u2019affichage:<\/strong><\/td>\n<td><strong>Moniteur couleur TFT\u00a0<\/strong><strong>\u200e 5<\/strong>\u00a0<strong>\u00a0\u2033, 65536 couleurs, 48Mhz, GPU CDMA<\/strong><\/td>\n<\/tr>\n<tr>\n<td><strong>Sp\u00e9cialis\u00e9 en d\u00e9tection :<\/strong><\/td>\n<td><strong>\u00a0\u00a0 Or, tr\u00e9sors, m\u00e9tal et grottes<\/strong><\/td>\n<\/tr>\n<tr>\n<td><strong>Cible la discrimination :<\/strong><\/td>\n<td><strong>Oui<\/strong><\/td>\n<\/tr>\n<tr>\n<td><strong>Recherche en profondeur\u00a0:<\/strong><\/td>\n<td><strong>La profondeur maximale pour les grandes cibles est de 14 m\u00e8tres.<\/strong><\/td>\n<\/tr>\n<tr>\n<td><strong>R\u00e9troaction des r\u00e9sultats\u00a0:<\/strong><\/td>\n<td><strong>1.\u00a0\u00a0\u00a0\u00a0\u00a0\u00a0\u00a0<\/strong><strong>Donn\u00e9es graphiques Live Scan, son, oscilloscope et puissance du signal.<\/strong><\/p>\n<p><strong>2.\u00a0\u00a0\u00a0\u00a0\u00a0\u00a0\u00a0<\/strong><strong>Donn\u00e9es d\u2019imagerie 2D et 3D montrant l\u2019emplacement et la forme de la cible et la profondeur<\/strong><\/td>\n<\/tr>\n<tr>\n<td><strong>Alertes vocales\u00a0:<\/strong><\/td>\n<td><strong>Oui<\/strong><\/td>\n<\/tr>\n<tr>\n<td><strong>Temp\u00e9rature de fonctionnement\u00a0:<\/strong><\/td>\n<td><strong>De -20\u00b0C \u00e0 60\u00b0C<\/strong><\/td>\n<\/tr>\n<tr>\n<td><strong>Temp\u00e9rature de stockage:<\/strong><\/td>\n<td><strong>De -15\u00b0C \u00e0 40\u00b0C<\/strong><\/td>\n<\/tr>\n<tr>\n<td><strong>Humidit\u00e9:<\/strong><\/td>\n<td><strong>Il peut \u00eatre stock\u00e9 et fonctionner dans un taux d\u2019humidit\u00e9 de l\u2019air de 90\u00a0%.<\/strong><\/td>\n<\/tr>\n<tr>\n<td><strong>Lester:<\/strong><\/td>\n<td><strong>900 g Unit\u00e9 principale \u2013 2 kg Composite avec capteurs \u2013 3,5 kg Emballage complet avec \u00e9tui de transport<\/strong><\/td>\n<\/tr>\n<tr>\n<td><strong>Dimensions:<\/strong><\/td>\n<td><strong>28x21x3,5 cm, Unit\u00e9 principale<\/strong><\/td>\n<\/tr>\n<tr>\n<td><strong>Dimension sac :<\/strong><\/td>\n<td><strong>42x34x17 cm, Forfait complet<\/strong><\/td>\n<\/tr>\n<\/tbody>\n<\/table>\n<\/div>\n\t\t\t\t\t\t\t\t\t\t\t<\/div>\n\t\t\t\t<\/div>\n\t\t\t\t\t\t\t\n\t\t\t\t\n\t\t\t\t<div class=\"wd-accordion-item\">\n\t\t\t\t\t<div class=\"wd-accordion-title font-primary wd-fontsize-s text-left wd-opener-pos-left wd-font-weight-600\" data-accordion-index=\"3\">\n\t\t\t\t\t\t<div class=\"wd-accordion-title-text\">\n\t\t\t\t\t\t\t\t\t\t\t\t\t\t<span>\n\t\t\t\t\t\t\t\tACCESSORIES\t\t\t\t\t\t\t<\/span>\n\t\t\t\t\t\t<\/div>\n\t\t\t\t\t\t<span class=\"wd-accordion-opener wd-opener-style-arrow\"><\/span>\n\t\t\t\t\t<\/div>\n\n\t\t\t\t\t<div class=\"wd-accordion-content reset-last-child\" data-accordion-index=\"3\">\n\t\t\t\t\t\t\t\t\t\t\t\t\t\n<div class=\"container\">\n<ul>\n<li>L\u2019unit\u00e9 principale de l\u2019appareil (unit\u00e9 de contr\u00f4le et de traitement).<\/li>\n<li>Unit\u00e9 de capteur radar au sol.<\/li>\n<li>\u00c9couteurs<\/li>\n<li>Chargeur \u00e9lectrique.<\/li>\n<li>Mallette de transport.<\/li>\n<li>Carte de garantie.<\/li>\n<li>Guide de l\u2019utilisateur.<\/li>\n<li>DVD didactique.<\/li>\n<\/ul>\n<p><!-- #1row --><\/p>\n<div class=\"row\">\n<div class=\"col-sm \">\n<p><img decoding=\"async\" loading=\"lazy\" class=\"tab-image mt-5\" src=\"https:\/\/old.mwf-metaldetectors.com\/wp-content\/uploads\/products\/scope\/en\/main-unit-en.jpg\" width=\"497\" height=\"696\" \/><\/p>\n<div class=\"accessories-title text-center \">\n<div class=\"col-sm \">\n<div class=\"accessories-title text-center \">\n<h5>Unit\u00e9 principale<\/h5>\n<\/div>\n<\/div>\n<\/div>\n<\/div>\n<div class=\"col-sm \">\n<p><img decoding=\"async\" loading=\"lazy\" class=\"tab-image mt-5\" src=\"https:\/\/old.mwf-metaldetectors.com\/wp-content\/uploads\/products\/scope\/en\/6.jpg\" width=\"497\" height=\"696\" \/><\/p>\n<div class=\"accessories-title text-center \">\n<div class=\"col-sm \">\n<div class=\"accessories-title text-center \">\n<h5>Capteur de sol<\/h5>\n<\/div>\n<\/div>\n<\/div>\n<\/div>\n<div class=\"col-sm \">\n<p><img decoding=\"async\" loading=\"lazy\" class=\"tab-image mt-5\" src=\"https:\/\/old.mwf-metaldetectors.com\/wp-content\/uploads\/products\/scope\/en\/7.jpg\" width=\"497\" height=\"696\" \/><\/p>\n<div class=\"accessories-title text-center \">\n<h5>Chargeur<\/h5>\n<\/div>\n<\/div>\n<div class=\"col-sm \">\n<p><img decoding=\"async\" loading=\"lazy\" class=\"tab-image mt-5\" src=\"https:\/\/old.mwf-metaldetectors.com\/wp-content\/uploads\/products\/scope\/en\/5.jpg\" width=\"497\" height=\"696\" \/><\/p>\n<div class=\"accessories-title text-center \">\n<div class=\"wd-tab-wrapper\">\n<div id=\"tab-accessories\" class=\"woocommerce-Tabs-panel woocommerce-Tabs-panel--accessories panel entry-content wc-tab\">\n<div class=\"wc-tab-inner \">\n<div class=\"\">\n<div class=\"container\">\n<div class=\"container\">\n<div class=\"row\">\n<div class=\"col-sm \">\n<div class=\"accessories-title text-center \">\n<h5>\u00c9couteurs<\/h5>\n<\/div>\n<\/div>\n<\/div>\n<\/div>\n<\/div>\n<\/div>\n<\/div>\n<\/div>\n<\/div>\n<\/div>\n<\/div>\n<\/div>\n<\/div>\n\t\t\t\t\t\t\t\t\t\t\t<\/div>\n\t\t\t\t<\/div>\n\t\t\t\t\t\t\t\n\t\t\t\t\n\t\t\t\t<div class=\"wd-accordion-item\">\n\t\t\t\t\t<div class=\"wd-accordion-title font-primary wd-fontsize-s text-left wd-opener-pos-left wd-font-weight-600\" data-accordion-index=\"4\">\n\t\t\t\t\t\t<div class=\"wd-accordion-title-text\">\n\t\t\t\t\t\t\t\t\t\t\t\t\t\t<span>\n\t\t\t\t\t\t\t\tMANUAL DE USUARIO\t\t\t\t\t\t\t<\/span>\n\t\t\t\t\t\t<\/div>\n\t\t\t\t\t\t<span class=\"wd-accordion-opener wd-opener-style-arrow\"><\/span>\n\t\t\t\t\t<\/div>\n\n\t\t\t\t\t<div class=\"wd-accordion-content reset-last-child\" data-accordion-index=\"4\">\n\t\t\t\t\t\t\t\t\t\t\t\t\t\n<div class=\"container\">\n<div class=\"col-md-12 col-ms-12 user-text\" style=\"text-align: center;\">\n<div class=\"col-md-12 col-ms-12 user-text\" style=\"text-align: left;\">\n<div class=\"col-md-12 col-ms-12 user-text\">\n<div class=\"col-md-12 col-ms-12 user-text\">\n<p>Pour lire ou t\u00e9l\u00e9charger le livre, cliquez<span style=\"color: #0000ff;\">\u00a0\u00a0<a style=\"color: #0000ff;\" href=\"https:\/\/mwf-metaldetectors.com\/user-manual\/en\/scope.pdf\" target=\"_blank\" rel=\"noopener\">ici<\/a><\/span><\/p>\n<div class=\"col-md-12 col-ms-12 text-center user-img\">\n<div class=\"my-3\"><a href=\"https:\/\/mwf-metaldetectors.com\/user-manual\/en\/scope.pdf\" target=\"_blank\" rel=\"noopener\"><br \/>\n<img decoding=\"async\" class=\"aligncenter\" src=\"https:\/\/mwf-metaldetectors.com\/user-manual\/en\/scope.jpg\" alt=\"\" \/><\/a><\/div>\n<\/div>\n<\/div>\n<\/div>\n<\/div>\n<\/div>\n<\/div>\n\t\t\t\t\t\t\t\t\t\t\t<\/div>\n\t\t\t\t<\/div>\n\t\t\t\t\t\t\t\t\t\t\t\t\t\t<\/div>\n\n\t\t[\/vc_column][\/vc_row]<\/p>\n<\/section>","protected":false},"excerpt":{"rendered":"<p>[vc_row woodmart_css_id=\u00a0\u00bb6380db64924c3&Prime; responsive_spacing=\u00a0\u00bbeyJwYXJhbV90eXBlIjoid29vZG1hcnRfcmVzcG9uc2l2ZV9zcGFjaW5nIiwic2VsZWN0b3JfaWQiOiI2MzgwZGI2NDkyNGMzIiwic2hvcnRjb2RlIjoidmNfcm93IiwiZGF0YSI6eyJ0YWJsZXQiOnt9LCJtb2JpbGUiOnt9fX0=\u00a0\u00bb mobile_bg_img_hidden=\u00a0\u00bbno\u00a0\u00bb tablet_bg_img_hidden=\u00a0\u00bbno\u00a0\u00bb woodmart_parallax=\u00a0\u00bb0&Prime; woodmart_gradient_switch=\u00a0\u00bbno\u00a0\u00bb woodmart_box_shadow=\u00a0\u00bbno\u00a0\u00bb wd_z_index=\u00a0\u00bbno\u00a0\u00bb woodmart_disable_overflow=\u00a0\u00bb0&Prime; row_reverse_mobile=\u00a0\u00bb0&Prime; row_reverse_tablet=\u00a0\u00bb0&Prime;][vc_column][\/vc_column][\/vc_row]<\/p>\n","protected":false},"featured_media":9129,"comment_status":"closed","ping_status":"closed","template":"","meta":[],"product_cat":[143,138,147,175,190],"product_tag":[],"_links":{"self":[{"href":"https:\/\/mwf-morocco.com\/fr\/wp-json\/wp\/v3\/product\/10273"}],"collection":[{"href":"https:\/\/mwf-morocco.com\/fr\/wp-json\/wp\/v3\/product"}],"about":[{"href":"https:\/\/mwf-morocco.com\/fr\/wp-json\/wp\/v2\/types\/product"}],"replies":[{"embeddable":true,"href":"https:\/\/mwf-morocco.com\/fr\/wp-json\/wp\/v2\/comments?post=10273"}],"wp:featuredmedia":[{"embeddable":true,"href":"https:\/\/mwf-morocco.com\/fr\/wp-json\/wp\/v2\/media\/9129"}],"wp:attachment":[{"href":"https:\/\/mwf-morocco.com\/fr\/wp-json\/wp\/v2\/media?parent=10273"}],"wp:term":[{"taxonomy":"product_cat","embeddable":true,"href":"https:\/\/mwf-morocco.com\/fr\/wp-json\/wp\/v2\/product_cat?post=10273"},{"taxonomy":"product_tag","embeddable":true,"href":"https:\/\/mwf-morocco.com\/fr\/wp-json\/wp\/v2\/product_tag?post=10273"}],"curies":[{"name":"wp","href":"https:\/\/api.w.org\/{rel}","templated":true}]}}