{"id":10297,"date":"2022-11-16T12:56:07","date_gmt":"2022-11-16T12:56:07","guid":{"rendered":"https:\/\/mwf-morocco.com\/product\/navvy\/"},"modified":"2022-12-13T13:57:32","modified_gmt":"2022-12-13T13:57:32","slug":"navvy","status":"publish","type":"product","link":"https:\/\/mwf-morocco.com\/fr\/produit\/navvy\/","title":{"rendered":"NAVVY"},"content":{"rendered":"<section class=\"wpb-content-wrapper\"><p>[vc_row woodmart_css_id=\u00a0\u00bb6380db64924c3&Prime; responsive_spacing=\u00a0\u00bbeyJwYXJhbV90eXBlIjoid29vZG1hcnRfcmVzcG9uc2l2ZV9zcGFjaW5nIiwic2VsZWN0b3JfaWQiOiI2MzgwZGI2NDkyNGMzIiwic2hvcnRjb2RlIjoidmNfcm93IiwiZGF0YSI6eyJ0YWJsZXQiOnt9LCJtb2JpbGUiOnt9fX0=\u00a0\u00bb mobile_bg_img_hidden=\u00a0\u00bbno\u00a0\u00bb tablet_bg_img_hidden=\u00a0\u00bbno\u00a0\u00bb woodmart_parallax=\u00a0\u00bb0&Prime; woodmart_gradient_switch=\u00a0\u00bbno\u00a0\u00bb woodmart_box_shadow=\u00a0\u00bbno\u00a0\u00bb wd_z_index=\u00a0\u00bbno\u00a0\u00bb woodmart_disable_overflow=\u00a0\u00bb0&Prime; row_reverse_mobile=\u00a0\u00bb0&Prime; row_reverse_tablet=\u00a0\u00bb0&Prime;][vc_column]\n\t\t<div id=\"wd-637e341d284e0\" class=\"wd-accordion wd-wpb wd-rs-637e341d284e0  wd-style-default\" data-state=\"first\">\n\t\t\t\t\t\t\t\n\t\t\t\t\n\t\t\t\t<div class=\"wd-accordion-item\">\n\t\t\t\t\t<div class=\"wd-accordion-title wd-active font-primary wd-fontsize-s text-left wd-opener-pos-left wd-font-weight-600\" data-accordion-index=\"0\">\n\t\t\t\t\t\t<div class=\"wd-accordion-title-text\">\n\t\t\t\t\t\t\t\t\t\t\t\t\t\t<span>\n\t\t\t\t\t\t\t\tSYST\u00c8MES DE D\u00c9TECTION\t\t\t\t\t\t\t<\/span>\n\t\t\t\t\t\t<\/div>\n\t\t\t\t\t\t<span class=\"wd-accordion-opener wd-opener-style-arrow\"><\/span>\n\t\t\t\t\t<\/div>\n\n\t\t\t\t\t<div class=\"wd-accordion-content reset-last-child wd-active\" data-accordion-index=\"0\">\n\t\t\t\t\t\t\t\t\t\t\t\t\t\n<div class=\"container\">\n<h3><strong>Le plus simple Le plus petit et le plus rapide \u00e0 d\u00e9tecter les eaux souterraines NAVVY<\/strong><\/h3>\n<blockquote><p>\nle nouveau dispositif avanc\u00e9 pour d\u00e9tecter les eaux souterraines, le dispositif de navigation a des caract\u00e9ristiques et des caract\u00e9ristiques modernes qui lui permettent de surveiller les eaux souterraines avec pr\u00e9cision et efficacit\u00e9, la haute sensibilit\u00e9 \u00e0 la d\u00e9tection rapide de l\u2019eau, la v\u00e9rification pr\u00e9cise de l\u2019emplacement de l\u2019eau et les indicateurs acoustiques \u00e9mis pour d\u00e9terminer le Le chemin de localisation de l\u2019eau est l\u2019une des plus importantes de ces caract\u00e9ristiques. En outre, la boussole num\u00e9rique sur l\u2019\u00e9cran de l\u2019appareil, qui indique \u00e9galement les directions et le chemin cible. La profondeur de d\u00e9tection de cet appareil atteint 500 m et peut d\u00e9tecter l\u2019eau \u00e0 une distance de Circulaire de 2000 m.\n<\/p><\/blockquote>\n<div class=\"row flex-column-reverse flex-lg-row\">\n<div class=\"col-md-6 col-ms-12 \">\n<ul>\n<li>L\u2019appareil NAVVY est l\u2019un des meilleurs appareils au monde pour d\u00e9tecter et localiser les eaux souterraines \u00e0 distance.<\/li>\n<li>Un appareil sp\u00e9cialis\u00e9 dans la recherche et la d\u00e9tection des eaux souterraines et art\u00e9siennes.<\/li>\n<li>Grande pr\u00e9cision in\u00e9gal\u00e9e dans la sp\u00e9cification et la d\u00e9tection des eaux souterraines et la confirmation de l\u2019existence de la cible \u00e0 100 % sans aucune erreur.<\/li>\n<li>Grande vitesse pour fournir les r\u00e9sultats \u00e0 l\u2019utilisateur avec des donn\u00e9es int\u00e9gr\u00e9es et compl\u00e8tes sur la cible et le centre du point.<\/li>\n<li>Syst\u00e8mes internes de filtrage du signal, pour \u00e9viter toute confusion r\u00e9sultant de toutes les hautes fr\u00e9quences telles que les ondes radio pr\u00e9sentes dans l\u2019air ou autre.<\/li>\n<li>Syst\u00e8me de r\u00e9glage automatique (ATS).<\/li>\n<li>Contr\u00f4lez le niveau de luminosit\u00e9 de l\u2019\u00e9cran, ce qui vous donne un \u00e9clairage ad\u00e9quat pour le jour ou la nuit, et r\u00e9duisez \u00e9galement le niveau d\u2019\u00e9clairage pour \u00e9conomiser de l\u2019\u00e9nergie.<\/li>\n<li>Cinq niveaux de son vous offrent un contr\u00f4le ad\u00e9quat de la sortie sonore et signalent les sons des r\u00e9sultats de la recherche, ainsi que le mode vibreur ou le mode silencieux et la suffisance par les r\u00e9sultats visuels.<\/li>\n<li>Multi langues.<\/li>\n<li>Fonction intelligente de batterie et de charge, qui donne \u00e0 l\u2019utilisateur un suivi pr\u00e9cis du niveau de la batterie et des avis sur le niveau de la batterie et des alertes avant l\u2019entr\u00e9e en vigueur de l\u2019alimentation, avec des syst\u00e8mes de charge intelligents qui permettent \u00e0 l\u2019utilisateur de suivre \u00e9galement la charge de la batterie lorsque l\u2019appareil est allum\u00e9 ou \u00e9teint , et pour conna\u00eetre le niveau de charge ajout\u00e9, le tout en temps r\u00e9el.<\/li>\n<li>Performances de haute qualit\u00e9 et pr\u00e9cises, fabrication de ce produit avec les meilleurs \u00e9lastom\u00e8res, composants \u00e9lectroniques et circuits conformes aux normes internationales.<\/li>\n<\/ul>\n<\/div>\n<div class=\"col-md-6 col-ms-12\">\n<div class=\"tab-image\"><img decoding=\"async\" src=\"https:\/\/old.mwf-metaldetectors.com\/wp-content\/uploads\/products\/NAVVY\/en\/big-main-image-en.jpg\" alt=\"NAVVY\" \/><\/div>\n<\/div>\n<\/div>\n<div class=\"row\">\n<div class=\"col-md-6 col-ms-12\">\n<ul>\n<li>La conception ergonomique et la forme simplifi\u00e9e vous donnent le pouvoir de rechercher et de naviguer avec l\u00e9g\u00e8ret\u00e9 et facilit\u00e9 d\u2019utilisation, ce qui joue un r\u00f4le important dans des r\u00e9sultats rapides et simples.<\/li>\n<li>Facile \u00e0 travailler et \u00e0 utiliser, tout le monde peut l\u2019utiliser.<\/li>\n<li>L\u2019\u00e9cran couleur TFT HD de 3,2 pouces offre \u00e0 l\u2019utilisateur une vision claire de jour comme de nuit.<\/li>\n<li>Prend en charge cet appareil avec un panneau de commande simple, fonctionne avec une interface de boutons, permet \u00e0 l\u2019utilisateur de contr\u00f4ler et de configurer l\u2019appareil pour rechercher facilement, le panneau de commande se compose des \u00e9l\u00e9ments suivants\u00a0:\n<ul>\n<li>Bouton marche\/arr\u00eat<\/li>\n<li>Bouton Retour<\/li>\n<li>Bouton D\u00e9placer<\/li>\n<li>Bouton Entr\u00e9e<\/li>\n<li>Bouton de suivi et de mise au point cible<\/li>\n<\/ul>\n<\/li>\n<\/ul>\n<\/div>\n<\/div>\n<\/div>\n\t\t\t\t\t\t\t\t\t\t\t<\/div>\n\t\t\t\t<\/div>\n\t\t\t\t\t\t\t\n\t\t\t\t\n\t\t\t\t<div class=\"wd-accordion-item\">\n\t\t\t\t\t<div class=\"wd-accordion-title font-primary wd-fontsize-s text-left wd-opener-pos-left wd-font-weight-600\" data-accordion-index=\"1\">\n\t\t\t\t\t\t<div class=\"wd-accordion-title-text\">\n\t\t\t\t\t\t\t\t\t\t\t\t\t\t<span>\n\t\t\t\t\t\t\t\tSP\u00c9CIFICATIONS TECHNIQUES\t\t\t\t\t\t\t<\/span>\n\t\t\t\t\t\t<\/div>\n\t\t\t\t\t\t<span class=\"wd-accordion-opener wd-opener-style-arrow\"><\/span>\n\t\t\t\t\t<\/div>\n\n\t\t\t\t\t<div class=\"wd-accordion-content reset-last-child\" data-accordion-index=\"1\">\n\t\t\t\t\t\t\t\t\t\t\t\t\t\n<div class=\"container\">\n<h5><b>Syst\u00e8mes de d\u00e9tection pris en charge par l\u2019appareil\u00a0:<\/b><\/h5>\n<h3>Avanc\u00e9 \u2013 Syst\u00e8me de localisation longue port\u00e9e\u00a0:<\/h3>\n<ul>\n<li>De nombreuses nouvelles technologies ajout\u00e9es \u00e0 notre syst\u00e8me de localisation \u00e0 longue port\u00e9e, la technologie exclusive est sans pr\u00e9c\u00e9dent, ce syst\u00e8me fonctionne pour d\u00e9tecter et localiser les eaux souterraines \u00e0 distance, il dirige l\u2019utilisateur et sa direction directement vers l\u2019emplacement de l\u2019eau.<\/li>\n<li>Syst\u00e8me int\u00e9gr\u00e9 de d\u00e9tection et de d\u00e9tection, o\u00f9 l\u2019appareil peut d\u00e9tecter les cibles en se dirigeant vers la cible et est accompagn\u00e9 d\u2019un indicateur d\u2019alarme acoustique vers la cible avec pr\u00e9cision.<\/li>\n<li>Syst\u00e8me de guidage intelligent automatique, pour localiser le chemin et la direction de la cible, via une interface graphique sp\u00e9ciale, o\u00f9 ce syst\u00e8me donne \u00e0 l\u2019utilisateur une identification automatique et une vision de la direction et de l\u2019emplacement de la cible.<\/li>\n<li>Interface de contr\u00f4le intelligente pour ajuster les niveaux, les capacit\u00e9s de recherche et le type de cible que vous souhaitez \u00e9galement rechercher.<\/li>\n<li>Une liste de cibles d\u2019eau, qui permet \u00e0 l\u2019utilisateur de pr\u00e9s\u00e9lectionner le type d\u2019eau souterraine \u00e0 rechercher : eau naturelle \u2013 eau min\u00e9rale \u2013 eau sal\u00e9e \u2013 et tous types d\u2019eau.<\/li>\n<li>L\u2019interface de r\u00e9glage pr\u00e9cis des param\u00e8tres de recherche, Multilevel pour pr\u00e9-contr\u00f4ler les niveaux de profondeur et de distance de la recherche :<\/li>\n<li>Profondeur jusqu\u2019\u00e0 500 m\u00e8tres avec une propri\u00e9t\u00e9 de contr\u00f4le du niveau de signal des profondeurs de recherche, via la liste des options de profondeurs, et \u00e0 partir de 0 jusqu\u2019\u00e0 la profondeur s\u00e9lectionn\u00e9e : 25 m \u2013 50 m \u2013 100 m \u2013 150 m \u2013 250 m \u2013 350 m \u2013 500 m.<\/li>\n<li>Recherche de distance jusqu\u2019\u00e0 2000m, avec une propri\u00e9t\u00e9 de contr\u00f4le au niveau de l\u2019onde de diffusion avant, \u00e0 travers la liste des options de distance et \u00e0 partir de 0 jusqu\u2019\u00e0 la distance s\u00e9lectionn\u00e9e : 100m \u2013 250m \u2013 500m \u2013 750m \u2013 1000m \u20131500m \u2013 2000m.<\/li>\n<li>La fonction laser guid\u00e9 peut \u00eatre activ\u00e9e ou d\u00e9sactiv\u00e9e \u00e0 partir de l\u2019interface syst\u00e8me.<\/li>\n<li>\u00c9quip\u00e9 d\u2019un dispositif de diffusion int\u00e9gr\u00e9 qui fonctionne sur deux syst\u00e8mes, un syst\u00e8me de filtre de signal pour confirmer le site des eaux souterraines et conna\u00eetre la densit\u00e9, et un syst\u00e8me d\u2019\u00e9metteur au sol pour renforcer le signal dans les zones montagneuses et rocheuses.<\/li>\n<\/ul>\n<div class=\"row\">\n<div class=\"col-md-6 col-ms-12\">\n<div class=\"tab-image\"><img decoding=\"async\" src=\"https:\/\/old.mwf-metaldetectors.com\/wp-content\/uploads\/products\/NAVVY\/en\/3.jpg\" alt=\"\" \/><\/div>\n<\/div>\n<div class=\"col-md-6 col-ms-12\">\n<div class=\"tab-image\"><img decoding=\"async\" src=\"https:\/\/old.mwf-metaldetectors.com\/wp-content\/uploads\/products\/NAVVY\/en\/4.jpg\" alt=\"\" \/><\/div>\n<\/div>\n<\/div>\n<\/div>\n\t\t\t\t\t\t\t\t\t\t\t<\/div>\n\t\t\t\t<\/div>\n\t\t\t\t\t\t\t\n\t\t\t\t\n\t\t\t\t<div class=\"wd-accordion-item\">\n\t\t\t\t\t<div class=\"wd-accordion-title font-primary wd-fontsize-s text-left wd-opener-pos-left wd-font-weight-600\" data-accordion-index=\"2\">\n\t\t\t\t\t\t<div class=\"wd-accordion-title-text\">\n\t\t\t\t\t\t\t\t\t\t\t\t\t\t<span>\n\t\t\t\t\t\t\t\tACCESSOIRES\t\t\t\t\t\t\t<\/span>\n\t\t\t\t\t\t<\/div>\n\t\t\t\t\t\t<span class=\"wd-accordion-opener wd-opener-style-arrow\"><\/span>\n\t\t\t\t\t<\/div>\n\n\t\t\t\t\t<div class=\"wd-accordion-content reset-last-child\" data-accordion-index=\"2\">\n\t\t\t\t\t\t\t\t\t\t\t\t\t\n<div class=\"container\">\n<p><strong>Pi\u00e8ces &amp; Accessoires:<\/strong><\/p>\n<ul>\n<li>L\u2019unit\u00e9 principale de l\u2019appareil (unit\u00e9 de recherche et de contr\u00f4le).<\/li>\n<li>Antenne \u00e9metteur-r\u00e9cepteur.<\/li>\n<li>Bo\u00eetier en plastique de l\u2019appareil (anti-choc).<\/li>\n<li>Chargeur \u00e9lectrique.<\/li>\n<li>Carte de garantie de 3 ans.<\/li>\n<li>Guide de l\u2019utilisateur.<\/li>\n<li>DVD didactique.<\/li>\n<\/ul>\n<div class=\"row\">\n<div class=\"col-sm \">\n<p><img decoding=\"async\" loading=\"lazy\" class=\"tab-image mt-5\" src=\"https:\/\/old.mwf-metaldetectors.com\/wp-content\/uploads\/products\/NAVVY\/en\/main-unit-en.jpg\" width=\"497\" height=\"696\" \/><\/p>\n<div class=\"accessories-title text-center \">\n<h5>Unit\u00e9 principale<\/h5>\n<\/div>\n<\/div>\n<div class=\"col-sm \">\n<p><img decoding=\"async\" loading=\"lazy\" class=\"tab-image mt-5\" src=\"https:\/\/old.mwf-metaldetectors.com\/wp-content\/uploads\/products\/NAVVY\/en\/5.jpg\" width=\"497\" height=\"696\" \/><\/p>\n<div class=\"accessories-title text-center \">\n<h5>Saisir<\/h5>\n<\/div>\n<\/div>\n<div class=\"col-sm \">\n<p><img decoding=\"async\" loading=\"lazy\" class=\"tab-image mt-5\" src=\"https:\/\/old.mwf-metaldetectors.com\/wp-content\/uploads\/products\/NAVVY\/en\/6.jpg\" width=\"497\" height=\"696\" \/><\/p>\n<div class=\"accessories-title text-center \">\n<h5>Antenne \u00e9metteur-r\u00e9cepteur<\/h5>\n<\/div>\n<\/div>\n<\/div>\n<div class=\"row \">\n<div class=\"col-sm\">\n<p><img decoding=\"async\" loading=\"lazy\" class=\"tab-image mt-5\" src=\"https:\/\/old.mwf-metaldetectors.com\/wp-content\/uploads\/products\/NAVVY\/en\/7.jpg\" width=\"497\" height=\"696\" \/><\/p>\n<div class=\"accessories-title text-center \">\n<h5>Antenne \u00e9metteur-r\u00e9cepteur<\/h5>\n<\/div>\n<\/div>\n<div class=\"col-sm\">\n<p><img decoding=\"async\" loading=\"lazy\" class=\"tab-image mt-5\" src=\"https:\/\/old.mwf-metaldetectors.com\/wp-content\/uploads\/products\/scope\/en\/7.jpg\" width=\"497\" height=\"696\" \/><\/p>\n<div class=\"accessories-title text-center \">\n<h5>Chargeur<\/h5>\n<\/div>\n<\/div>\n<\/div>\n<\/div>\n\t\t\t\t\t\t\t\t\t\t\t<\/div>\n\t\t\t\t<\/div>\n\t\t\t\t\t\t\t\n\t\t\t\t\n\t\t\t\t<div class=\"wd-accordion-item\">\n\t\t\t\t\t<div class=\"wd-accordion-title font-primary wd-fontsize-s text-left wd-opener-pos-left wd-font-weight-600\" data-accordion-index=\"3\">\n\t\t\t\t\t\t<div class=\"wd-accordion-title-text\">\n\t\t\t\t\t\t\t\t\t\t\t\t\t\t<span>\n\t\t\t\t\t\t\t\tTECHNICAL SPECIFICATIONS\t\t\t\t\t\t\t<\/span>\n\t\t\t\t\t\t<\/div>\n\t\t\t\t\t\t<span class=\"wd-accordion-opener wd-opener-style-arrow\"><\/span>\n\t\t\t\t\t<\/div>\n\n\t\t\t\t\t<div class=\"wd-accordion-content reset-last-child\" data-accordion-index=\"3\">\n\t\t\t\t\t\t\t\t\t\t\t\t\t\n<div class=\"container\">\n<table>\n<tbody>\n<tr>\n<td><strong>Syst\u00e8me de recherche\u00a0<\/strong><strong>:<\/strong><\/td>\n<td>Syst\u00e8me avanc\u00e9 de localisation de l\u2019eau \u00e0 longue port\u00e9e<\/td>\n<\/tr>\n<tr>\n<td><strong>Principe de recherche :<\/strong><\/td>\n<td>Traitement num\u00e9rique du signal de fr\u00e9quence (DFSP) \/ Pour recevoir les champs \u00e9lectrostatiques de l\u2019eau.<\/td>\n<\/tr>\n<tr>\n<td><strong>Processeur d\u2019exploitation\u00a0:<\/strong><\/td>\n<td>MICROCONTROLEUR PIC18 &amp; ARM 7<\/td>\n<\/tr>\n<tr>\n<td><strong>Fr\u00e9quence de recherche d\u2019exploitation\u00a0:<\/strong><\/td>\n<td>De 9 kHz \u00e0 11 kHz<\/td>\n<\/tr>\n<tr>\n<td><strong>Du pouvoir:<\/strong><\/td>\n<td>3.7V Li-ion 800 mAh<\/td>\n<\/tr>\n<tr>\n<td><strong>Consommation d\u2019\u00e9nergie:<\/strong><\/td>\n<td>Consommation maximale 200 mA<\/td>\n<\/tr>\n<tr>\n<td><strong>Vie de la batterie:<\/strong><\/td>\n<td>5 heures de travail<\/td>\n<\/tr>\n<tr>\n<td><strong>Chargeur:<\/strong><\/td>\n<td>9 volts 2 A \/ Temps de charge 2 heures<\/td>\n<\/tr>\n<tr>\n<td><strong>Type d\u2019affichage:<\/strong><\/td>\n<td>Moniteur couleur TFT 3.2\u2033, 65536 couleurs, 48Mhz, GPU CDMA<\/td>\n<\/tr>\n<tr>\n<td><strong>Sp\u00e9cialis\u00e9 en d\u00e9tection :<\/strong><\/td>\n<td>Eau naturelle \u2013 eau min\u00e9rale \u2013 eau sal\u00e9e \u2013 et tous types d\u2019eau<\/td>\n<\/tr>\n<tr>\n<td><strong>Discrimination des eaux souterraines\u00a0:<\/strong><\/td>\n<td>Oui<\/td>\n<\/tr>\n<tr>\n<td><strong>\u00a0Syst\u00e8me de s\u00e9lection du\u00a0<\/strong><strong>\u00a0type\u00a0<\/strong><strong>d\u2019eau\u00a0:<\/strong><\/td>\n<td>Oui, possibilit\u00e9 de choisir le type d\u2019eau avant de lancer la recherche dans la liste des cibles<\/td>\n<\/tr>\n<tr>\n<td><strong>Recherche en profondeur\u00a0:<\/strong><\/td>\n<td>500 m\u00e8tres<\/td>\n<\/tr>\n<tr>\n<td><strong>Recherche \u00e0 distance\u00a0:<\/strong><\/td>\n<td>2000 m\u00e8tres<\/td>\n<\/tr>\n<tr>\n<td><strong>R\u00e9troaction des r\u00e9sultats\u00a0:<\/strong><\/td>\n<td>Gr\u00e2ce \u00e0 l\u2019orientation vers l\u2019emplacement de l\u2019eau accompagn\u00e9e d\u2019alertes sonores + graphiques et vibratoires.<\/td>\n<\/tr>\n<tr>\n<td><strong>Bluetooth:<\/strong><\/td>\n<td>oui<\/td>\n<\/tr>\n<tr>\n<td><strong>Sans fil:<\/strong><\/td>\n<td>oui<\/td>\n<\/tr>\n<tr>\n<td><strong>Syst\u00e8me de guidage intelligent automatique\u00a0:<\/strong><\/td>\n<td>Oui, par l\u2019interface graphique pour localiser le chemin et la direction de la cible, et les commandes acoustiques<\/td>\n<\/tr>\n<tr>\n<td><strong>Alertes vocales\u00a0:<\/strong><\/td>\n<td>Oui<\/td>\n<\/tr>\n<tr>\n<td><strong>Vibreur:<\/strong><\/td>\n<td>Oui<\/td>\n<\/tr>\n<tr>\n<td><strong>Temp\u00e9rature de fonctionnement\u00a0:<\/strong><\/td>\n<td>De -15\u00b0C \u00e0 60\u00b0C<\/td>\n<\/tr>\n<tr>\n<td><strong>Temp\u00e9rature de stockage:<\/strong><\/td>\n<td>De -15\u00b0C \u00e0 40\u00b0C<\/td>\n<\/tr>\n<tr>\n<td><strong>Humidit\u00e9:<\/strong><\/td>\n<td>Il peut \u00eatre stock\u00e9 et fonctionner dans un taux d\u2019humidit\u00e9 de l\u2019air de 90\u00a0%.<\/td>\n<\/tr>\n<tr>\n<td><strong>Lester:<\/strong><\/td>\n<td>Compos\u00e9 : 550 g \u2013 disjoint dans le sachet : 750 g<\/td>\n<\/tr>\n<tr>\n<td><strong>Dimensions:<\/strong><\/td>\n<td>21\u00d710,7\u00d73,8cm<\/td>\n<\/tr>\n<tr>\n<td><strong>Dimension sac :<\/strong><\/td>\n<td>27x24x08cm<\/td>\n<\/tr>\n<\/tbody>\n<\/table>\n<\/div>\n\t\t\t\t\t\t\t\t\t\t\t<\/div>\n\t\t\t\t<\/div>\n\t\t\t\t\t\t\t\n\t\t\t\t\n\t\t\t\t<div class=\"wd-accordion-item\">\n\t\t\t\t\t<div class=\"wd-accordion-title font-primary wd-fontsize-s text-left wd-opener-pos-left wd-font-weight-600\" data-accordion-index=\"4\">\n\t\t\t\t\t\t<div class=\"wd-accordion-title-text\">\n\t\t\t\t\t\t\t\t\t\t\t\t\t\t<span>\n\t\t\t\t\t\t\t\tMANUEL DE L&#039;UTILISATEUR\t\t\t\t\t\t\t<\/span>\n\t\t\t\t\t\t<\/div>\n\t\t\t\t\t\t<span class=\"wd-accordion-opener wd-opener-style-arrow\"><\/span>\n\t\t\t\t\t<\/div>\n\n\t\t\t\t\t<div class=\"wd-accordion-content reset-last-child\" data-accordion-index=\"4\">\n\t\t\t\t\t\t\t\t\t\t\t\t\t\n<div class=\"container\">\n<div class=\"col-md-12 col-ms-12 user-text\">Pour lire ou t\u00e9l\u00e9charger le livre, cliquez<span style=\"color: #0000ff;\">\u00a0\u00a0<a style=\"color: #0000ff;\" href=\"https:\/\/mwf-metaldetectors.com\/user-manual\/en\/navvy.pdf\" target=\"_blank\" rel=\"noopener\">ici<\/a><\/span><\/div>\n<div><\/div>\n<div class=\"col-md-12 col-ms-12 text-center user-img\">\n<div class=\"my-3\"><a style=\"color: #ff9c00;\" href=\"https:\/\/mwf-metaldetectors.com\/user-manual\/en\/navvy.pdf\" target=\"_blank\" rel=\"noopener\"><img decoding=\"async\" class=\"aligncenter\" src=\"https:\/\/mwf-metaldetectors.com\/wp-content\/uploads\/2021\/12\/NAVVY-EN-READ-01.jpg\" alt=\"\" \/><\/a><\/div>\n<\/div>\n<\/div>\n\t\t\t\t\t\t\t\t\t\t\t<\/div>\n\t\t\t\t<\/div>\n\t\t\t\t\t\t\t\t\t\t\t\t\t\t<\/div>\n\n\t\t[\/vc_column][\/vc_row]<\/p>\n<\/section>","protected":false},"excerpt":{"rendered":"<p>[vc_row woodmart_css_id=\u00a0\u00bb6380db64924c3&Prime; responsive_spacing=\u00a0\u00bbeyJwYXJhbV90eXBlIjoid29vZG1hcnRfcmVzcG9uc2l2ZV9zcGFjaW5nIiwic2VsZWN0b3JfaWQiOiI2MzgwZGI2NDkyNGMzIiwic2hvcnRjb2RlIjoidmNfcm93IiwiZGF0YSI6eyJ0YWJsZXQiOnt9LCJtb2JpbGUiOnt9fX0=\u00a0\u00bb mobile_bg_img_hidden=\u00a0\u00bbno\u00a0\u00bb tablet_bg_img_hidden=\u00a0\u00bbno\u00a0\u00bb woodmart_parallax=\u00a0\u00bb0&Prime; woodmart_gradient_switch=\u00a0\u00bbno\u00a0\u00bb woodmart_box_shadow=\u00a0\u00bbno\u00a0\u00bb wd_z_index=\u00a0\u00bbno\u00a0\u00bb woodmart_disable_overflow=\u00a0\u00bb0&Prime; row_reverse_mobile=\u00a0\u00bb0&Prime; row_reverse_tablet=\u00a0\u00bb0&Prime;][vc_column][\/vc_column][\/vc_row]<\/p>\n","protected":false},"featured_media":9005,"comment_status":"closed","ping_status":"closed","template":"","meta":[],"product_cat":[160,190,184],"product_tag":[],"_links":{"self":[{"href":"https:\/\/mwf-morocco.com\/fr\/wp-json\/wp\/v3\/product\/10297"}],"collection":[{"href":"https:\/\/mwf-morocco.com\/fr\/wp-json\/wp\/v3\/product"}],"about":[{"href":"https:\/\/mwf-morocco.com\/fr\/wp-json\/wp\/v2\/types\/product"}],"replies":[{"embeddable":true,"href":"https:\/\/mwf-morocco.com\/fr\/wp-json\/wp\/v2\/comments?post=10297"}],"wp:featuredmedia":[{"embeddable":true,"href":"https:\/\/mwf-morocco.com\/fr\/wp-json\/wp\/v2\/media\/9005"}],"wp:attachment":[{"href":"https:\/\/mwf-morocco.com\/fr\/wp-json\/wp\/v2\/media?parent=10297"}],"wp:term":[{"taxonomy":"product_cat","embeddable":true,"href":"https:\/\/mwf-morocco.com\/fr\/wp-json\/wp\/v2\/product_cat?post=10297"},{"taxonomy":"product_tag","embeddable":true,"href":"https:\/\/mwf-morocco.com\/fr\/wp-json\/wp\/v2\/product_tag?post=10297"}],"curies":[{"name":"wp","href":"https:\/\/api.w.org\/{rel}","templated":true}]}}