{"id":10690,"date":"2022-12-16T13:04:09","date_gmt":"2022-12-16T13:04:09","guid":{"rendered":"https:\/\/mwf-morocco.com\/product\/tf-mini\/"},"modified":"2022-12-17T07:27:38","modified_gmt":"2022-12-17T07:27:38","slug":"tf-mini","status":"publish","type":"product","link":"https:\/\/mwf-morocco.com\/fr\/produit\/tf-mini\/","title":{"rendered":"TF-MINI"},"content":{"rendered":"<section class=\"wpb-content-wrapper\"><p>[vc_row woodmart_css_id=\u00a0\u00bb6380db64924c3&Prime; responsive_spacing=\u00a0\u00bbeyJwYXJhbV90eXBlIjoid29vZG1hcnRfcmVzcG9uc2l2ZV9zcGFjaW5nIiwic2VsZWN0b3JfaWQiOiI2MzgwZGI2NDkyNGMzIiwic2hvcnRjb2RlIjoidmNfcm93IiwiZGF0YSI6eyJ0YWJsZXQiOnt9LCJtb2JpbGUiOnt9fX0=\u00a0\u00bb mobile_bg_img_hidden=\u00a0\u00bbno\u00a0\u00bb tablet_bg_img_hidden=\u00a0\u00bbno\u00a0\u00bb woodmart_parallax=\u00a0\u00bb0&Prime; woodmart_gradient_switch=\u00a0\u00bbno\u00a0\u00bb woodmart_box_shadow=\u00a0\u00bbno\u00a0\u00bb wd_z_index=\u00a0\u00bbno\u00a0\u00bb woodmart_disable_overflow=\u00a0\u00bb0&Prime; row_reverse_mobile=\u00a0\u00bb0&Prime; row_reverse_tablet=\u00a0\u00bb0&Prime;][vc_column]\n\t\t<div id=\"wd-637e341d284e0\" class=\"wd-accordion wd-wpb wd-rs-637e341d284e0  wd-style-default\" data-state=\"first\">\n\t\t\t\t\t\t\t\n\t\t\t\t\n\t\t\t\t<div class=\"wd-accordion-item\">\n\t\t\t\t\t<div class=\"wd-accordion-title wd-active font-primary wd-fontsize-s text-left wd-opener-pos-left wd-font-weight-600\" data-accordion-index=\"0\">\n\t\t\t\t\t\t<div class=\"wd-accordion-title-text\">\n\t\t\t\t\t\t\t\t\t\t\t\t\t\t<span>\n\t\t\t\t\t\t\t\tDESCRIPTION\t\t\t\t\t\t\t<\/span>\n\t\t\t\t\t\t<\/div>\n\t\t\t\t\t\t<span class=\"wd-accordion-opener wd-opener-style-arrow\"><\/span>\n\t\t\t\t\t<\/div>\n\n\t\t\t\t\t<div class=\"wd-accordion-content reset-last-child wd-active\" data-accordion-index=\"0\">\n\t\t\t\t\t\t\t\t\t\t\t\t\t\n<div class=\"container\">\n<div class=\"row flex-column-reverse flex-lg-row\">\n<div class=\"col-md-6 col-ms-12 \">\n<blockquote><p>\nIl est temps de se d\u00e9barrasser des appareils complexes et lourds et de passer aux nouvelles technologies de d\u00e9tection, montre-bracelet d\u00e9tecteur de m\u00e9taux pr\u00e9cieux TF MINI avec nano technologie int\u00e9gr\u00e9e, pour atteindre votre tr\u00e9sor et r\u00e9aliser votre r\u00eave.<br \/>\nParce que MWF cherche toujours \u00e0 d\u00e9velopper et \u00e0 fournir un produit distinctif et efficace et se soucie des exigences des explorateurs et des aventuriers qui aiment rechercher des tr\u00e9sors partout dans le monde.<br \/>\nL\u2019appareil TF MINI fonctionne AVEC un syst\u00e8me de d\u00e9tection radar int\u00e9gr\u00e9 pour d\u00e9tecter et rechercher l\u2019ionisation radioactive des m\u00e9taux pr\u00e9cieux enfouis sous terre.\n<\/p><\/blockquote>\n<ul>\n<li aria-level=\"1\">Un petit d\u00e9tecteur de tr\u00e9sor et de m\u00e9tal qui se fixe au poignet comme une montre de luxe<\/li>\n<li aria-level=\"1\">Il a un design confortable et une forme \u00e9pur\u00e9e, et il convient \u00e0 tous les go\u00fbts<\/li>\n<li aria-level=\"1\">Il est si l\u00e9ger que vous ne le sentez pas sur votre poignet<\/li>\n<li aria-level=\"1\">Il n\u2019est pas n\u00e9cessaire de changer constamment les piles car il comprend une batterie rechargeable int\u00e9gr\u00e9e<\/li>\n<li aria-level=\"1\">Tension \u00e0 faible consommation d\u2019\u00e9nergie avec une sensibilit\u00e9 \u00e9lev\u00e9e<\/li>\n<li aria-level=\"1\">Poids l\u00e9ger seulement 90 grammes<\/li>\n<li aria-level=\"1\">R\u00e9ponse rapide et capacit\u00e9s de r\u00e9initialisation et d\u2019\u00e9talonnage en un clic<\/li>\n<li aria-level=\"1\">PointeuraudioLe visuel interactif interagit vers le haut lorsque la cible est approch\u00e9e<\/li>\n<li aria-level=\"1\">Syst\u00e8me de programmation et compatibilit\u00e9 automatique avec tous types de terrains et sols rocheux, montagneux, sablonneux et boueux.<\/li>\n<li aria-level=\"1\">Il a une fonction d\u2019indicateur de niveau de batterie et de chute de tension<\/li>\n<li aria-level=\"1\">Indicateur lumineux interactif, il r\u00e9agit progressivement \u00e0 l\u2019approche ou \u00e0 l\u2019\u00e9loignement du m\u00e9tal<\/li>\n<li aria-level=\"1\">Indicateur de r\u00e9ponse audio et visuel interactif, qui donne une d\u00e9termination pr\u00e9cise de la taille du m\u00e9tal en fonction de la force de sensibilit\u00e9&lt; \/li&gt;<\/li>\n<li aria-level=\"1\">L\u2019autonomie de la batterie en mode d\u2019utilisation est de 8\u00a0heures<\/li>\n<li aria-level=\"1\">Syst\u00e8me avanc\u00e9 et pr\u00e9cis d\u2019envoi et de r\u00e9ception de signaux (HSW), fourni uniquement par MWF, gr\u00e2ce \u00e0 ses processus d\u2019\u00e9tude et de d\u00e9veloppement modernes pour la forme du signal et en le chargeant sur des chemins d\u2019onde tr\u00e8s sensibles.<\/li>\n<li aria-level=\"1\">Cet appareil est compos\u00e9 des meilleurs plastiques, composants et circuits \u00e9lectroniques aux normes internationales.<\/li>\n<li aria-level=\"1\">Pr\u00e9cision et haute qualit\u00e9 dans la fabrication et les performances.<\/li>\n<\/ul>\n<\/div>\n<div class=\"col-md-6 col-ms-12\">\n<div class=\"tab-image\"><img decoding=\"async\" src=\"https:\/\/mwf-morocco.com\/wp-content\/uploads\/2022\/12\/big-main-image.jpg\" \/><\/div>\n<\/div>\n<\/div>\n<\/div>\n\t\t\t\t\t\t\t\t\t\t\t<\/div>\n\t\t\t\t<\/div>\n\t\t\t\t\t\t\t\n\t\t\t\t\n\t\t\t\t<div class=\"wd-accordion-item\">\n\t\t\t\t\t<div class=\"wd-accordion-title font-primary wd-fontsize-s text-left wd-opener-pos-left wd-font-weight-600\" data-accordion-index=\"1\">\n\t\t\t\t\t\t<div class=\"wd-accordion-title-text\">\n\t\t\t\t\t\t\t\t\t\t\t\t\t\t<span>\n\t\t\t\t\t\t\t\tSYST\u00c8MES DE D\u00c9TECTION\t\t\t\t\t\t\t<\/span>\n\t\t\t\t\t\t<\/div>\n\t\t\t\t\t\t<span class=\"wd-accordion-opener wd-opener-style-arrow\"><\/span>\n\t\t\t\t\t<\/div>\n\n\t\t\t\t\t<div class=\"wd-accordion-content reset-last-child\" data-accordion-index=\"1\">\n\t\t\t\t\t\t\t\t\t\t\t\t\t\n<div class=\"container\">\n<div class=\"row\">\n<div class=\"col-md-12 col-ms-12\">\n<ul>\n<li aria-level=\"1\">La petite taille de l\u2019appareil permet d\u2019acc\u00e9der \u00e0 des lieux de recherche inaccessibles via un autre appareil<\/li>\n<li aria-level=\"1\">D\u00e9tection de m\u00e9taux pr\u00e9cieux, enfouis dans le sol<\/li>\n<li aria-level=\"1\">D\u00e9couvrez des tr\u00e9sors cach\u00e9s \u00e0 diff\u00e9rents endroits<\/li>\n<li aria-level=\"1\">D\u00e9tection en conduisant une moto ou un v\u00e9lo<\/li>\n<li aria-level=\"1\">Vous pouvez vous d\u00e9placer et voyager avec elle o\u00f9 vous voulez<\/li>\n<li aria-level=\"1\">D\u00e9barrassez-vous des appareils complexes et lourds<\/li>\n<\/ul>\n<\/div>\n<div class=\"col-md-6 col-ms-12 mb-3\">\n<div class=\"tab-image\"><img decoding=\"async\" src=\"https:\/\/mwf-morocco.com\/wp-content\/uploads\/2022\/12\/2.jpg\" alt=\"\" \/><\/div>\n<\/div>\n<div class=\"col-md-6 col-ms-12 mb-3\">\n<div class=\"tab-image\"><img decoding=\"async\" src=\"https:\/\/mwf-morocco.com\/wp-content\/uploads\/2022\/12\/5.jpg\" alt=\"\" \/><\/div>\n<\/div>\n<\/div>\n<\/div>\n\t\t\t\t\t\t\t\t\t\t\t<\/div>\n\t\t\t\t<\/div>\n\t\t\t\t\t\t\t\n\t\t\t\t\n\t\t\t\t<div class=\"wd-accordion-item\">\n\t\t\t\t\t<div class=\"wd-accordion-title font-primary wd-fontsize-s text-left wd-opener-pos-left wd-font-weight-600\" data-accordion-index=\"2\">\n\t\t\t\t\t\t<div class=\"wd-accordion-title-text\">\n\t\t\t\t\t\t\t\t\t\t\t\t\t\t<span>\n\t\t\t\t\t\t\t\tDetection range\t\t\t\t\t\t\t<\/span>\n\t\t\t\t\t\t<\/div>\n\t\t\t\t\t\t<span class=\"wd-accordion-opener wd-opener-style-arrow\"><\/span>\n\t\t\t\t\t<\/div>\n\n\t\t\t\t\t<div class=\"wd-accordion-content reset-last-child\" data-accordion-index=\"2\">\n\t\t\t\t\t\t\t\t\t\t\t\t\t\n<div class=\"container\">\n<table>\n<tbody>\n<tr>\n<td><b>syst\u00e8me de d\u00e9tection\u00a0:<\/b><\/td>\n<td>Syst\u00e8me de recherche radar int\u00e9gr\u00e9 ionique<\/td>\n<\/tr>\n<tr>\n<td><b>Principe de d\u00e9tection\u00a0:<\/b><\/td>\n<td>Niveaux de traitement et signaux d\u2019ionisation radioactive pour d\u00e9tecter les m\u00e9taux pr\u00e9cieux enfouis<\/td>\n<\/tr>\n<tr>\n<td><b>Processeur d\u2019op\u00e9ration\u00a0:<\/b><\/td>\n<td>MICROCONTROLEUR PIC18 &amp; ARM\u00a07<\/td>\n<\/tr>\n<tr>\n<td><b>Fr\u00e9quence de fonctionnement<\/b><\/td>\n<td>50\u00a0MHz<\/td>\n<\/tr>\n<tr>\n<td><b>Type d\u2019alarme\u00a0:<\/b><\/td>\n<td>Alarme lumineuse et sonore interactive<\/td>\n<\/tr>\n<tr>\n<td><b>\u00c9nergie\u00a0:<\/b><\/td>\n<td>Deux cellules lithium-ion, 7,4\u00a0volts, 400\u00a0mAh.<\/td>\n<\/tr>\n<tr>\n<td><b>Consommation d\u2019\u00e9nergie\u00a0:<\/b><\/td>\n<td>La consommation maximale est de 200\u00a0mAh<\/td>\n<\/tr>\n<tr>\n<td><b>Heures de fonctionnement de la batterie\u00a0:<\/b><\/td>\n<td>8\u00a0heures de travail r\u00e9el<\/td>\n<\/tr>\n<tr>\n<td><b>chargeur\u00a0:<\/b><\/td>\n<td>9V 1A \/ Temps de charge : 30 minutes<\/td>\n<\/tr>\n<tr>\n<td><b>Sp\u00e9cialis\u00e9 dans la d\u00e9tection\u00a0:<\/b><\/td>\n<td>M\u00e9taux pr\u00e9cieux enfouis<\/td>\n<\/tr>\n<tr>\n<td><b>Profondeur de la recherche\u00a0:<\/b><\/td>\n<td>5 m\u00e8tres<\/td>\n<\/tr>\n<tr>\n<td><b>Distance de recherche\u00a0:<\/b><\/td>\n<td>20 m\u00e8tres<\/td>\n<\/tr>\n<tr>\n<td><b>Temp\u00e9rature de fonctionnement\u00a0:<\/b><\/td>\n<td>de -15\u00b0C \u00b0C \u00e0 55 \u00b0C \u00b0C<\/td>\n<\/tr>\n<tr>\n<td><b>Temp\u00e9rature de stockage\u00a0:<\/b><\/td>\n<td>de \u2013 15\u00b0C \u00b0C \u00e0 50 \u00b0C \u00b0C<\/td>\n<\/tr>\n<tr>\n<td><b>Humidit\u00e9\u00a0:<\/b><\/td>\n<td>Il peut \u00eatre stock\u00e9 et utilis\u00e9 \u00e0 un niveau d\u2019humidit\u00e9 de 90\u00a0degr\u00e9s\u00a0%<\/td>\n<\/tr>\n<tr>\n<td><b>poids\u00a0:<\/b><\/td>\n<td>Compos\u00e9\u00a0: 90\u00a0g \u2013 en sachet\u00a0: 400\u00a0g<\/td>\n<\/tr>\n<tr>\n<td><b>Dimensions\u00a0:<\/b><\/td>\n<td>4,8 x 7,8 x 2,6 cm<\/td>\n<\/tr>\n<\/tbody>\n<\/table>\n<\/div>\n\t\t\t\t\t\t\t\t\t\t\t<\/div>\n\t\t\t\t<\/div>\n\t\t\t\t\t\t\t\n\t\t\t\t\n\t\t\t\t<div class=\"wd-accordion-item\">\n\t\t\t\t\t<div class=\"wd-accordion-title font-primary wd-fontsize-s text-left wd-opener-pos-left wd-font-weight-600\" data-accordion-index=\"3\">\n\t\t\t\t\t\t<div class=\"wd-accordion-title-text\">\n\t\t\t\t\t\t\t\t\t\t\t\t\t\t<span>\n\t\t\t\t\t\t\t\tACCESSOIRES\t\t\t\t\t\t\t<\/span>\n\t\t\t\t\t\t<\/div>\n\t\t\t\t\t\t<span class=\"wd-accordion-opener wd-opener-style-arrow\"><\/span>\n\t\t\t\t\t<\/div>\n\n\t\t\t\t\t<div class=\"wd-accordion-content reset-last-child\" data-accordion-index=\"3\">\n\t\t\t\t\t\t\t\t\t\t\t\t\t\n<div class=\"container\">\n<p><strong>Parts &amp; Accessories:<\/strong><\/p>\n<ul>\n<li aria-level=\"1\">main unit<\/li>\n<li aria-level=\"1\">radar antenna<\/li>\n<li aria-level=\"1\">wrist strap<\/li>\n<li aria-level=\"1\">Charger<\/li>\n<li aria-level=\"1\">User\u2019s Manual<\/li>\n<li aria-level=\"1\">Warranty card<\/li>\n<\/ul>\n<div class=\"row\">\n<div class=\"col-sm \">\n<p><img decoding=\"async\" loading=\"lazy\" class=\"tab-image mt-5\" src=\"https:\/\/mwf-morocco.com\/wp-content\/uploads\/2022\/12\/main-unit.jpg\" width=\"497\" height=\"696\" \/><\/p>\n<div class=\"accessories-title text-center \">\n<h5>Unit\u00e9 principale<\/h5>\n<\/div>\n<\/div>\n<div class=\"col-sm \">\n<p><img decoding=\"async\" loading=\"lazy\" class=\"tab-image mt-5\" src=\"https:\/\/mwf-morocco.com\/wp-content\/uploads\/2022\/12\/8.jpg\" width=\"497\" height=\"696\" \/><\/p>\n<div class=\"accessories-title text-center \">\n<h5>Antenne \u00e9metteur-r\u00e9cepteur<\/h5>\n<\/div>\n<\/div>\n<div class=\"col-sm \">\n<p><img decoding=\"async\" loading=\"lazy\" class=\"tab-image mt-5\" src=\"https:\/\/mwf-morocco.com\/wp-content\/uploads\/2022\/12\/6.jpg\" width=\"497\" height=\"696\" \/><\/p>\n<div class=\"accessories-title text-center \">\n<h5>Sangle de bras<\/h5>\n<\/div>\n<\/div>\n<div class=\"col-sm \">\n<p><img decoding=\"async\" loading=\"lazy\" class=\"tab-image mt-5\" src=\"https:\/\/mwf-morocco.com\/wp-content\/uploads\/2022\/12\/7.jpg\" width=\"497\" height=\"696\" \/><\/p>\n<div class=\"accessories-title text-center \">\n<h5>Charge<\/h5>\n<\/div>\n<\/div>\n<\/div>\n<\/div>\n\t\t\t\t\t\t\t\t\t\t\t<\/div>\n\t\t\t\t<\/div>\n\t\t\t\t\t\t\t\n\t\t\t\t\n\t\t\t\t<div class=\"wd-accordion-item\">\n\t\t\t\t\t<div class=\"wd-accordion-title font-primary wd-fontsize-s text-left wd-opener-pos-left wd-font-weight-600\" data-accordion-index=\"4\">\n\t\t\t\t\t\t<div class=\"wd-accordion-title-text\">\n\t\t\t\t\t\t\t\t\t\t\t\t\t\t<span>\n\t\t\t\t\t\t\t\tMANUEL DE L&#039;UTILISATEUR\t\t\t\t\t\t\t<\/span>\n\t\t\t\t\t\t<\/div>\n\t\t\t\t\t\t<span class=\"wd-accordion-opener wd-opener-style-arrow\"><\/span>\n\t\t\t\t\t<\/div>\n\n\t\t\t\t\t<div class=\"wd-accordion-content reset-last-child\" data-accordion-index=\"4\">\n\t\t\t\t\t\t\t\t\t\t\t\t\t\n<div class=\"container\">\n<div class=\"col-md-12 col-ms-12 user-text\">\n<div class=\"col-md-12 col-ms-12 user-text\">Pour lire ou t\u00e9l\u00e9charger le livre, cliquez<span style=\"color: #0000ff;\">\u00a0<a style=\"color: #0000ff;\" href=\"https:\/\/mwf-metaldetectors.com\/user-manual\/tfmini.pdf\" target=\"_blank\" rel=\"noopener\">here<\/a><\/span><\/div>\n<div class=\"col-md-12 col-ms-12 text-center user-img\">\n<div class=\"my-3\"><a href=\"https:\/\/mwf-metaldetectors.com\/user-manual\/tfmini.pdf\" target=\"_blank\" rel=\"noopener\"><br \/>\n<img decoding=\"async\" class=\"tab-image\" src=\"https:\/\/mwf-metaldetectors.com\/wp-content\/uploads\/2022\/12\/1200Asset-1-100.jpg\" alt=\"\" \/><\/a><\/div>\n<\/div>\n<\/div>\n<div class=\"col-md-12 col-ms-12 text-center user-img\">\n<div class=\"my-3\"><\/div>\n<\/div>\n\t\t\t\t\t\t\t\t\t\t\t<\/div>\n\t\t\t\t<\/div>\n\t\t\t\t\t\t\t\t\t\t\t\t\t\t<\/div>\n\n\t\t[\/vc_column][\/vc_row]<\/p>\n<\/div>\n<\/section>","protected":false},"excerpt":{"rendered":"<p>[vc_row woodmart_css_id=\u00a0\u00bb6380db64924c3&Prime; responsive_spacing=\u00a0\u00bbeyJwYXJhbV90eXBlIjoid29vZG1hcnRfcmVzcG9uc2l2ZV9zcGFjaW5nIiwic2VsZWN0b3JfaWQiOiI2MzgwZGI2NDkyNGMzIiwic2hvcnRjb2RlIjoidmNfcm93IiwiZGF0YSI6eyJ0YWJsZXQiOnt9LCJtb2JpbGUiOnt9fX0=\u00a0\u00bb mobile_bg_img_hidden=\u00a0\u00bbno\u00a0\u00bb tablet_bg_img_hidden=\u00a0\u00bbno\u00a0\u00bb woodmart_parallax=\u00a0\u00bb0&Prime; woodmart_gradient_switch=\u00a0\u00bbno\u00a0\u00bb woodmart_box_shadow=\u00a0\u00bbno\u00a0\u00bb wd_z_index=\u00a0\u00bbno\u00a0\u00bb woodmart_disable_overflow=\u00a0\u00bb0&Prime; row_reverse_mobile=\u00a0\u00bb0&Prime; row_reverse_tablet=\u00a0\u00bb0&Prime;][vc_column][\/vc_column][\/vc_row]<\/p>\n","protected":false},"featured_media":11163,"comment_status":"open","ping_status":"closed","template":"","meta":[],"product_cat":[147,181],"product_tag":[280,281],"_links":{"self":[{"href":"https:\/\/mwf-morocco.com\/fr\/wp-json\/wp\/v3\/product\/10690"}],"collection":[{"href":"https:\/\/mwf-morocco.com\/fr\/wp-json\/wp\/v3\/product"}],"about":[{"href":"https:\/\/mwf-morocco.com\/fr\/wp-json\/wp\/v2\/types\/product"}],"replies":[{"embeddable":true,"href":"https:\/\/mwf-morocco.com\/fr\/wp-json\/wp\/v2\/comments?post=10690"}],"wp:featuredmedia":[{"embeddable":true,"href":"https:\/\/mwf-morocco.com\/fr\/wp-json\/wp\/v2\/media\/11163"}],"wp:attachment":[{"href":"https:\/\/mwf-morocco.com\/fr\/wp-json\/wp\/v2\/media?parent=10690"}],"wp:term":[{"taxonomy":"product_cat","embeddable":true,"href":"https:\/\/mwf-morocco.com\/fr\/wp-json\/wp\/v2\/product_cat?post=10690"},{"taxonomy":"product_tag","embeddable":true,"href":"https:\/\/mwf-morocco.com\/fr\/wp-json\/wp\/v2\/product_tag?post=10690"}],"curies":[{"name":"wp","href":"https:\/\/api.w.org\/{rel}","templated":true}]}}